{"id":4962,"date":"2025-07-14T10:53:33","date_gmt":"2025-07-14T07:53:33","guid":{"rendered":"https:\/\/jnats.eu\/?post_type=product&#038;p=4962"},"modified":"2025-07-25T01:47:01","modified_gmt":"2025-07-24T22:47:01","slug":"ohira-shiro-suita","status":"publish","type":"product","link":"https:\/\/jnats.eu\/es\/producto-2\/ohira-shiro-suita\/","title":{"rendered":"Suite Ohira Shiro"},"content":{"rendered":"<p><strong>Suite Ohira Shiro<\/strong> - una de las piedras de afilar naturales m\u00e1s codiciadas de Jap\u00f3n, extra\u00edda en la legendaria <strong>Mina Ohira<\/strong> Prefectura de Kioto, Jap\u00f3n. Esta piedra se caracteriza por su estructura abrasiva ultrafina y homog\u00e9nea, su tacto de afilado suave y cremoso y su capacidad para producir un corte muy afilado y limpio.<\/p>\n\n\n\n<figure class=\"wp-block-embed is-type-video is-provider-youtube wp-block-embed-youtube wp-embed-aspect-16-9 wp-has-aspect-ratio\"><div class=\"wp-block-embed__wrapper\">\n<div class=\"video-container\"><iframe title=\"Ohira Shiro Suita Prueba del cuchillo Yakut - SH15 Acero al carbono\" width=\"1170\" height=\"658\" src=\"https:\/\/www.youtube.com\/embed\/mrDqF5Y2Qvo?feature=oembed\" frameborder=\"0\" allow=\"accelerometer; autoplay; clipboard-write; encrypted-media; gyroscope; picture-in-picture; web-share\" referrerpolicy=\"strict-origin-when-cross-origin\" allowfullscreen><\/iframe><\/div>\n<\/div><\/figure>\n\n\n\n<p>La palabra del t\u00edtulo <strong>\"Shiro\" (\u767d)<\/strong> significa <em>Blanco<\/em>indicando un tono m\u00e1s claro de la piedra principal, y <strong>\"Suite\"<\/strong> describe un tipo de estructura de piedra natural estratificada con l\u00edneas finas (<em>suji<\/em>), que no interfieren en el trabajo y suelen considerarse seguros.<\/p>\n\n\n\n<hr class=\"wp-block-separator has-alpha-channel-opacity\"\/>\n\n\n\n<h3 class=\"wp-block-heading\">\ud83d\udccc <strong>Caracter\u00edsticas principales:<\/strong><\/h3>\n\n\n\n<ul class=\"wp-block-list\">\n<li>\u2705 <strong>Origen:<\/strong> Mina Ohira, Kioto, Jap\u00f3n<\/li>\n\n\n\n<li>\u2705 <strong>Tipo de piedra:<\/strong> La piedra de afilar natural final (<em>Env\u00edo a<\/em>)<\/li>\n\n\n\n<li>\u2705 <strong>Rugosidad:<\/strong> Aproximadamente 8 000-12 000 (puede variar ligeramente seg\u00fan la piedra)<\/li>\n\n\n\n<li>\u2705 <strong>Sentido del trabajo:<\/strong> Suave, delicado, cremoso, excelente respuesta<\/li>\n\n\n\n<li>\u2705 <strong>Resultado del afilado:<\/strong> Superficie semiespejada con un sutil efecto \"dentado\", ideal para cuchillos de cocina, cuchillas de afeitar, cinceles, herramientas para tallar madera<\/li>\n\n\n\n<li>\u2705 <strong>Perfecto tanto con aceros inoxidables como con aceros con alto contenido en carbono (Azul #1, #2, Blanco #1, #2, SH15, etc.)<\/strong><\/li>\n<\/ul>\n\n\n\n<hr class=\"wp-block-separator has-alpha-channel-opacity\"\/>\n\n\n\n<h2 class=\"wp-block-heading\">\ud83e\udea8 <strong>Acerca de la mina de Ohira<\/strong><\/h2>\n\n\n\n<p><strong>Mina Ohira<\/strong> - Uno de los yacimientos mineros de piedra de afilar natural m\u00e1s famosos de Jap\u00f3n. Est\u00e1 situado en las colinas de la prefectura de Kioto, cerca de las cordilleras de H\u014dzukawa y Atago, donde se extraen piedras de la mejor calidad desde el periodo Edo (siglo XVII). <em>Awasedo<\/em> piedras.<\/p>\n\n\n\n<p>Las condiciones geol\u00f3gicas de esta regi\u00f3n -en particular las finas capas sedimentarias de cuarcita, s\u00edlice y \u00f3xidos de hierro- han producido algunas de las piedras m\u00e1s limpias, homog\u00e9neas y de mayor calidad de Jap\u00f3n. Ohira es especialmente famosa por sus <strong>Traje Shiro<\/strong>, <strong>Asagi<\/strong>, <strong>tom\u00e1s<\/strong> piedras apreciadas tanto por los afiladores profesionales de cuchillos japoneses como por los maestros de las navajas de afeitar.<\/p>\n\n\n\n<p>Algunas zonas de la mina de Ohira est\u00e1n actualmente cerradas, por lo que los buenos ejemplares antiguos son muy apreciados por coleccionistas y profesionales.<\/p>\n\n\n\n<hr class=\"wp-block-separator has-alpha-channel-opacity\"\/>\n\n\n\n<h3 class=\"wp-block-heading\">\ud83c\udfaf <strong>Uso recomendado:<\/strong><\/h3>\n\n\n\n<ul class=\"wp-block-list\">\n<li>Para afiladores de cuchillos profesionales<\/li>\n\n\n\n<li>Para el mantenimiento de afeitadoras y maquinillas<\/li>\n\n\n\n<li>Para coleccionistas que buscan piedra japonesa de acabado natural de primera calidad<\/li>\n\n\n\n<li>Para cuchillos de cocina que requieren un corte afilado, pero delicadamente grueso y sin micropuntos<\/li>\n<\/ul>","protected":false},"excerpt":{"rendered":"<ul>\n<li>Adecuado para el acabado de ratones, cinceles, tijeras y otras herramientas. Preacabado para navajas.<\/li>\n<li>Suite limpia sin \"l\u00edneas t\u00f3xicas\" perceptibles<\/li>\n<li>Dureza: Nivel 4,5<\/li>\n<li>Dimensiones aproximadas: 198x69x26 mm<\/li>\n<li>Peso: 880 g.<\/li>\n<\/ul>","protected":false},"featured_media":4966,"comment_status":"open","ping_status":"closed","template":"","meta":[],"product_brand":[],"product_cat":[22],"product_tag":[47,50],"class_list":{"0":"post-4962","1":"product","2":"type-product","3":"status-publish","4":"has-post-thumbnail","6":"product_cat-jnats","7":"product_tag-ohira","8":"product_tag-suita","9":"product_shipping_class-iprastas","11":"first","12":"outofstock","13":"shipping-taxable","14":"purchasable","15":"product-type-simple"},"_links":{"self":[{"href":"https:\/\/jnats.eu\/es\/wp-json\/wp\/v2\/product\/4962","targetHints":{"allow":["GET"]}}],"collection":[{"href":"https:\/\/jnats.eu\/es\/wp-json\/wp\/v2\/product"}],"about":[{"href":"https:\/\/jnats.eu\/es\/wp-json\/wp\/v2\/types\/product"}],"replies":[{"embeddable":true,"href":"https:\/\/jnats.eu\/es\/wp-json\/wp\/v2\/comments?post=4962"}],"wp:featuredmedia":[{"embeddable":true,"href":"https:\/\/jnats.eu\/es\/wp-json\/wp\/v2\/media\/4966"}],"wp:attachment":[{"href":"https:\/\/jnats.eu\/es\/wp-json\/wp\/v2\/media?parent=4962"}],"wp:term":[{"taxonomy":"product_brand","embeddable":true,"href":"https:\/\/jnats.eu\/es\/wp-json\/wp\/v2\/product_brand?post=4962"},{"taxonomy":"product_cat","embeddable":true,"href":"https:\/\/jnats.eu\/es\/wp-json\/wp\/v2\/product_cat?post=4962"},{"taxonomy":"product_tag","embeddable":true,"href":"https:\/\/jnats.eu\/es\/wp-json\/wp\/v2\/product_tag?post=4962"}],"curies":[{"name":"wp","href":"https:\/\/api.w.org\/{rel}","templated":true}]}}