{"id":499,"date":"2024-03-07T11:05:59","date_gmt":"2024-03-07T09:05:59","guid":{"rendered":"http:\/\/jnats.eu\/?post_type=product&#038;p=499"},"modified":"2024-04-09T09:23:42","modified_gmt":"2024-04-09T06:23:42","slug":"juego-de-maquinilla-de-afeitar-vintage-joseph-rogers-sons-de-7-dias","status":"publish","type":"product","link":"https:\/\/jnats.eu\/es\/producto-2\/juego-de-maquinilla-de-afeitar-vintage-joseph-rogers-sons-de-7-dias\/","title":{"rendered":"Set de 7 d\u00edas de maquinillas de afeitar vintage de Joseph Rogers &amp; Sons"},"content":{"rendered":"<p>Joseph Rogers &amp; Sons Cutlers to her Majesty Shefield Vintage Razors Juego de 7 d\u00edas<\/p>\n\n\n\n<figure class=\"wp-block-embed is-type-video is-provider-youtube wp-block-embed-youtube wp-embed-aspect-16-9 wp-has-aspect-ratio\"><div class=\"wp-block-embed__wrapper\">\n<div class=\"video-container\"><iframe title=\"Set de 7 d\u00edas de maquinillas de afeitar vintage de Joseph Rogers &amp; Sons\" width=\"1170\" height=\"658\" src=\"https:\/\/www.youtube.com\/embed\/fMCv4hhV4Ug?feature=oembed\" frameborder=\"0\" allow=\"accelerometer; autoplay; clipboard-write; encrypted-media; gyroscope; picture-in-picture; web-share\" referrerpolicy=\"strict-origin-when-cross-origin\" allowfullscreen><\/iframe><\/div>\n<\/div><\/figure>\n\n\n\n<p>Experimente el ep\u00edtome de la artesan\u00eda brit\u00e1nica y la elegancia real con el juego de maquinillas de afeitar de 7 d\u00edas Joseph Rogers &amp; Sons Vintage Cutlers to Her Majesty Sheffield. Elaborado por respetados artesanos en Sheffield, Inglaterra, este juego es famoso por su rica experiencia en metalurgia de precisi\u00f3n y una herencia de estilo atemporal.<\/p>\n\n\n\n<p>Patrimonio Destacado:<br>Cada navaja de este exclusivo juego est\u00e1 elaborada por los herreros del rey. La marca centenaria encarna la artesan\u00eda y la tradici\u00f3n en cada pieza cuidadosamente elaborada.<\/p>\n\n\n\n<p>Calidad Real:<br>Fabricadas con acero de la mejor calidad, las maquinillas de afeitar de este juego son un testimonio de una calidad superior y un rendimiento duradero. Dise\u00f1ados para un afeitado suave y c\u00f3modo, encarnan la precisi\u00f3n y la atenci\u00f3n al detalle que hacen famosa la artesan\u00eda de Sheffield.<\/p>\n\n\n\n<p>Encanto antiguo:<br>Experimenta el glamour del pasado con el dise\u00f1o vintage de estas maquinillas de afeitar. Desde los ornamentados mangos de marfil hasta las hojas perfectamente pulidas, cada navaja rezuma encanto y sofisticaci\u00f3n del viejo mundo.<\/p>\n\n\n\n<p>Precisi\u00f3n de 7 d\u00edas:<br>Mejore su rutina de cuidado con una c\u00f3moda afeitadora para todos los d\u00edas de la semana. Ya sea que se est\u00e9 preparando para un d\u00eda ajetreado en la oficina o para un fin de semana relajante, este kit le garantiza que siempre tendr\u00e1 a mano la herramienta perfecta.<\/p>\n\n\n\n<p>Presentaci\u00f3n Real:<br>El juego de maquinilla de afeitar de 7 d\u00edas Joseph Rogers &amp; Sons Vintage Cutlers to Her Majesty Shefield, presentado en una lujosa caja, irradia sofisticaci\u00f3n y lujo. Ya sea que se exhiba con orgullo en su tocador o se regale como un regalo preciado, encarna la elegancia atemporal de la artesan\u00eda brit\u00e1nica.<\/p>\n\n\n\n<p>Mejora tu experiencia de afeitado:<br>Sum\u00e9rgete en el lujo de una \u00e9poca pasada con el Royal Razor Set. Estas maquinillas de afeitar no son s\u00f3lo elementos esenciales para el cuidado personal, son un legado de excelencia y distinci\u00f3n, que garantiza que cada afeitado sea un asunto real.<\/p>","protected":false},"excerpt":{"rendered":"<ul>\n<li>Los mangos son de marfil.<\/li>\n<li>No usado (NOS - Nuevo stock antiguo)<\/li>\n<li>Buen estado<\/li>\n<li>Hay signos de corrosi\u00f3n.<\/li>\n<li><strong>Una navaja tiene una divisi\u00f3n grande, dos tienen divisiones menores<\/strong><\/li>\n<\/ul>","protected":false},"featured_media":1064,"comment_status":"open","ping_status":"closed","template":"","meta":[],"product_brand":[],"product_cat":[23],"product_tag":[118,117,116,119],"class_list":{"0":"post-499","1":"product","2":"type-product","3":"status-publish","4":"has-post-thumbnail","6":"product_cat-razors","7":"product_tag-cutlers","8":"product_tag-joseph-rogers-sons","9":"product_tag-majesty","10":"product_tag-shefield","11":"product_shipping_class-light","13":"first","14":"instock","15":"shipping-taxable","16":"purchasable","17":"product-type-simple"},"_links":{"self":[{"href":"https:\/\/jnats.eu\/es\/wp-json\/wp\/v2\/product\/499","targetHints":{"allow":["GET"]}}],"collection":[{"href":"https:\/\/jnats.eu\/es\/wp-json\/wp\/v2\/product"}],"about":[{"href":"https:\/\/jnats.eu\/es\/wp-json\/wp\/v2\/types\/product"}],"replies":[{"embeddable":true,"href":"https:\/\/jnats.eu\/es\/wp-json\/wp\/v2\/comments?post=499"}],"wp:featuredmedia":[{"embeddable":true,"href":"https:\/\/jnats.eu\/es\/wp-json\/wp\/v2\/media\/1064"}],"wp:attachment":[{"href":"https:\/\/jnats.eu\/es\/wp-json\/wp\/v2\/media?parent=499"}],"wp:term":[{"taxonomy":"product_brand","embeddable":true,"href":"https:\/\/jnats.eu\/es\/wp-json\/wp\/v2\/product_brand?post=499"},{"taxonomy":"product_cat","embeddable":true,"href":"https:\/\/jnats.eu\/es\/wp-json\/wp\/v2\/product_cat?post=499"},{"taxonomy":"product_tag","embeddable":true,"href":"https:\/\/jnats.eu\/es\/wp-json\/wp\/v2\/product_tag?post=499"}],"curies":[{"name":"wp","href":"https:\/\/api.w.org\/{rel}","templated":true}]}}