{"id":5132,"date":"2025-08-24T10:02:00","date_gmt":"2025-08-24T07:02:00","guid":{"rendered":"https:\/\/jnats.eu\/?post_type=product&#038;p=5132"},"modified":"2025-10-08T09:20:31","modified_gmt":"2025-10-08T06:20:31","slug":"peilis-nozhemir-h-165k","status":"publish","type":"product","link":"https:\/\/jnats.eu\/es\/producto-2\/peilis-nozhemir-h-165k\/","title":{"rendered":"Cuchillo Nozhemir H-165K"},"content":{"rendered":"<ul class=\"wp-block-list\">\n<li>Las inscripciones est\u00e1n en ruso, pero procede de China.<\/li>\n\n\n\n<li>40\u00d713 acero<\/li>\n\n\n\n<li>Hoja 140x30x3,7 mm Tama\u00f1o de la hoja 0,9.<\/li>\n\n\n\n<li>Mango 120\u00d730 mm. Caucho con textura suave.<\/li>\n\n\n\n<li>Peso 232 g.<\/li>\n\n\n\n<li>Hay una mancha de origen incierto en la punta, pero no est\u00e1 agrandada.<\/li>\n\n\n\n<li>Bolsa de nailon.<\/li>\n\n\n\n<li>Sin usar, s\u00f3lo derrotado por los codos.<\/li>\n<\/ul>\n\n\n\n<figure class=\"wp-block-embed is-type-video is-provider-youtube wp-block-embed-youtube wp-embed-aspect-16-9 wp-has-aspect-ratio\"><div class=\"wp-block-embed__wrapper\">\n<div class=\"video-container\"><iframe title=\"18+ \u00a1Cuchillos malos! S\u00f3lo para adultos\" width=\"1170\" height=\"658\" src=\"https:\/\/www.youtube.com\/embed\/hvFCTt9ZjFU?start=259&#038;feature=oembed\" frameborder=\"0\" allow=\"accelerometer; autoplay; clipboard-write; encrypted-media; gyroscope; picture-in-picture; web-share\" referrerpolicy=\"strict-origin-when-cross-origin\" allowfullscreen><\/iframe><\/div>\n<\/div><\/figure>","protected":false},"excerpt":{"rendered":"<p>Las inscripciones est\u00e1n en ruso, pero procede de China. Acero 40\u00d713 Hoja 140x30x3,7 mm Plomo 0,9. Mango 120\u00d730 mm. Caucho con textura suave. Peso 232 g. La punta tiene una mancha de origen desconocido, pero no se extiende. Funda de nylon. Sin usar, s\u00f3lo reafilada con codos.<\/p>","protected":false},"featured_media":5133,"comment_status":"open","ping_status":"closed","template":"","meta":[],"product_brand":[],"product_cat":[24],"product_tag":[76],"class_list":{"0":"post-5132","1":"product","2":"type-product","3":"status-publish","4":"has-post-thumbnail","6":"product_cat-knifes","7":"product_tag-peilis","8":"product_shipping_class-light","10":"first","11":"instock","12":"shipping-taxable","13":"purchasable","14":"product-type-simple"},"_links":{"self":[{"href":"https:\/\/jnats.eu\/es\/wp-json\/wp\/v2\/product\/5132","targetHints":{"allow":["GET"]}}],"collection":[{"href":"https:\/\/jnats.eu\/es\/wp-json\/wp\/v2\/product"}],"about":[{"href":"https:\/\/jnats.eu\/es\/wp-json\/wp\/v2\/types\/product"}],"replies":[{"embeddable":true,"href":"https:\/\/jnats.eu\/es\/wp-json\/wp\/v2\/comments?post=5132"}],"wp:featuredmedia":[{"embeddable":true,"href":"https:\/\/jnats.eu\/es\/wp-json\/wp\/v2\/media\/5133"}],"wp:attachment":[{"href":"https:\/\/jnats.eu\/es\/wp-json\/wp\/v2\/media?parent=5132"}],"wp:term":[{"taxonomy":"product_brand","embeddable":true,"href":"https:\/\/jnats.eu\/es\/wp-json\/wp\/v2\/product_brand?post=5132"},{"taxonomy":"product_cat","embeddable":true,"href":"https:\/\/jnats.eu\/es\/wp-json\/wp\/v2\/product_cat?post=5132"},{"taxonomy":"product_tag","embeddable":true,"href":"https:\/\/jnats.eu\/es\/wp-json\/wp\/v2\/product_tag?post=5132"}],"curies":[{"name":"wp","href":"https:\/\/api.w.org\/{rel}","templated":true}]}}