{"id":5159,"date":"2025-08-26T15:10:01","date_gmt":"2025-08-26T12:10:01","guid":{"rendered":"https:\/\/jnats.eu\/?post_type=product&#038;p=5159"},"modified":"2025-10-20T17:52:29","modified_gmt":"2025-10-20T14:52:29","slug":"iwasaki-kamisori-swedish-steel-naudotas","status":"publish","type":"product","link":"https:\/\/jnats.eu\/es\/producto-2\/iwasaki-kamisori-swedish-steel-naudotas\/","title":{"rendered":"Iwasaki kamisori Acero Sueco (Usado, Afilado)"},"content":{"rendered":"<figure class=\"wp-block-embed is-type-video is-provider-youtube wp-block-embed-youtube wp-embed-aspect-16-9 wp-has-aspect-ratio\"><div class=\"wp-block-embed__wrapper\">\n<div class=\"video-container\"><iframe title=\"Afilado del ic\u00f3nico Iwasaki Kamisori con una piedra de afilar Nakayama\" width=\"1170\" height=\"658\" src=\"https:\/\/www.youtube.com\/embed\/TnGyRyTGinA?start=1049&#038;feature=oembed\" frameborder=\"0\" allow=\"accelerometer; autoplay; clipboard-write; encrypted-media; gyroscope; picture-in-picture; web-share\" referrerpolicy=\"strict-origin-when-cross-origin\" allowfullscreen><\/iframe><\/div>\n<\/div><\/figure>\n\n\n\n<p>La Iwasaki es una de las m\u00e1s apreciadas entre los coleccionistas y los aficionados al afeitado tradicional por la calidad de su acero templado y su elaboraci\u00f3n. La maquinilla se fabric\u00f3 en el periodo Showa, alrededor de la d\u00e9cada de 1950. <\/p>\n\n\n\n<p>Como una espada samurai tradicional, este Kamisori se forj\u00f3 a mano a partir de 2 capas, la parte cortante es de acero rico en carbono y el fulcro es de un acero inoxidable m\u00e1s sencillo. La capa intermedia es dura para un afilado duradero y un afeitado agradable, mientras que la parte posterior proporciona la flexibilidad necesaria.<\/p>\n\n\n\n<p>Ambas capas son buenas para resistir la corrosi\u00f3n, pero ning\u00fan acero es completamente inoxidable, as\u00ed que mant\u00e9n siempre tu navaja seca y prot\u00e9gela con una fina capa de aceite despu\u00e9s del afeitado.<\/p>","protected":false},"excerpt":{"rendered":"<ul>\n<li>Material de la hoja: acero sueco forjado templado a una dureza relativa de 63 HRC, por lo que mantiene su filo durante mucho tiempo.<\/li>\n<li>Afilada con Nakayama Kiita + Kanayama strop<\/li>\n<li>Dimensiones de la hoja aprox.: 46x17x4,5 mm<\/li>\n<li>El otro lado de la maquinilla de afeitar toscamente mecanizada por un aficionado<\/li>\n<li>Material del mango: acero forjado<\/li>\n<li>Longitud total: 151 mm<\/li>\n<li>Peso 35 g<\/li>\n<li>Origen: Jap\u00f3n<\/li>\n<\/ul>","protected":false},"featured_media":5163,"comment_status":"open","ping_status":"closed","template":"","meta":[],"product_brand":[],"product_cat":[23],"product_tag":[130],"class_list":{"0":"post-5159","1":"product","2":"type-product","3":"status-publish","4":"has-post-thumbnail","6":"product_cat-razors","7":"product_tag-iwasaki","8":"product_shipping_class-light","10":"first","11":"outofstock","12":"shipping-taxable","13":"purchasable","14":"product-type-simple"},"_links":{"self":[{"href":"https:\/\/jnats.eu\/es\/wp-json\/wp\/v2\/product\/5159","targetHints":{"allow":["GET"]}}],"collection":[{"href":"https:\/\/jnats.eu\/es\/wp-json\/wp\/v2\/product"}],"about":[{"href":"https:\/\/jnats.eu\/es\/wp-json\/wp\/v2\/types\/product"}],"replies":[{"embeddable":true,"href":"https:\/\/jnats.eu\/es\/wp-json\/wp\/v2\/comments?post=5159"}],"wp:featuredmedia":[{"embeddable":true,"href":"https:\/\/jnats.eu\/es\/wp-json\/wp\/v2\/media\/5163"}],"wp:attachment":[{"href":"https:\/\/jnats.eu\/es\/wp-json\/wp\/v2\/media?parent=5159"}],"wp:term":[{"taxonomy":"product_brand","embeddable":true,"href":"https:\/\/jnats.eu\/es\/wp-json\/wp\/v2\/product_brand?post=5159"},{"taxonomy":"product_cat","embeddable":true,"href":"https:\/\/jnats.eu\/es\/wp-json\/wp\/v2\/product_cat?post=5159"},{"taxonomy":"product_tag","embeddable":true,"href":"https:\/\/jnats.eu\/es\/wp-json\/wp\/v2\/product_tag?post=5159"}],"curies":[{"name":"wp","href":"https:\/\/api.w.org\/{rel}","templated":true}]}}