{"id":5204,"date":"2025-09-12T11:07:37","date_gmt":"2025-09-12T08:07:37","guid":{"rendered":"https:\/\/jnats.eu\/?post_type=product&#038;p=5204"},"modified":"2025-09-16T13:13:04","modified_gmt":"2025-09-16T10:13:04","slug":"peiliu-rinkinys-suncraft-elegancia-3-vnt-sefo-peilis-20-cm-universalus-peilis-15-cm-universalus-peilis-10-cm-ksk-set3","status":"publish","type":"product","link":"https:\/\/jnats.eu\/es\/producto-2\/peiliu-rinkinys-suncraft-elegancia-3-vnt-sefo-peilis-20-cm-universalus-peilis-15-cm-universalus-peilis-10-cm-ksk-set3\/","title":{"rendered":"Juego de cuchillos Suncraft Elegancia, 3 piezas, Cuchillo de cocinero 20 cm + Cuchillo multiusos 15 cm, Cuchillo multiusos 10 cm, KSK-SET3"},"content":{"rendered":"<p><strong>KSK-SET3 Juego de cuchillos Suncraft Elegancia, 3 piezas, Cuchillo de cocinero 20 cm, Cuchillo multiusos 15 cm, Cuchillo multiusos 10 cm, KSK-SET3, acero en polvo SG2<\/strong><\/p>\n\n\n\n<p>Este cuchillo de acero\u00a0<strong>\"Elegancia\"<\/strong>\u00a0El set es el regalo perfecto para alguien a quien le encante cocinar. El arte japon\u00e9s, la calidad impecable y la elegancia impresionar\u00e1n hasta al chef m\u00e1s exigente.<\/p>\n\n\n\n<p><strong>El juego incluye:<\/strong><\/p>\n\n\n\n<p>- Cuchillo de cocinero \"Elegancia Chef\", 20 cm.<\/p>\n\n\n\n<p>- Navaja multiusos \"Elegancia Petty\", 15 cm.<\/p>\n\n\n\n<p>- Cuchillo multiusos \"Elegancia Paring\", 10 cm.<\/p>\n\n\n\n<p>Cuchillos japoneses robustos, muy afilados y pesados&nbsp;<strong>Suncraft \"Elegancia<\/strong>&nbsp;Fabricados en acero japon\u00e9s SG2 con recubrimiento de polvo, con un dise\u00f1o llamativo y de primera calidad. Las puntas y los filos de los cuchillos est\u00e1n afilados hasta la punta, lo que confiere a estos cuchillos versatilidad y potencia de corte. El mango es de madera dura, impermeable y totalmente inodoro. Puede estar absolutamente seguro de que el mango de madera dura no se oxidar\u00e1 ni reblandecer\u00e1 y no necesita los cuidados adicionales que requiere la madera ordinaria.<\/p>\n\n\n\n<p>- Cuchillo de cocinero&nbsp;<strong>\"Elegancia Chef\"<\/strong>&nbsp;Su dise\u00f1o curvado la hace ideal no s\u00f3lo para cortar carne, sino tambi\u00e9n para picar hierbas, verduras o incluso frutos secos. La larga hoja y el mango de estilo occidental le proporcionan un control total a la hora de cortar. El arte japon\u00e9s, la precisi\u00f3n y las nuevas tecnolog\u00edas hacen que este cuchillo sea \u00fanico e inimitable.<\/p>\n\n\n\n<p>- Cortar o limpiar carne, fruta o verdura con el cuchillo japon\u00e9s universal&nbsp;<strong>\"Elegancia Petty\"<\/strong>&nbsp;ser\u00e1 una broma.<\/p>\n\n\n\n<p>- \"<strong>Paring Elegance\" (Parear la elegancia)&nbsp;<\/strong>es una gran alternativa al cuchillo de chef. El cuchillo es peque\u00f1o pero perfecto para picar verduras peque\u00f1as, pelar fruta o incluso cortar carne, y los bordes curvados del cuchillo garantizan un deslizamiento impecable.<\/p>\n\n\n\n<p><strong>Caracter\u00edsticas de los cuchillos de acero en polvo Suncraft Elegancia:<\/strong><\/p>\n\n\n\n<p>- Fabricado en acero inoxidable con recubrimiento de polvo japon\u00e9s SG2;<\/p>\n\n\n\n<p>- Dureza del n\u00facleo - R63 +\/- 1;<\/p>\n\n\n\n<p>- Dimensiones (cuchillo de cocinero): longitud de la hoja - 20 cm, longitud total - 34 cm.<\/p>\n\n\n\n<p>- Dimensiones (navaja multiusos): longitud de la hoja 15 cm, longitud total 26 cm.<\/p>\n\n\n\n<p>- Dimensiones (cuchillo de cocina): longitud de la hoja - 10 cm.<\/p>\n\n\n\n<p>- Peso (cuchillo de cocinero): 197 g.<\/p>\n\n\n\n<p>- Peso (cuchillo universal): 104 g.<\/p>\n\n\n\n<p>- Fabricado en Jap\u00f3n.<\/p>\n\n\n\n<p>- No apto para lavavajillas.<\/p>","protected":false},"excerpt":{"rendered":"<p>El juego incluye:<\/p>\n<p>- Cuchillo de cocinero \"Elegancia Chef\", 20 cm.<\/p>\n<p>- Navaja multiusos \"Elegancia Petty\", 15 cm.<\/p>\n<p>- Cuchillo multiusos \"Elegancia Paring\", 10 cm.<\/p>","protected":false},"featured_media":5210,"comment_status":"open","ping_status":"closed","template":"","meta":[],"product_brand":[],"product_cat":[24],"product_tag":[76,103],"class_list":{"0":"post-5204","1":"product","2":"type-product","3":"status-publish","4":"has-post-thumbnail","6":"product_cat-knifes","7":"product_tag-peilis","8":"product_tag-suncraft","9":"product_shipping_class-iprastas","11":"first","12":"instock","13":"shipping-taxable","14":"purchasable","15":"product-type-simple"},"_links":{"self":[{"href":"https:\/\/jnats.eu\/es\/wp-json\/wp\/v2\/product\/5204","targetHints":{"allow":["GET"]}}],"collection":[{"href":"https:\/\/jnats.eu\/es\/wp-json\/wp\/v2\/product"}],"about":[{"href":"https:\/\/jnats.eu\/es\/wp-json\/wp\/v2\/types\/product"}],"replies":[{"embeddable":true,"href":"https:\/\/jnats.eu\/es\/wp-json\/wp\/v2\/comments?post=5204"}],"wp:featuredmedia":[{"embeddable":true,"href":"https:\/\/jnats.eu\/es\/wp-json\/wp\/v2\/media\/5210"}],"wp:attachment":[{"href":"https:\/\/jnats.eu\/es\/wp-json\/wp\/v2\/media?parent=5204"}],"wp:term":[{"taxonomy":"product_brand","embeddable":true,"href":"https:\/\/jnats.eu\/es\/wp-json\/wp\/v2\/product_brand?post=5204"},{"taxonomy":"product_cat","embeddable":true,"href":"https:\/\/jnats.eu\/es\/wp-json\/wp\/v2\/product_cat?post=5204"},{"taxonomy":"product_tag","embeddable":true,"href":"https:\/\/jnats.eu\/es\/wp-json\/wp\/v2\/product_tag?post=5204"}],"curies":[{"name":"wp","href":"https:\/\/api.w.org\/{rel}","templated":true}]}}