{"id":5311,"date":"2025-10-08T11:11:10","date_gmt":"2025-10-08T08:11:10","guid":{"rendered":"https:\/\/jnats.eu\/?post_type=product&#038;p=5311"},"modified":"2025-11-11T19:57:46","modified_gmt":"2025-11-11T17:57:46","slug":"j-a-henckels-friodur-inox-no-stain-72-klasikinis-tiesus-skustuvas-solingen-vokietija","status":"publish","type":"product","link":"https:\/\/jnats.eu\/es\/producto-2\/j-a-henckels-friodur-inox-no-stain-72-klasikinis-tiesus-skustuvas-solingen-vokietija\/","title":{"rendered":"J.A. Henckels Friodur Inox No Stain 72 - navaja cl\u00e1sica (Solingen, Alemania)"},"content":{"rendered":"<p>Maquinilla de afeitar recta de gama alta de la legendaria <strong>J.A. Henckels Zwillingwerk<\/strong> Taller en Solingen, Alemania. Modelo <strong>Friodur 72<\/strong> hecho de <strong>Acero inoxidable endurecido (Inox No Stain)<\/strong>con una excepcional resistencia a la corrosi\u00f3n y durabilidad.<\/p>\n\n\n\n<figure class=\"wp-block-embed is-type-video is-provider-youtube wp-block-embed-youtube wp-embed-aspect-9-16 wp-has-aspect-ratio\"><div class=\"wp-block-embed__wrapper\">\n<div class=\"video-container\"><iframe title=\"J.A. Henckels Friodur Inox No Stain 72 Lavado de oro\" width=\"563\" height=\"1000\" src=\"https:\/\/www.youtube.com\/embed\/CQ2db5ramGI?feature=oembed\" frameborder=\"0\" allow=\"accelerometer; autoplay; clipboard-write; encrypted-media; gyroscope; picture-in-picture; web-share\" referrerpolicy=\"strict-origin-when-cross-origin\" allowfullscreen><\/iframe><\/div>\n<\/div><\/figure>\n\n\n\n<p>Lado de la hoja decorado <strong>con el patr\u00f3n de lavado dorado original (una fina capa de oro aut\u00e9ntico)<\/strong>para un aspecto distintivo y cl\u00e1sico. Es una maquinilla de afeitar de coleccionista y con valor pr\u00e1ctico, adecuada tanto para su uso como para su exposici\u00f3n.<\/p>\n\n\n\n<p><strong>Caracter\u00edsticas:<\/strong><\/p>\n\n\n\n<ul class=\"wp-block-list\">\n<li>\u2705 <strong>Fabricante:<\/strong> J.A. Henckels Zwillingwerk AG (Solingen, Alemania)<\/li>\n\n\n\n<li>\ud83e\ude92 <strong>Modelo:<\/strong> Friodur Inox No Mancha 72<\/li>\n\n\n\n<li>\ud83d\udd2a <strong>Cuchilla:<\/strong> Acero inoxidable, endurecimiento criog\u00e9nico Friodur<\/li>\n\n\n\n<li>\u2728 <strong>Decoraci\u00f3n:<\/strong> Patr\u00f3n de lavado dorado original (fina capa de oro aut\u00e9ntico)<\/li>\n\n\n\n<li>\ud83e\uddf0 <strong>Rankena:<\/strong> Pl\u00e1stico de estilo cl\u00e1sico con logotipo Friodur<\/li>\n\n\n\n<li>\ud83d\udce6 <strong>Embalaje:<\/strong> Caja original de pl\u00e1stico rojo con logotipo dorado<\/li>\n\n\n\n<li>\ud83c\udde9\ud83c\uddea <strong>Origen:<\/strong> Solingen, Alemania<\/li>\n<\/ul>\n\n\n\n<p><strong>Caracter\u00edsticas:<\/strong><\/p>\n\n\n\n<ul class=\"wp-block-list\">\n<li>Filo extra afilado y duradero<\/li>\n\n\n\n<li>Acero inoxidable de f\u00e1cil cuidado<\/li>\n\n\n\n<li>Aut\u00e9ntico producto Solingen, modelo de coleccionista<\/li>\n\n\n\n<li>Perfecto tanto para los aficionados al afeitado como para los coleccionistas<\/li>\n<\/ul>","protected":false},"excerpt":{"rendered":"<ul>\n<li>Acero inoxidable Inox, Friodur - endurecido en fr\u00edo<\/li>\n<li>Lado de la hoja decorado <strong>con el patr\u00f3n de lavado dorado original (una fina capa de oro aut\u00e9ntico)<\/strong>,<\/li>\n<li>Mango de pol\u00edmero<\/li>\n<li>Caja de pl\u00e1stico<\/li>\n<li>Peso - 50 g<\/li>\n<li>Dimensiones de la cuchilla - 75x20x6 mm<\/li>\n<li>La maquinilla no ha sido usada, pero debido al largo almacenamiento la caja tiene algunos peque\u00f1os ara\u00f1azos.<\/li>\n<\/ul>","protected":false},"featured_media":5313,"comment_status":"open","ping_status":"closed","template":"","meta":[],"product_brand":[],"product_cat":[23],"product_tag":[158,156],"class_list":{"0":"post-5311","1":"product","2":"type-product","3":"status-publish","4":"has-post-thumbnail","6":"product_cat-razors","7":"product_tag-friodur","8":"product_tag-henckels","9":"product_shipping_class-light","11":"first","12":"outofstock","13":"shipping-taxable","14":"purchasable","15":"product-type-simple"},"_links":{"self":[{"href":"https:\/\/jnats.eu\/es\/wp-json\/wp\/v2\/product\/5311","targetHints":{"allow":["GET"]}}],"collection":[{"href":"https:\/\/jnats.eu\/es\/wp-json\/wp\/v2\/product"}],"about":[{"href":"https:\/\/jnats.eu\/es\/wp-json\/wp\/v2\/types\/product"}],"replies":[{"embeddable":true,"href":"https:\/\/jnats.eu\/es\/wp-json\/wp\/v2\/comments?post=5311"}],"wp:featuredmedia":[{"embeddable":true,"href":"https:\/\/jnats.eu\/es\/wp-json\/wp\/v2\/media\/5313"}],"wp:attachment":[{"href":"https:\/\/jnats.eu\/es\/wp-json\/wp\/v2\/media?parent=5311"}],"wp:term":[{"taxonomy":"product_brand","embeddable":true,"href":"https:\/\/jnats.eu\/es\/wp-json\/wp\/v2\/product_brand?post=5311"},{"taxonomy":"product_cat","embeddable":true,"href":"https:\/\/jnats.eu\/es\/wp-json\/wp\/v2\/product_cat?post=5311"},{"taxonomy":"product_tag","embeddable":true,"href":"https:\/\/jnats.eu\/es\/wp-json\/wp\/v2\/product_tag?post=5311"}],"curies":[{"name":"wp","href":"https:\/\/api.w.org\/{rel}","templated":true}]}}