{"id":5329,"date":"2025-10-08T11:45:20","date_gmt":"2025-10-08T08:45:20","guid":{"rendered":"https:\/\/jnats.eu\/?post_type=product&#038;p=5329"},"modified":"2025-11-23T10:59:32","modified_gmt":"2025-11-23T08:59:32","slug":"ohira-uchigumori-naturalus-japoniskas-galandinimo-akmuo-%e5%86%85%e6%9b%87%e7%a0%a5","status":"publish","type":"product","link":"https:\/\/jnats.eu\/es\/producto-2\/ohira-uchigumori-naturalus-japoniskas-galandinimo-akmuo-%e5%86%85%e6%9b%87%e7%a0%a5\/","title":{"rendered":"Ohira Uchigumori - piedra de afilar natural japonesa (\u5185\u66c7\u7825)"},"content":{"rendered":"<p>Alta calidad <strong>Uchigumori Japon\u00e9s natural<\/strong> una piedra extra\u00edda de la famosa <strong>Ohira<\/strong> cantera de Kioto, Jap\u00f3n. Estas piedras se utilizan tradicionalmente <strong>acabado final y pulido de las cuchillas<\/strong>especialmente para cuchillos forjados japoneses, espadas y herramientas de alta gama.<\/p>\n\n\n\n<figure class=\"wp-block-embed is-type-video is-provider-youtube wp-block-embed-youtube wp-embed-aspect-16-9 wp-has-aspect-ratio\"><div class=\"wp-block-embed__wrapper\">\n<div class=\"video-container\"><iframe title=\"Piedra Ohira Uchigumori - Piedra legendaria japonesa de acabado WhetStone\" width=\"1170\" height=\"658\" src=\"https:\/\/www.youtube.com\/embed\/TtPEvr_U_To?feature=oembed\" frameborder=\"0\" allow=\"accelerometer; autoplay; clipboard-write; encrypted-media; gyroscope; picture-in-picture; web-share\" referrerpolicy=\"strict-origin-when-cross-origin\" allowfullscreen><\/iframe><\/div>\n<\/div><\/figure>\n\n\n\n<p>\"Las piedras de Uchigumori son famosas por su <strong>una delicada sensaci\u00f3n de molienda<\/strong> y la capacidad de crear <strong>kasumi (niebla)<\/strong> o <strong>contraste borroso<\/strong> entre el acero m\u00e1s duro de la hoja y el lado m\u00e1s blando, muy apreciado por los artesanos profesionales y los aficionados a los cuchillos.<\/p>\n\n\n\n<hr class=\"wp-block-separator has-alpha-channel-opacity\"\/>\n\n\n\n<p><strong>Caracter\u00edsticas:<\/strong><\/p>\n\n\n\n<ul class=\"wp-block-list\">\n<li>\ud83c\uddef\ud83c\uddf5 <strong>Origen:<\/strong> Ohira, Prefectura de Kioto, Jap\u00f3n<\/li>\n\n\n\n<li>\ud83e\udea8 <strong>Tipo:<\/strong> Piedra de agua natural japonesa (Uchigumori - \u5185\u66c7\u7825)<\/li>\n\n\n\n<li>\ud83c\udf3f <strong>Usos:<\/strong> Pulido final (piedra de acabado)<\/li>\n\n\n\n<li>\u2728 <strong>Rugosidad:<\/strong> Aproximadamente 6000-8000+ (natural, no normalizado)<\/li>\n\n\n\n<li>\ud83e\uddf1 <strong>Dureza:<\/strong> De medio a suave (dependiendo de la pieza)<\/li>\n\n\n\n<li>\ud83d\udca7 Utilizar s\u00f3lo con agua, sin aceite<\/li>\n<\/ul>\n\n\n\n<hr class=\"wp-block-separator has-alpha-channel-opacity\"\/>\n\n\n\n<p><strong>Caracter\u00edsticas:<\/strong><\/p>\n\n\n\n<ul class=\"wp-block-list\">\n<li>Crea un cl\u00e1sico <strong>efecto kasumi<\/strong> en una hoja japonesa<\/li>\n\n\n\n<li>Sensaci\u00f3n de afilado muy suave, abrasivo controlado<\/li>\n\n\n\n<li>Adecuado tanto para profesionales como para coleccionistas que buscan un aut\u00e9ntico acabado japon\u00e9s<\/li>\n\n\n\n<li>Cada piedra es <strong>una pieza \u00fanica<\/strong>con una textura y una estructura excepcionales<\/li>\n<\/ul>\n\n\n\n<hr class=\"wp-block-separator has-alpha-channel-opacity\"\/>\n\n\n\n<p>\ud83d\udcdd <strong>Observaci\u00f3n:<\/strong> Las piedras uchigumori se suelen utilizar en combinaci\u00f3n con nagura (una piedra auxiliar m\u00e1s fina) para formar una capa de lechada que mejore el efecto de pulido. Debido a su naturaleza natural, pueden ser <strong>peque\u00f1as grietas, estratificaci\u00f3n o inclusiones naturales<\/strong>que no afecta al uso.<\/p>","protected":false},"excerpt":{"rendered":"<ul>\n<li>Adecuado para pulir cuchillos y otras herramientas, as\u00ed como para afilar<\/li>\n<li>Dimensiones y peso aproximado:<\/li>\n<li>1: 205x60x56 mm. 1750 g.<\/li>\n<li>2: 204x75x45 mm. 1810 g.<\/li>\n<li>3: 208x71x57 mm. 2170 g.<\/li>\n<li>Dureza: Lv 4. Mucho m\u00e1s duro que el cl\u00e1sico Ohira Uchigumori, recuerda mucho a los an\u00e1logos de Mizukihara.<\/li>\n<li>La superficie no est\u00e1 totalmente lisa, s\u00f3lo una parte est\u00e1 lista para su uso. Podemos alisar toda la superficie si lo desea, pero esto reducir\u00e1 el peso en unas decenas de gramos.<\/li>\n<li><strong>El m\u00e1s peque\u00f1o tiene una l\u00ednea \"t\u00f3xica\".<\/strong><\/li>\n<\/ul>","protected":false},"featured_media":5330,"comment_status":"open","ping_status":"closed","template":"","meta":[],"product_brand":[],"product_cat":[22],"product_tag":[47,193],"class_list":{"0":"post-5329","1":"product","2":"type-product","3":"status-publish","4":"has-post-thumbnail","6":"product_cat-jnats","7":"product_tag-ohira","8":"product_tag-uchigumori","9":"product_shipping_class-iprastas","11":"first","12":"instock","13":"shipping-taxable","14":"purchasable","15":"product-type-variable"},"_links":{"self":[{"href":"https:\/\/jnats.eu\/es\/wp-json\/wp\/v2\/product\/5329","targetHints":{"allow":["GET"]}}],"collection":[{"href":"https:\/\/jnats.eu\/es\/wp-json\/wp\/v2\/product"}],"about":[{"href":"https:\/\/jnats.eu\/es\/wp-json\/wp\/v2\/types\/product"}],"replies":[{"embeddable":true,"href":"https:\/\/jnats.eu\/es\/wp-json\/wp\/v2\/comments?post=5329"}],"wp:featuredmedia":[{"embeddable":true,"href":"https:\/\/jnats.eu\/es\/wp-json\/wp\/v2\/media\/5330"}],"wp:attachment":[{"href":"https:\/\/jnats.eu\/es\/wp-json\/wp\/v2\/media?parent=5329"}],"wp:term":[{"taxonomy":"product_brand","embeddable":true,"href":"https:\/\/jnats.eu\/es\/wp-json\/wp\/v2\/product_brand?post=5329"},{"taxonomy":"product_cat","embeddable":true,"href":"https:\/\/jnats.eu\/es\/wp-json\/wp\/v2\/product_cat?post=5329"},{"taxonomy":"product_tag","embeddable":true,"href":"https:\/\/jnats.eu\/es\/wp-json\/wp\/v2\/product_tag?post=5329"}],"curies":[{"name":"wp","href":"https:\/\/api.w.org\/{rel}","templated":true}]}}