{"id":5423,"date":"2025-11-10T11:50:29","date_gmt":"2025-11-10T09:50:29","guid":{"rendered":"https:\/\/jnats.eu\/?post_type=product&#038;p=5423"},"modified":"2025-11-15T19:47:51","modified_gmt":"2025-11-15T17:47:51","slug":"japoniskas-naturalus-galandimo-akmuo-shohonyama-shiroto","status":"publish","type":"product","link":"https:\/\/jnats.eu\/es\/producto-2\/japoniskas-naturalus-galandimo-akmuo-shohonyama-shiroto\/","title":{"rendered":"Piedra de afilar natural japonesa Sh\u014dhon'yama Shiroto"},"content":{"rendered":"<figure class=\"wp-block-embed is-type-video is-provider-youtube wp-block-embed-youtube wp-embed-aspect-16-9 wp-has-aspect-ratio\"><div class=\"wp-block-embed__wrapper\">\n<div class=\"video-container\"><iframe title=\"Piedras de afilar medianas naturales japonesas: Aizu fina y extrafina + Sh\u014dhon&#039;yama Shiroto.\" width=\"1170\" height=\"658\" src=\"https:\/\/www.youtube.com\/embed\/AUi6ntDU60U?start=301&#038;feature=oembed\" frameborder=\"0\" allow=\"accelerometer; autoplay; clipboard-write; encrypted-media; gyroscope; picture-in-picture; web-share\" referrerpolicy=\"strict-origin-when-cross-origin\" allowfullscreen><\/iframe><\/div>\n<\/div><\/figure>\n\n\n\n<p>La etiqueta dice en japon\u00e9s:<\/p>\n\n\n\n<p><strong>\u6b63\u672c\u5c71\u767d\u7825<\/strong> \u2014 <em>Sh\u014dhon'yama Shiroto<\/em><br><strong>\u5408\u7825\u632f\u7279\u64b0<\/strong> \u2014 <em>Aoto-furi Tokusen<\/em><br><strong>\u5408\u7825\u5c71\u7523<\/strong> \u2014 <em>Aoto-yama san<\/em> (significa \"excavado en el monte Aoto\")<\/p>\n\n\n\n<p>Traducci\u00f3n:<\/p>\n\n\n\n<blockquote class=\"wp-block-quote is-layout-flow wp-block-quote-is-layout-flow\">\n<p>\"Una piedra de afilar blanca de origen genuino del Monte Aoto, especialmente seleccionada\".<\/p>\n<\/blockquote>\n\n\n\n<p>Se trata de una piedra de afilar natural japonesa <strong>Sh\u014dhon'yama Shiroto<\/strong>es decir, 'aut\u00e9ntica piedra blanca de Sh\u014dhon'yama'. \"Tokusen\" (\u7279\u64b0) indica que se trata de... <strong>alta calidad, especialmente seleccionados<\/strong> copias.<\/p>","protected":false},"excerpt":{"rendered":"<ul class=\"wp-block-list\">\n<li>Piedra de afilar natural japonesa de grano medio <strong>Sh\u014dhon'yama Shiroto<\/strong>. \"Tokusen\" (\u7279\u64b0) indica que esta <strong>alta calidad, especialmente seleccionados<\/strong> copias.<\/li>\n<li>Adecuado para el afilado intermedio o final de cuchillos, tijeras, herramientas de carpinter\u00eda y otras.<\/li>\n<li>Dimensiones: fino 203x49x68 mm<\/li>\n<li>Peso: 1680 g.<\/li>\n<li>Grano de aproximadamente 2000 granos<\/li>\n<li>Dureza: Nivel 4,5<\/li>\n<li>Extra\u00edda en canteras a mediados del siglo pasado, esta piedra de \u00e9poca se caracteriza por su buena velocidad y suavidad.<\/li>\n<li>Todos los lados est\u00e1n alineados y listos para trabajar.<\/li>\n<li><strong>Pod\u00e9is ver el trabajo en el v\u00eddeo que figura a continuaci\u00f3n.<\/strong><\/li>\n<\/ul>","protected":false},"featured_media":5428,"comment_status":"closed","ping_status":"closed","template":"","meta":[],"product_brand":[],"product_cat":[22],"product_tag":[363,375],"class_list":{"0":"post-5423","1":"product","2":"type-product","3":"status-publish","4":"has-post-thumbnail","6":"product_cat-jnats","7":"product_tag-nakatoishi","8":"product_tag-shiroto","9":"product_shipping_class-iprastas","11":"first","12":"outofstock","13":"shipping-taxable","14":"purchasable","15":"product-type-simple"},"_links":{"self":[{"href":"https:\/\/jnats.eu\/es\/wp-json\/wp\/v2\/product\/5423","targetHints":{"allow":["GET"]}}],"collection":[{"href":"https:\/\/jnats.eu\/es\/wp-json\/wp\/v2\/product"}],"about":[{"href":"https:\/\/jnats.eu\/es\/wp-json\/wp\/v2\/types\/product"}],"replies":[{"embeddable":true,"href":"https:\/\/jnats.eu\/es\/wp-json\/wp\/v2\/comments?post=5423"}],"wp:featuredmedia":[{"embeddable":true,"href":"https:\/\/jnats.eu\/es\/wp-json\/wp\/v2\/media\/5428"}],"wp:attachment":[{"href":"https:\/\/jnats.eu\/es\/wp-json\/wp\/v2\/media?parent=5423"}],"wp:term":[{"taxonomy":"product_brand","embeddable":true,"href":"https:\/\/jnats.eu\/es\/wp-json\/wp\/v2\/product_brand?post=5423"},{"taxonomy":"product_cat","embeddable":true,"href":"https:\/\/jnats.eu\/es\/wp-json\/wp\/v2\/product_cat?post=5423"},{"taxonomy":"product_tag","embeddable":true,"href":"https:\/\/jnats.eu\/es\/wp-json\/wp\/v2\/product_tag?post=5423"}],"curies":[{"name":"wp","href":"https:\/\/api.w.org\/{rel}","templated":true}]}}