{"id":549,"date":"2024-03-08T10:30:21","date_gmt":"2024-03-08T08:30:21","guid":{"rendered":"http:\/\/jnats.eu\/?post_type=product&#038;p=549"},"modified":"2024-04-09T09:02:00","modified_gmt":"2024-04-09T06:02:00","slug":"maquinilla-de-afeitar-vintage-usada-japonesa-iwasaki-falsa","status":"publish","type":"product","link":"https:\/\/jnats.eu\/es\/producto-2\/maquinilla-de-afeitar-vintage-usada-japonesa-iwasaki-falsa\/","title":{"rendered":"Maquinilla de afeitar vintage usada japonesa Iwasaki falsificada"},"content":{"rendered":"<p>La marca est\u00e1 grabada con l\u00e1ser, mientras que las aut\u00e9nticas navajas Iwasaki solo cuentan con el sello del herrero. El precio de los originales alcanza los miles de euros, por lo que no es de extra\u00f1ar que aparezcan falsificaciones. <\/p>\n\n\n\n<p>La maquinilla de afeitar est\u00e1 en buen estado, el mango est\u00e1 pegado al pasador.<\/p>\n\n\n\n<p>Una gran adici\u00f3n a la colecci\u00f3n para los que ya lo tienen todo \ud83d\ude42 .<\/p>","protected":false},"excerpt":{"rendered":"<ul>\n<li>Falso Iwasaki<\/li>\n<li>Mango pegado<\/li>\n<\/ul>","protected":false},"featured_media":1018,"comment_status":"open","ping_status":"closed","template":"","meta":[],"product_brand":[],"product_cat":[23],"product_tag":[131,130],"class_list":{"0":"post-549","1":"product","2":"type-product","3":"status-publish","4":"has-post-thumbnail","6":"product_cat-razors","7":"product_tag-fake","8":"product_tag-iwasaki","9":"product_shipping_class-light","11":"first","12":"instock","13":"shipping-taxable","14":"purchasable","15":"product-type-simple"},"_links":{"self":[{"href":"https:\/\/jnats.eu\/es\/wp-json\/wp\/v2\/product\/549","targetHints":{"allow":["GET"]}}],"collection":[{"href":"https:\/\/jnats.eu\/es\/wp-json\/wp\/v2\/product"}],"about":[{"href":"https:\/\/jnats.eu\/es\/wp-json\/wp\/v2\/types\/product"}],"replies":[{"embeddable":true,"href":"https:\/\/jnats.eu\/es\/wp-json\/wp\/v2\/comments?post=549"}],"wp:featuredmedia":[{"embeddable":true,"href":"https:\/\/jnats.eu\/es\/wp-json\/wp\/v2\/media\/1018"}],"wp:attachment":[{"href":"https:\/\/jnats.eu\/es\/wp-json\/wp\/v2\/media?parent=549"}],"wp:term":[{"taxonomy":"product_brand","embeddable":true,"href":"https:\/\/jnats.eu\/es\/wp-json\/wp\/v2\/product_brand?post=549"},{"taxonomy":"product_cat","embeddable":true,"href":"https:\/\/jnats.eu\/es\/wp-json\/wp\/v2\/product_cat?post=549"},{"taxonomy":"product_tag","embeddable":true,"href":"https:\/\/jnats.eu\/es\/wp-json\/wp\/v2\/product_tag?post=549"}],"curies":[{"name":"wp","href":"https:\/\/api.w.org\/{rel}","templated":true}]}}