{"id":5604,"date":"2026-01-13T11:20:28","date_gmt":"2026-01-13T09:20:28","guid":{"rendered":"https:\/\/jnats.eu\/?post_type=product&#038;p=5604"},"modified":"2026-01-31T19:37:32","modified_gmt":"2026-01-31T17:37:32","slug":"h-diamond-extra-steel-for-barbersuse-first-quality-naudoti-japoniski-skustuvai","status":"publish","type":"product","link":"https:\/\/jnats.eu\/es\/producto-2\/h-diamond-extra-steel-for-barbersuse-first-quality-naudoti-japoniski-skustuvai\/","title":{"rendered":"H.Diamond Extra Steel For Barbers'Use Maquinillas de afeitar japonesas de primera calidad"},"content":{"rendered":"<figure class=\"wp-block-embed is-type-video is-provider-youtube wp-block-embed-youtube wp-embed-aspect-9-16 wp-has-aspect-ratio\"><div class=\"wp-block-embed__wrapper\">\n<div class=\"video-container\"><iframe title=\"Navajas de afeitar Vintage H. Diamond Extra Steel - Para uso de barberos \ud83d\udd2a\u2728\" width=\"563\" height=\"1000\" src=\"https:\/\/www.youtube.com\/embed\/AnMmGvvxNtQ?feature=oembed\" frameborder=\"0\" allow=\"accelerometer; autoplay; clipboard-write; encrypted-media; gyroscope; picture-in-picture; web-share\" referrerpolicy=\"strict-origin-when-cross-origin\" allowfullscreen><\/iframe><\/div>\n<\/div><\/figure>\n\n\n\n<p>Original <strong>H. Diamante Acero Extra<\/strong> maquinillas de afeitar rectas para uso profesional en el afeitado de la barba.<\/p>\n\n\n\n<p>Afeitadoras <strong>Utilice<\/strong>, pero <strong>en buen estado<\/strong>. La corrosi\u00f3n de la superficie de la cuchilla se ha <strong>limpiado con papel de lija fino y pulido con pasta de diamante<\/strong>, por lo que el metal est\u00e1 limpio, sin da\u00f1os por \u00f3xido activo. Geometr\u00eda intacta.<\/p>\n\n\n\n<p><strong>Eje:<\/strong> Acero extra, \u201ePara uso de barberos\u2019, \u201cPrimera calidad\u201e<br><strong>Estado:<\/strong> usado, sin corrosi\u00f3n, listo para afilar<br><strong>Asas:<\/strong> original, en buen estado, sin grietas<br><strong>Autenticidad:<\/strong> original, fabricado en Jap\u00f3n a mediados del siglo pasado.<\/p>\n\n\n\n<p>Perfecto tanto para <strong>para afeitarse<\/strong>, ambos <strong>para el colector<\/strong>, para los que aprecian las herramientas cl\u00e1sicas para recortar la barba.<\/p>","protected":false},"excerpt":{"rendered":"<ol>\n<li>H.Diamante 50<\/li>\n<li>H.Diamante 50<\/li>\n<li>H.Diamante 40<\/li>\n<li>H.Diamante 40<\/li>\n<li>H.Diamante 74<\/li>\n<\/ol>\n<p>&nbsp;<\/p>\n<ul>\n<li><strong>Eje:<\/strong> Acero extra, \u201ePara uso de barberos\u2019, \u201cPrimera calidad\u201e<\/li>\n<li><strong>Dimensiones de la cuchilla<\/strong> aproximadamente 75x20x5 mm<\/li>\n<li><strong>Peso<\/strong> aproximadamente 50 g.<\/li>\n<li><strong>Estado:<\/strong> usado, sin corrosi\u00f3n, listo para afilar<\/li>\n<li><strong>Asas:<\/strong> original, en buen estado, sin grietas<\/li>\n<li><strong>Autenticidad:<\/strong> original, fabricado en Jap\u00f3n a mediados del siglo pasado.<\/li>\n<\/ul>","protected":false},"featured_media":5613,"comment_status":"closed","ping_status":"closed","template":"","meta":[],"product_brand":[],"product_cat":[23],"product_tag":[206,160],"class_list":{"0":"post-5604","1":"product","2":"type-product","3":"status-publish","4":"has-post-thumbnail","6":"product_cat-razors","7":"product_tag-h-diamond","8":"product_tag-skustuvai","9":"product_shipping_class-light","11":"first","12":"outofstock","13":"shipping-taxable","14":"product-type-variable"},"_links":{"self":[{"href":"https:\/\/jnats.eu\/es\/wp-json\/wp\/v2\/product\/5604","targetHints":{"allow":["GET"]}}],"collection":[{"href":"https:\/\/jnats.eu\/es\/wp-json\/wp\/v2\/product"}],"about":[{"href":"https:\/\/jnats.eu\/es\/wp-json\/wp\/v2\/types\/product"}],"replies":[{"embeddable":true,"href":"https:\/\/jnats.eu\/es\/wp-json\/wp\/v2\/comments?post=5604"}],"wp:featuredmedia":[{"embeddable":true,"href":"https:\/\/jnats.eu\/es\/wp-json\/wp\/v2\/media\/5613"}],"wp:attachment":[{"href":"https:\/\/jnats.eu\/es\/wp-json\/wp\/v2\/media?parent=5604"}],"wp:term":[{"taxonomy":"product_brand","embeddable":true,"href":"https:\/\/jnats.eu\/es\/wp-json\/wp\/v2\/product_brand?post=5604"},{"taxonomy":"product_cat","embeddable":true,"href":"https:\/\/jnats.eu\/es\/wp-json\/wp\/v2\/product_cat?post=5604"},{"taxonomy":"product_tag","embeddable":true,"href":"https:\/\/jnats.eu\/es\/wp-json\/wp\/v2\/product_tag?post=5604"}],"curies":[{"name":"wp","href":"https:\/\/api.w.org\/{rel}","templated":true}]}}