{"id":5715,"date":"2026-02-03T12:44:39","date_gmt":"2026-02-03T10:44:39","guid":{"rendered":"https:\/\/jnats.eu\/?post_type=product&#038;p=5715"},"modified":"2026-02-17T11:07:57","modified_gmt":"2026-02-17T09:07:57","slug":"dorko-solingen-no-3739-85-solingen-172-de-luxe-vintaziniai-vokiski-skustuvai-nos","status":"publish","type":"product","link":"https:\/\/jnats.eu\/es\/producto-2\/dorko-solingen-no-3739-85-solingen-172-de-luxe-vintaziniai-vokiski-skustuvai-nos\/","title":{"rendered":"Dorko Solingen No. 3739\/85 Solingen 172 De Luxe - maquinillas de afeitar alemanas vintage (NOS)"},"content":{"rendered":"<figure class=\"wp-block-embed is-type-video is-provider-youtube wp-block-embed-youtube wp-embed-aspect-9-16 wp-has-aspect-ratio\"><div class=\"wp-block-embed__wrapper\">\n<div class=\"video-container\"><iframe title=\"Navajas de afeitar DORKO Solingen Vintage - NOS De Luxe (1950s)\" width=\"563\" height=\"1000\" src=\"https:\/\/www.youtube.com\/embed\/ZNubipgIW04?feature=oembed\" frameborder=\"0\" allow=\"accelerometer; autoplay; clipboard-write; encrypted-media; gyroscope; picture-in-picture; web-share\" referrerpolicy=\"strict-origin-when-cross-origin\" allowfullscreen><\/iframe><\/div>\n<\/div><\/figure>\n\n\n\n<p>norte<strong>usado vintage (NOS - New Old Stock)<\/strong> Navajas alemanas <strong>Dorko Solingen No. 3739\/85 Stainless-Inox<\/strong> y <strong>Solingen 172 De Luxe<\/strong>, producido <strong>a mediados del siglo pasado<\/strong>, en la legendaria regi\u00f3n de Solingen.<\/p>\n\n\n\n<p>Aunque las maquinillas de afeitar de esta marca se siguen fabricando en la actualidad, <strong>Las Dorcas antiguas son muy superiores a sus hom\u00f3logas modernas en cuanto a la calidad del tratamiento t\u00e9rmico y mec\u00e1nico.<\/strong>. Son productos de una \u00e9poca en la que se daba prioridad a la durabilidad y a la precisi\u00f3n artesanal.<\/p>\n\n\n\n<p>Las asas son de pl\u00e1stico sint\u00e9tico vintage de alta calidad (baquelita \/ estilo marfil) utilizado por los artesanos de Solingen a mediados del siglo XX. Estables, sin grietas ni deformaciones, con emblemas originales de Dorko.<\/p>\n\n\n\n<p>Las maquinillas de afeitar tienen <strong>signos naturales del tiempo<\/strong>, t\u00edpico de la condici\u00f3n NOS, sin embargo:<\/p>\n\n\n\n<ul class=\"wp-block-list\">\n<li><strong>la hoja est\u00e1 completamente intacta<\/strong>,<\/li>\n\n\n\n<li><strong>El afilado y el uso no ser\u00e1n un problema<\/strong>,<\/li>\n\n\n\n<li><strong>mec\u00e1nica y geometr\u00eda en perfecto estado<\/strong>.<\/li>\n<\/ul>\n\n\n\n<p>La elecci\u00f3n perfecta tanto para <strong>para su uso en<\/strong>, ambos <strong>para recoger<\/strong>.<\/p>\n\n\n\n<p>Recomendamos <strong>revise detenidamente las fotos y el v\u00eddeo<\/strong>, que son una parte importante de la descripci\u00f3n del producto.<\/p>\n\n\n\n<h3 class=\"wp-block-heading\">Datos t\u00e9cnicos:<\/h3>\n\n\n\n<ul class=\"wp-block-list\">\n<li><strong>Dimensiones de la hoja:<\/strong> 75 \u00d7 20 \u00d7 5 mm<\/li>\n\n\n\n<li><strong>Peso:<\/strong>\n<ul class=\"wp-block-list\">\n<li>52 g - con <strong>con un fondo de inscripci\u00f3n dorado<\/strong><\/li>\n\n\n\n<li>50 g - versi\u00f3n est\u00e1ndar<\/li>\n<\/ul>\n<\/li>\n<\/ul>","protected":false},"excerpt":{"rendered":"<p>Navajas de afeitar alemanas Dorko Solingen No 3739\/85 Stainless-Inox Solingen 172 De Luxe. Fabricadas a mediados del siglo pasado. Todav\u00eda se fabrican bajo esta marca, pero son inferiores a las vintage en calidad de tratamiento t\u00e9rmico y mec\u00e1nico. Los mangos son de pl\u00e1stico sint\u00e9tico vintage de alta calidad (baquelita \/ estilo marfil) utilizado por los artesanos de Solingen a mediados del siglo XX. Estables, sin grietas ni deformaciones, con emblemas originales de Dorko. Tiene signos del paso del tiempo, pero todas las cuchillas est\u00e1n totalmente intactas, por lo que no habr\u00e1 problemas de afilado y uso. La mec\u00e1nica y geometr\u00eda son perfectas. Por favor, observe detenidamente las fotos y el video.<\/p>\n<ol>\n<li>Dimensiones de la hoja 75x20x5 mm. Peso 52 g. (Fondo dorado)<\/li>\n<li>Dimensiones de la hoja 75x20x5 mm. Peso 50 g.<\/li>\n<\/ol>\n<p><strong>Si no ve el art\u00edculo en la lista desplegable, es que est\u00e1 vendido.\u00a0<\/strong><\/p>","protected":false},"featured_media":5749,"comment_status":"closed","ping_status":"closed","template":"","meta":[],"product_brand":[],"product_cat":[23],"product_tag":[379,55],"class_list":{"0":"post-5715","1":"product","2":"type-product","3":"status-publish","4":"has-post-thumbnail","6":"product_cat-razors","7":"product_tag-dorko","8":"product_tag-nos","9":"product_shipping_class-light","11":"first","12":"instock","13":"shipping-taxable","14":"purchasable","15":"product-type-variable"},"_links":{"self":[{"href":"https:\/\/jnats.eu\/es\/wp-json\/wp\/v2\/product\/5715","targetHints":{"allow":["GET"]}}],"collection":[{"href":"https:\/\/jnats.eu\/es\/wp-json\/wp\/v2\/product"}],"about":[{"href":"https:\/\/jnats.eu\/es\/wp-json\/wp\/v2\/types\/product"}],"replies":[{"embeddable":true,"href":"https:\/\/jnats.eu\/es\/wp-json\/wp\/v2\/comments?post=5715"}],"wp:featuredmedia":[{"embeddable":true,"href":"https:\/\/jnats.eu\/es\/wp-json\/wp\/v2\/media\/5749"}],"wp:attachment":[{"href":"https:\/\/jnats.eu\/es\/wp-json\/wp\/v2\/media?parent=5715"}],"wp:term":[{"taxonomy":"product_brand","embeddable":true,"href":"https:\/\/jnats.eu\/es\/wp-json\/wp\/v2\/product_brand?post=5715"},{"taxonomy":"product_cat","embeddable":true,"href":"https:\/\/jnats.eu\/es\/wp-json\/wp\/v2\/product_cat?post=5715"},{"taxonomy":"product_tag","embeddable":true,"href":"https:\/\/jnats.eu\/es\/wp-json\/wp\/v2\/product_tag?post=5715"}],"curies":[{"name":"wp","href":"https:\/\/api.w.org\/{rel}","templated":true}]}}