{"id":578,"date":"2024-03-08T11:00:57","date_gmt":"2024-03-08T09:00:57","guid":{"rendered":"http:\/\/jnats.eu\/?post_type=product&#038;p=578"},"modified":"2024-05-16T14:43:36","modified_gmt":"2024-05-16T11:43:36","slug":"usado-navaja-inglesa-vintage-wadebutcher-sheffield","status":"publish","type":"product","link":"https:\/\/jnats.eu\/es\/producto-2\/usado-navaja-inglesa-vintage-wadebutcher-sheffield\/","title":{"rendered":"Navaja vintage inglesa usada Wade&amp;Butcher Sheffield"},"content":{"rendered":"<p>Navaja inglesa usada Wade&amp;Butcher Sheffiled<\/p>\n\n\n\n<p>La navaja de afeitar vintage Wade &amp; Butcher es una pieza muy apreciada y codiciada entre coleccionistas y aficionados al afeitado. Wade &amp; Butcher fue una destacada empresa inglesa de cuchiller\u00eda que oper\u00f3 desde principios del siglo XIX hasta mediados del siglo XX. Eran famosos por fabricar navajas de afeitar rectas de alta calidad, entre otros art\u00edculos de cuchiller\u00eda.<\/p>\n\n\n\n<p>He aqu\u00ed una descripci\u00f3n general de la maquinilla de afeitar de \u00e9poca Wade &amp; Butcher:<\/p>\n\n\n\n<ol class=\"wp-block-list\">\n<li><strong>Material<\/strong>La maquinilla de afeitar: normalmente, estas maquinillas se fabrican con acero al carbono de alta calidad, que era el material est\u00e1ndar de las navajas de afeitar en su \u00e9poca de esplendor.<\/li>\n\n\n\n<li><strong>Dise\u00f1o<\/strong>Maquinillas de afeitar Wade &amp; Butcher: las maquinillas de afeitar Wade &amp; Butcher suelen presentar dise\u00f1os elegantes e intrincados en la hoja, los mangos y las espigas. Las hojas suelen estar forjadas con precisi\u00f3n y pueden llevar el logotipo o las marcas de la empresa, lo que indica su autenticidad.<\/li>\n\n\n\n<li><strong>Talla<\/strong>Las maquinillas de afeitar Vintage Wade &amp; Butcher vienen en varios tama\u00f1os, incluyendo anchos de 5\/8\u2033, 6\/8\u2033 y 7\/8\u2033. El tama\u00f1o se refiere a la anchura de la hoja.<\/li>\n\n\n\n<li><strong>Mango<\/strong>El mango de una maquinilla de afeitar Wade &amp; Butcher puede variar en material y dise\u00f1o. Algunos mangos est\u00e1n hechos de celuloide, marfil o cuerno de alta calidad, mientras que otros pueden presentar intrincados dise\u00f1os tallados en materiales como el hueso o la madera.<\/li>\n\n\n\n<li><strong>Condici\u00f3n<\/strong>La condici\u00f3n de una maquinilla de afeitar Wade &amp; Butcher puede variar dependiendo de su edad y uso. Algunas navajas pueden mostrar signos de desgaste y p\u00e1tina, mientras que otras pueden haber sido meticulosamente restauradas por coleccionistas o profesionales.<\/li>\n\n\n\n<li><strong>Coleccionabilidad<\/strong>Las maquinillas de afeitar antiguas de Wade &amp; Butcher son objetos de coleccionista debido a su importancia hist\u00f3rica y a su reputaci\u00f3n artesanal. Los coleccionistas suelen buscar maquinillas en buen estado, con hojas y mangos intactos.<\/li>\n\n\n\n<li><strong>Utilizaci\u00f3n<\/strong>Las maquinillas de afeitar Wade &amp; Butcher: Aunque muchos coleccionistas adquieren las maquinillas de afeitar Wade &amp; Butcher para exhibirlas, algunos aficionados tambi\u00e9n disfrutan utiliz\u00e1ndolas para el afeitado tradicional en h\u00famedo. Con un mantenimiento y afilado adecuados, estas maquinillas de afeitar antiguas pueden seguir proporcionando una excelente experiencia de afeitado.<\/li>\n<\/ol>\n\n\n\n<p>En conjunto, la maquinilla de afeitar vintage Wade &amp; Butcher no es s\u00f3lo una herramienta de aseo funcional, sino tambi\u00e9n una pieza hist\u00f3rica que refleja la artesan\u00eda y la herencia de los instrumentos de afeitado tradicionales.<\/p>","protected":false},"excerpt":{"rendered":"<p>Navaja inglesa usada Wade&amp;Butcher Sheffiled<\/p>\n<ul>\n<li>Longitud de la hoja 70 mm<\/li>\n<li>Altura de la hoja 19 mm<\/li>\n<li>Longitud total 160 mm<\/li>\n<\/ul>","protected":false},"featured_media":1012,"comment_status":"open","ping_status":"closed","template":"","meta":[],"product_brand":[],"product_cat":[23],"product_tag":[138],"class_list":{"0":"post-578","1":"product","2":"type-product","3":"status-publish","4":"has-post-thumbnail","6":"product_cat-razors","7":"product_tag-wadebutcher","8":"product_shipping_class-light","10":"first","11":"outofstock","12":"sale","13":"shipping-taxable","14":"purchasable","15":"product-type-simple"},"_links":{"self":[{"href":"https:\/\/jnats.eu\/es\/wp-json\/wp\/v2\/product\/578","targetHints":{"allow":["GET"]}}],"collection":[{"href":"https:\/\/jnats.eu\/es\/wp-json\/wp\/v2\/product"}],"about":[{"href":"https:\/\/jnats.eu\/es\/wp-json\/wp\/v2\/types\/product"}],"replies":[{"embeddable":true,"href":"https:\/\/jnats.eu\/es\/wp-json\/wp\/v2\/comments?post=578"}],"wp:featuredmedia":[{"embeddable":true,"href":"https:\/\/jnats.eu\/es\/wp-json\/wp\/v2\/media\/1012"}],"wp:attachment":[{"href":"https:\/\/jnats.eu\/es\/wp-json\/wp\/v2\/media?parent=578"}],"wp:term":[{"taxonomy":"product_brand","embeddable":true,"href":"https:\/\/jnats.eu\/es\/wp-json\/wp\/v2\/product_brand?post=578"},{"taxonomy":"product_cat","embeddable":true,"href":"https:\/\/jnats.eu\/es\/wp-json\/wp\/v2\/product_cat?post=578"},{"taxonomy":"product_tag","embeddable":true,"href":"https:\/\/jnats.eu\/es\/wp-json\/wp\/v2\/product_tag?post=578"}],"curies":[{"name":"wp","href":"https:\/\/api.w.org\/{rel}","templated":true}]}}