{"id":5833,"date":"2026-03-17T08:50:06","date_gmt":"2026-03-17T06:50:06","guid":{"rendered":"https:\/\/jnats.eu\/?post_type=product&#038;p=5833"},"modified":"2026-03-17T08:51:20","modified_gmt":"2026-03-17T06:51:20","slug":"autentiskas-japoniskas-naturalus-galandimo-akmuo-8-sluoksniu-awasedo-%e5%85%ab%e5%b1%a4%e5%90%88%e7%a0%a5","status":"publish","type":"product","link":"https:\/\/jnats.eu\/es\/producto-2\/autentiskas-japoniskas-naturalus-galandimo-akmuo-8-sluoksniu-awasedo-%e5%85%ab%e5%b1%a4%e5%90%88%e7%a0%a5\/","title":{"rendered":"Aut\u00e9ntica piedra de afilar natural japonesa - 8 capas Awasedo (\u516b\u5c64\u5408\u7825)"},"content":{"rendered":"<figure class=\"wp-block-embed is-type-video is-provider-youtube wp-block-embed-youtube wp-embed-aspect-16-9 wp-has-aspect-ratio\"><div class=\"wp-block-embed__wrapper\">\n<div class=\"video-container\"><iframe title=\"Afilado de cuchillos con JNATS - Piedras de afilar japonesas naturales Suita, Karasu y 8 capas (Prueba 14C28N)\" width=\"1170\" height=\"658\" src=\"https:\/\/www.youtube.com\/embed\/kSozhQunC4k?start=364&#038;feature=oembed\" frameborder=\"0\" allow=\"accelerometer; autoplay; clipboard-write; encrypted-media; gyroscope; picture-in-picture; web-share\" referrerpolicy=\"strict-origin-when-cross-origin\" allowfullscreen><\/iframe><\/div>\n<\/div><\/figure>\n\n\n\n<p>Una piedra de acabado natural \u00fanica, seleccionada a mano en Jap\u00f3n, con una excepcional estructura multicapa (8 capas naturales). Esta estructura geol\u00f3gica confiere a la piedra sus propiedades especiales: estabilidad, abrasi\u00f3n uniforme y un acabado de muy alta calidad.<\/p>\n\n\n\n<h3 class=\"wp-block-heading\">Caracter\u00edsticas principales:<\/h3>\n\n\n\n<ul class=\"wp-block-list\">\n<li><strong>Tipo:<\/strong> Awasedo (piedra de acabado)<\/li>\n\n\n\n<li><strong>Estructura:<\/strong> 8 capas naturales<\/li>\n\n\n\n<li><strong>Dureza:<\/strong> de dureza media (adecuado tanto con nagura como sin ella)<\/li>\n\n\n\n<li><strong>Trabajo:<\/strong> limpia, controlada, genera una suspensi\u00f3n fina y uniforme<\/li>\n\n\n\n<li><strong>Acabado:<\/strong> bastante peque\u00f1o, ideal para cuchillos y otras herramientas de gama alta<\/li>\n<\/ul>\n\n\n\n<h3 class=\"wp-block-heading\">Exclusividad:<\/h3>\n\n\n\n<ul class=\"wp-block-list\">\n<li>La estructura multicapa permite cambios sutiles en el tacto de la obra: de un contacto m\u00e1s suave a uno m\u00e1s agresivo en funci\u00f3n de la presi\u00f3n y el contenido de agua.<\/li>\n\n\n\n<li>Resultados estables y predecibles: perfecto para profesionales<\/li>\n\n\n\n<li>Est\u00e9ticamente exquisita: con caligraf\u00eda tradicional (verso chino cl\u00e1sico)<\/li>\n<\/ul>\n\n\n\n<p>La piedra lleva inscrito un poema cl\u00e1sico chino (frecuente en las piedras naturales japonesas):<\/p>\n\n\n\n<p><strong>\u539f\u6587 (chino):<\/strong><br>\u6625\u7720\u4e0d\u89c9\u6653<br>\u5904\u5904\u95fb\u557c\u9e1f<br>\u591c\u6765\u98ce\u96e8\u58f0<br>\u82b1\u843d\u77e5\u591a\u5c11<\/p>\n\n\n\n<p><strong>Traducci\u00f3n al lituano:<\/strong><br>Duermo en primavera, no siento el amanecer,<br>Oigo el canto de los p\u00e1jaros por todas partes.<br>Por la noche, hac\u00eda viento y llov\u00eda,<br>\u00bfCu\u00e1ntas flores han ca\u00eddo? \u00bfQui\u00e9n sabe contarlas?<\/p>\n\n\n\n<h3 class=\"wp-block-heading\">Notas:<\/h3>\n\n\n\n<p>No es una piedra producida en serie: cada ejemplar es \u00fanico por su estratificaci\u00f3n, sus colores y el car\u00e1cter de su trabajo.<\/p>","protected":false},"excerpt":{"rendered":"<ul>\n<li>Adecuado para cuchillos de acabado, tijeras, carpinter\u00eda y otras herramientas.<\/li>\n<li>Dimensiones: 220x87x62 mm<\/li>\n<li>Peso: 2695 g<\/li>\n<li>Dureza: Lv 4.8<\/li>\n<li>La superficie es lisa y lista para trabajar.<\/li>\n<li>Los lados y el fondo est\u00e1n barnizados.<\/li>\n<li>Recomendamos trabajar con agua caliente, ya que el agua fr\u00eda reduce la velocidad y la respuesta.<\/li>\n<\/ul>","protected":false},"featured_media":5836,"comment_status":"closed","ping_status":"closed","template":"","meta":[],"product_brand":[],"product_cat":[22],"product_tag":[40],"class_list":{"0":"post-5833","1":"product","2":"type-product","3":"status-publish","4":"has-post-thumbnail","6":"product_cat-jnats","7":"product_tag-awasedo","8":"product_shipping_class-iprastas","10":"first","11":"instock","12":"shipping-taxable","13":"purchasable","14":"product-type-simple"},"_links":{"self":[{"href":"https:\/\/jnats.eu\/es\/wp-json\/wp\/v2\/product\/5833","targetHints":{"allow":["GET"]}}],"collection":[{"href":"https:\/\/jnats.eu\/es\/wp-json\/wp\/v2\/product"}],"about":[{"href":"https:\/\/jnats.eu\/es\/wp-json\/wp\/v2\/types\/product"}],"replies":[{"embeddable":true,"href":"https:\/\/jnats.eu\/es\/wp-json\/wp\/v2\/comments?post=5833"}],"wp:featuredmedia":[{"embeddable":true,"href":"https:\/\/jnats.eu\/es\/wp-json\/wp\/v2\/media\/5836"}],"wp:attachment":[{"href":"https:\/\/jnats.eu\/es\/wp-json\/wp\/v2\/media?parent=5833"}],"wp:term":[{"taxonomy":"product_brand","embeddable":true,"href":"https:\/\/jnats.eu\/es\/wp-json\/wp\/v2\/product_brand?post=5833"},{"taxonomy":"product_cat","embeddable":true,"href":"https:\/\/jnats.eu\/es\/wp-json\/wp\/v2\/product_cat?post=5833"},{"taxonomy":"product_tag","embeddable":true,"href":"https:\/\/jnats.eu\/es\/wp-json\/wp\/v2\/product_tag?post=5833"}],"curies":[{"name":"wp","href":"https:\/\/api.w.org\/{rel}","templated":true}]}}