{"id":5846,"date":"2026-03-17T08:56:53","date_gmt":"2026-03-17T06:56:53","guid":{"rendered":"https:\/\/jnats.eu\/?post_type=product&#038;p=5846"},"modified":"2026-03-17T08:56:55","modified_gmt":"2026-03-17T06:56:55","slug":"nishhoyama-suita-naturalus-japoniskas-galandimo-akmuo","status":"publish","type":"product","link":"https:\/\/jnats.eu\/es\/producto-2\/nishhoyama-suita-naturalus-japoniskas-galandimo-akmuo\/","title":{"rendered":"Nishhoyama Suita - piedra de afilar natural japonesa"},"content":{"rendered":"<figure class=\"wp-block-embed is-type-video is-provider-youtube wp-block-embed-youtube wp-embed-aspect-16-9 wp-has-aspect-ratio\"><div class=\"wp-block-embed__wrapper\">\n<div class=\"video-container\"><iframe title=\"Afilado de cuchillos con JNATS - Piedras de afilar japonesas naturales Suita, Karasu y 8 capas (Prueba 14C28N)\" width=\"1170\" height=\"658\" src=\"https:\/\/www.youtube.com\/embed\/kSozhQunC4k?start=44&#038;feature=oembed\" frameborder=\"0\" allow=\"accelerometer; autoplay; clipboard-write; encrypted-media; gyroscope; picture-in-picture; web-share\" referrerpolicy=\"strict-origin-when-cross-origin\" allowfullscreen><\/iframe><\/div>\n<\/div><\/figure>\n\n\n\n<p>Aut\u00e9ntico <strong>Suite Nishhoyama<\/strong> un tipo de piedra natural de Jap\u00f3n, apreciada por su pulcritud, rapidez y capacidad para crear un acabado kasumi muy est\u00e9tico. Esta piedra tiene una estructura suita t\u00edpica con finas trazas de \u201esu\u201c (bolsas de aire), que proporcionan un excelente equilibrio abrasivo.<\/p>\n\n\n\n<h3 class=\"wp-block-heading\">Caracter\u00edsticas principales:<\/h3>\n\n\n\n<ul class=\"wp-block-list\">\n<li><strong>Tipo:<\/strong> Suite (awasedo \/ acabado - clase de preacabado)<\/li>\n\n\n\n<li><strong>Origen:<\/strong> Nishhoyama, Jap\u00f3n<\/li>\n\n\n\n<li><strong>Dureza:<\/strong> Medio<\/li>\n\n\n\n<li><strong>Velocidad:<\/strong> generaci\u00f3n de suspensiones r\u00e1pida y sencilla<\/li>\n\n\n\n<li><strong>Acabado:<\/strong> kasumi limpio, muy buen contraste entre hagane y jigane<\/li>\n<\/ul>\n\n\n\n<h3 class=\"wp-block-heading\">Car\u00e1cter de la obra:<\/h3>\n\n\n\n<ul class=\"wp-block-list\">\n<li>Trabajos en piedra <strong>suave y uniforme<\/strong>, da muy buen control<\/li>\n\n\n\n<li>Excelente \u201ecolgado\u201c del acero sin rayar la superficie<\/li>\n\n\n\n<li>Se puede utilizar tanto con agua como con nafta - permite ajustar la agresividad<\/li>\n<\/ul>\n\n\n\n<h3 class=\"wp-block-heading\">L\u00edneas:<\/h3>\n\n\n\n<p>La piedra tiene l\u00edneas naturales, pero son <strong>l\u00edneas seguras<\/strong> - no afecta a la hoja y no interfiere en el trabajo. Se trata simplemente de una caracter\u00edstica est\u00e9tica\/geol\u00f3gica inherente a las piedras naturales.<\/p>\n\n\n\n<h3 class=\"wp-block-heading\">Uso:<\/h3>\n\n\n\n<ul class=\"wp-block-list\">\n<li>Preacabado contra piedras de acabado m\u00e1s duras (por ejemplo, Nakayama, Ozuku)<\/li>\n\n\n\n<li>Acabado Kasumi para cuchillos japoneses<\/li>\n\n\n\n<li>Progresi\u00f3n con navaja (despu\u00e9s de piedras de grano medio)<\/li>\n<\/ul>\n\n\n\n<h3 class=\"wp-block-heading\">Idoneidad para aceros:<\/h3>\n\n\n\n<ul class=\"wp-block-list\">\n<li>Aceros al carbono (Shirogami, Aogami) - resultado excelente<\/li>\n\n\n\n<li>Acero inoxidable - buen trabajo<\/li>\n\n\n\n<li>HSS - funciona pero la eficacia depende de la presi\u00f3n y la suspensi\u00f3n<\/li>\n<\/ul>\n\n\n\n<h3 class=\"wp-block-heading\">Exclusividad:<\/h3>\n\n\n\n<ul class=\"wp-block-list\">\n<li>T\u00edpica suite \u201een vivo\u201c durante el trabajo<\/li>\n\n\n\n<li>Superficie muy bonita y natural<\/li>\n\n\n\n<li>Una piedra vers\u00e1til tanto para profesionales como para aficionados avanzados<\/li>\n<\/ul>","protected":false},"excerpt":{"rendered":"<ul>\n<li>Adecuado para cuchillos de acabado, tijeras, carpinter\u00eda y otras herramientas<\/li>\n<li>Dimensiones: 169x73x35 mm<\/li>\n<li>Peso: 995 g<\/li>\n<li>Dureza: Lv 4<\/li>\n<li>Las l\u00edneas son seguras<\/li>\n<li>La superficie queda lisa y lista para trabajar.<\/li>\n<li>Recomendamos trabajar con agua caliente, ya que el agua fr\u00eda reduce la velocidad y la respuesta.<\/li>\n<\/ul>","protected":false},"featured_media":5851,"comment_status":"closed","ping_status":"closed","template":"","meta":[],"product_brand":[],"product_cat":[22],"product_tag":[382,50],"class_list":{"0":"post-5846","1":"product","2":"type-product","3":"status-publish","4":"has-post-thumbnail","6":"product_cat-jnats","7":"product_tag-nishhoyama","8":"product_tag-suita","9":"product_shipping_class-iprastas","11":"first","12":"instock","13":"shipping-taxable","14":"purchasable","15":"product-type-simple"},"_links":{"self":[{"href":"https:\/\/jnats.eu\/es\/wp-json\/wp\/v2\/product\/5846","targetHints":{"allow":["GET"]}}],"collection":[{"href":"https:\/\/jnats.eu\/es\/wp-json\/wp\/v2\/product"}],"about":[{"href":"https:\/\/jnats.eu\/es\/wp-json\/wp\/v2\/types\/product"}],"replies":[{"embeddable":true,"href":"https:\/\/jnats.eu\/es\/wp-json\/wp\/v2\/comments?post=5846"}],"wp:featuredmedia":[{"embeddable":true,"href":"https:\/\/jnats.eu\/es\/wp-json\/wp\/v2\/media\/5851"}],"wp:attachment":[{"href":"https:\/\/jnats.eu\/es\/wp-json\/wp\/v2\/media?parent=5846"}],"wp:term":[{"taxonomy":"product_brand","embeddable":true,"href":"https:\/\/jnats.eu\/es\/wp-json\/wp\/v2\/product_brand?post=5846"},{"taxonomy":"product_cat","embeddable":true,"href":"https:\/\/jnats.eu\/es\/wp-json\/wp\/v2\/product_cat?post=5846"},{"taxonomy":"product_tag","embeddable":true,"href":"https:\/\/jnats.eu\/es\/wp-json\/wp\/v2\/product_tag?post=5846"}],"curies":[{"name":"wp","href":"https:\/\/api.w.org\/{rel}","templated":true}]}}