{"id":5861,"date":"2025-03-19T09:11:00","date_gmt":"2025-03-19T07:11:00","guid":{"rendered":"https:\/\/jnats.eu\/?post_type=product&#038;p=5861"},"modified":"2026-03-19T11:17:54","modified_gmt":"2026-03-19T09:17:54","slug":"stiga-carbonado-90-78-g-penhold","status":"publish","type":"product","link":"https:\/\/jnats.eu\/es\/producto-2\/stiga-carbonado-90-78-g-penhold\/","title":{"rendered":"Stiga Carbonado 90 (78 g, Penhold)"},"content":{"rendered":"<figure class=\"wp-block-embed is-type-video is-provider-youtube wp-block-embed-youtube wp-embed-aspect-9-16 wp-has-aspect-ratio\"><div class=\"wp-block-embed__wrapper\">\n<div class=\"video-container\"><iframe title=\"Stiga Carbonado 90 Penhold\" width=\"563\" height=\"1000\" src=\"https:\/\/www.youtube.com\/embed\/AmO66AXEUdE?feature=oembed\" frameborder=\"0\" allow=\"accelerometer; autoplay; clipboard-write; encrypted-media; gyroscope; picture-in-picture; web-share\" referrerpolicy=\"strict-origin-when-cross-origin\" allowfullscreen><\/iframe><\/div>\n<\/div><\/figure>\n\n\n\n<p>Stiga Carbonado 90 es una base de tenis de mesa de primera calidad dise\u00f1ada para ofrecer la m\u00e1xima velocidad y estabilidad. Utiliza un exclusivo <strong>Tecnolog\u00eda de carbono TeXtreme<\/strong> (fibra orientada a 90\u00b0), que proporciona una sensaci\u00f3n de extrema rigidez, alta velocidad y una trayectoria de la pelota muy recta.<\/p>\n\n\n\n<p>Este modelo es especialmente apreciado por los amantes del juego agresivo - ideal para topspin r\u00e1pidos, tiros a corta distancia y juego a media distancia.<\/p>\n\n\n\n<p><strong>Especificaci\u00f3n:<\/strong><\/p>\n\n\n\n<ul class=\"wp-block-list\">\n<li>Modelo:Stiga Carbonado 90<\/li>\n\n\n\n<li>Peso: 78 g (m\u00e1s ligero que la media - mejor maniobrabilidad)<\/li>\n\n\n\n<li>Rankena: Penhold (Chino - CPEN)<\/li>\n\n\n\n<li>Construcci\u00f3n: 5 capas de madera + 2 capas de carbono (TeXtreme\u00ae Carbon)<\/li>\n\n\n\n<li>Velocidad: OFF+<\/li>\n\n\n\n<li>Control: medio (orientado al ataque)<\/li>\n\n\n\n<li>Sensaci\u00f3n: empinada, trayectoria muy recta<\/li>\n<\/ul>\n\n\n\n<p><strong>Estado:<\/strong><\/p>\n\n\n\n<ul class=\"wp-block-list\">\n<li>Sin usar (nuevo)<\/li>\n\n\n\n<li>La caja presenta signos est\u00e9ticos de desgaste (empa\u00f1ada)<\/li>\n<\/ul>","protected":false},"excerpt":{"rendered":"<p>Modelo:Stiga Carbonado 90<\/p>\n<p>Peso: 78 g (m\u00e1s ligero que la media - mejor maniobrabilidad)<\/p>\n<p>Rankena: Penhold (Chino - CPEN)<\/p>\n<p>Construcci\u00f3n: 5 capas de madera + 2 capas de carbono (TeXtreme\u00ae Carbon)<\/p>\n<p>Velocidad: OFF+<\/p>\n<p>Control: medio (orientado al ataque)<\/p>\n<p>Sensaci\u00f3n: empinada, trayectoria muy recta<\/p>","protected":false},"featured_media":5865,"comment_status":"closed","ping_status":"closed","template":"","meta":[],"product_brand":[],"product_cat":[24],"product_tag":[383,384],"class_list":{"0":"post-5861","1":"product","2":"type-product","3":"status-publish","4":"has-post-thumbnail","6":"product_cat-knifes","7":"product_tag-stiga","8":"product_tag-tenisas","9":"product_shipping_class-iprastas","11":"first","12":"instock","13":"shipping-taxable","14":"purchasable","15":"product-type-simple"},"_links":{"self":[{"href":"https:\/\/jnats.eu\/es\/wp-json\/wp\/v2\/product\/5861","targetHints":{"allow":["GET"]}}],"collection":[{"href":"https:\/\/jnats.eu\/es\/wp-json\/wp\/v2\/product"}],"about":[{"href":"https:\/\/jnats.eu\/es\/wp-json\/wp\/v2\/types\/product"}],"replies":[{"embeddable":true,"href":"https:\/\/jnats.eu\/es\/wp-json\/wp\/v2\/comments?post=5861"}],"wp:featuredmedia":[{"embeddable":true,"href":"https:\/\/jnats.eu\/es\/wp-json\/wp\/v2\/media\/5865"}],"wp:attachment":[{"href":"https:\/\/jnats.eu\/es\/wp-json\/wp\/v2\/media?parent=5861"}],"wp:term":[{"taxonomy":"product_brand","embeddable":true,"href":"https:\/\/jnats.eu\/es\/wp-json\/wp\/v2\/product_brand?post=5861"},{"taxonomy":"product_cat","embeddable":true,"href":"https:\/\/jnats.eu\/es\/wp-json\/wp\/v2\/product_cat?post=5861"},{"taxonomy":"product_tag","embeddable":true,"href":"https:\/\/jnats.eu\/es\/wp-json\/wp\/v2\/product_tag?post=5861"}],"curies":[{"name":"wp","href":"https:\/\/api.w.org\/{rel}","templated":true}]}}