{"id":5872,"date":"2026-03-20T09:48:10","date_gmt":"2026-03-20T07:48:10","guid":{"rendered":"https:\/\/jnats.eu\/?post_type=product&#038;p=5872"},"modified":"2026-03-23T08:20:53","modified_gmt":"2026-03-23T06:20:53","slug":"nakayama-nashiji-tomae-japoniskas-naturalus-galandimo-akmuo","status":"publish","type":"product","link":"https:\/\/jnats.eu\/es\/producto-2\/nakayama-nashiji-tomae-japoniskas-naturalus-galandimo-akmuo\/","title":{"rendered":"Piedra de afilar natural japonesa Nakayama Nashiji Tomae"},"content":{"rendered":"<figure class=\"wp-block-embed is-type-video is-provider-youtube wp-block-embed-youtube wp-embed-aspect-16-9 wp-has-aspect-ratio\"><div class=\"wp-block-embed__wrapper\">\n<div class=\"video-container\"><iframe title=\"Afilado de una navaja de afeitar Puma con Nakayama Nashiji Tomae | Piedra de afilar natural japonesa\" width=\"1170\" height=\"658\" src=\"https:\/\/www.youtube.com\/embed\/SxCkPyTNzhU?feature=oembed\" frameborder=\"0\" allow=\"accelerometer; autoplay; clipboard-write; encrypted-media; gyroscope; picture-in-picture; web-share\" referrerpolicy=\"strict-origin-when-cross-origin\" allowfullscreen><\/iframe><\/div>\n<\/div><\/figure>\n\n\n\n<p>Una piedra de afilar natural japonesa de alta gama procedente de la famosa regi\u00f3n de Nakayama, una de las piedras naturales m\u00e1s apreciadas del mundo. Esta piedra de tipo Nashiji se caracteriza por su trabajo suave y liso y su capacidad para ofrecer un acabado de alt\u00edsima calidad.<\/p>\n\n\n\n<p>Ideal para el pulido final y el afinado de hojas de navajas, cuchillos y otras herramientas afiladas peligrosas. La piedra produce hojas limpias y controladas con un excelente equilibrio de afilado y suavidad.<\/p>\n\n\n\n<p>Hay una hendidura en el centro del plano, pero no tiene importancia pr\u00e1ctica para el uso. Las piedras de acabado se desgastan muy lentamente, por lo que esto no ser\u00e1 un problema a largo plazo (incluso para los \u201enietos\u201c).<\/p>\n\n\n\n<p><strong>Caracter\u00edsticas:<\/strong><\/p>\n\n\n\n<ul class=\"wp-block-list\">\n<li>Piedra de afilar natural japonesa (JNat)<\/li>\n\n\n\n<li>Nakayama: una de las regiones mejor valoradas<\/li>\n\n\n\n<li>Capa Nashiji Tomae - trabajo suave y estable<\/li>\n\n\n\n<li>Apto para navajas, cuchillos y otras herramientas<\/li>\n\n\n\n<li>Desgaste lento, durabilidad<\/li>\n\n\n\n<li>Acabado fino de alta gama<\/li>\n<\/ul>\n\n\n\n<p>Una gran elecci\u00f3n tanto para coleccionistas como para profesionales que buscan una aut\u00e9ntica piedra de acabado japon\u00e9s.<\/p>","protected":false},"excerpt":{"rendered":"<ul>\n<li>Adecuado para el acabado de navajas, cuchillos, tijeras, carpinter\u00eda y otras herramientas.<\/li>\n<li>Dimensiones: 206x78x34 mm<\/li>\n<li>Peso: 1280 g<\/li>\n<li>Dureza: Lv 4<\/li>\n<li>La superficie es lisa y lista para trabajar.<\/li>\n<li>Laterales lacados<\/li>\n<li><strong>Hay una hendidura en el centro del plano, pero no tiene importancia pr\u00e1ctica para el uso. Las piedras de acabado se desgastan muy lentamente, por lo que esto no ser\u00e1 un problema incluso a largo plazo.<\/strong><\/li>\n<li>Recomendamos trabajar con agua caliente, ya que el agua fr\u00eda reduce la velocidad y la respuesta.<\/li>\n<\/ul>","protected":false},"featured_media":5879,"comment_status":"closed","ping_status":"closed","template":"","meta":[],"product_brand":[],"product_cat":[22],"product_tag":[49,48],"class_list":{"0":"post-5872","1":"product","2":"type-product","3":"status-publish","4":"has-post-thumbnail","6":"product_cat-jnats","7":"product_tag-nakayama","8":"product_tag-nashiji","9":"product_shipping_class-iprastas","11":"first","12":"instock","13":"shipping-taxable","14":"purchasable","15":"product-type-simple"},"_links":{"self":[{"href":"https:\/\/jnats.eu\/es\/wp-json\/wp\/v2\/product\/5872","targetHints":{"allow":["GET"]}}],"collection":[{"href":"https:\/\/jnats.eu\/es\/wp-json\/wp\/v2\/product"}],"about":[{"href":"https:\/\/jnats.eu\/es\/wp-json\/wp\/v2\/types\/product"}],"replies":[{"embeddable":true,"href":"https:\/\/jnats.eu\/es\/wp-json\/wp\/v2\/comments?post=5872"}],"wp:featuredmedia":[{"embeddable":true,"href":"https:\/\/jnats.eu\/es\/wp-json\/wp\/v2\/media\/5879"}],"wp:attachment":[{"href":"https:\/\/jnats.eu\/es\/wp-json\/wp\/v2\/media?parent=5872"}],"wp:term":[{"taxonomy":"product_brand","embeddable":true,"href":"https:\/\/jnats.eu\/es\/wp-json\/wp\/v2\/product_brand?post=5872"},{"taxonomy":"product_cat","embeddable":true,"href":"https:\/\/jnats.eu\/es\/wp-json\/wp\/v2\/product_cat?post=5872"},{"taxonomy":"product_tag","embeddable":true,"href":"https:\/\/jnats.eu\/es\/wp-json\/wp\/v2\/product_tag?post=5872"}],"curies":[{"name":"wp","href":"https:\/\/api.w.org\/{rel}","templated":true}]}}