{"id":590,"date":"2024-03-09T12:30:54","date_gmt":"2024-03-09T10:30:54","guid":{"rendered":"http:\/\/jnats.eu\/?post_type=product&#038;p=590"},"modified":"2024-04-17T10:40:41","modified_gmt":"2024-04-17T07:40:41","slug":"piedra-de-afilar-natural-japonesa-nakayama-kiita-honyama-de-calidad-dorada","status":"publish","type":"product","link":"https:\/\/jnats.eu\/es\/producto-2\/piedra-de-afilar-natural-japonesa-nakayama-kiita-honyama-de-calidad-dorada\/","title":{"rendered":"Piedra de afilar natural japonesa Nakayama Kiita Honyama de primera calidad"},"content":{"rendered":"<p>Nakayama Kiita es una piedra de afilar de gran prestigio originaria de Jap\u00f3n, conocida entre aficionados y profesionales por su excepcional calidad y rendimiento. Extra\u00edda de las monta\u00f1as, conocida por su grano fino y sus excelentes propiedades de afilado, la piedra de afilar Nakayama Kiita es apreciada por su capacidad para crear hojas afiladas para cuchillos, navajas y otras herramientas de corte.<\/p>\n\n\n\n<h2 class=\"wp-block-heading\">Principales caracter\u00edsticas de la piedra de amolar Nakayama Kiita:<\/h2>\n\n\n\n<p>La piedra Nakayama Kiita es una piedra natural que se extrajo de la cantera de Nakayama, en Jap\u00f3n, a mediados del siglo pasado. Esta piedra natural es apreciada por su composici\u00f3n \u00fanica y su afilado uniforme.<\/p>\n\n\n\n<p>Grano fino: la piedra Kiita suele tener un grano fino, lo que permite crear hojas extremadamente afiladas con un acabado suave. La piedra de afilar Kiita de Nakayama es conocida por su capacidad para afinar herramientas con un alto grado de precisi\u00f3n, lo que la hace adecuada para uso profesional y tareas de afilado dif\u00edciles.<\/p>\n\n\n\n<p>Excelente respuesta: los usuarios suelen elogiar la piedra de afilar Nakayama Kiita por su excelente respuesta durante el proceso de afilado. La piedra proporciona una sensaci\u00f3n t\u00e1ctil que permite al usuario evaluar el proceso de afilado y alcanzar el nivel de afilado deseado.<\/p>\n\n\n\n<p>Versatilidad: aunque la piedra de afilar Kiita de Nakayama se utiliza principalmente para afilar cuchillos y navajas, tambi\u00e9n se puede utilizar para afilar una amplia gama de otras herramientas de corte, incluidos cinceles para trabajar la madera, tijeras y herramientas de tallado.<\/p>\n\n\n\n<p>Est\u00e9tica: adem\u00e1s de sus cualidades funcionales, la piedra de afilar Nakayama Kiita es apreciada por su atractivo est\u00e9tico. La piedra suele presentar dibujos, colores y texturas \u00fanicos que realzan su atractivo visual y aumentan su encanto entre coleccionistas y aficionados al afilado.<\/p>\n\n\n\n<p>Durabilidad: con el cuidado y mantenimiento adecuados, la piedra de afilar Nakayama Kiita puede proporcionar un rendimiento de afilado fiable durante a\u00f1os. Para preservar la integridad de la piedra y garantizar resultados uniformes a lo largo del tiempo, se recomienda alisar la piedra con regularidad.<\/p>\n\n\n\n<p>En general, la piedra de afilar Nakayama Kiita es el pin\u00e1culo de la artesan\u00eda japonesa y es apreciada por su capacidad para lograr un afilado excepcional con precisi\u00f3n y delicadeza. Es una herramienta valiosa para los entusiastas del afilado y los profesionales que buscan una piedra de afilar de calidad y rendimiento sin concesiones.<\/p>\n\n\n\n<figure class=\"wp-block-embed is-type-video is-provider-youtube wp-block-embed-youtube wp-embed-aspect-16-9 wp-has-aspect-ratio\"><div class=\"wp-block-embed__wrapper\">\n<div class=\"video-container\"><iframe title=\"Nakayama Homdomae y Kiita Piedras de afilar naturales japonesas de primera calidad\" width=\"1170\" height=\"658\" src=\"https:\/\/www.youtube.com\/embed\/lq1ALjueKgw?start=195&#038;feature=oembed\" frameborder=\"0\" allow=\"accelerometer; autoplay; clipboard-write; encrypted-media; gyroscope; picture-in-picture; web-share\" allowfullscreen><\/iframe><\/div>\n<\/div><\/figure>","protected":false},"excerpt":{"rendered":"<ul>\n<li>Adecuado para el acabado de navajas, cuchillos y herramientas.<\/li>\n<li>Dimensiones: 151x88x24 mm<\/li>\n<li>Peso 785 g<\/li>\n<li>Dureza: Nivel 4,5<\/li>\n<li>Con un dado Honyama que se coloc\u00f3 sobre las piedras Nakayama y Shobudani.<\/li>\n<\/ul>","protected":false},"featured_media":989,"comment_status":"open","ping_status":"closed","template":"","meta":[],"product_brand":[],"product_cat":[22],"product_tag":[141,49,140],"class_list":{"0":"post-590","1":"product","2":"type-product","3":"status-publish","4":"has-post-thumbnail","6":"product_cat-jnats","7":"product_tag-kiita","8":"product_tag-nakayama","9":"product_tag-nakayama-kiita","10":"product_shipping_class-iprastas","12":"first","13":"outofstock","14":"sale","15":"shipping-taxable","16":"purchasable","17":"product-type-simple"},"_links":{"self":[{"href":"https:\/\/jnats.eu\/es\/wp-json\/wp\/v2\/product\/590","targetHints":{"allow":["GET"]}}],"collection":[{"href":"https:\/\/jnats.eu\/es\/wp-json\/wp\/v2\/product"}],"about":[{"href":"https:\/\/jnats.eu\/es\/wp-json\/wp\/v2\/types\/product"}],"replies":[{"embeddable":true,"href":"https:\/\/jnats.eu\/es\/wp-json\/wp\/v2\/comments?post=590"}],"wp:featuredmedia":[{"embeddable":true,"href":"https:\/\/jnats.eu\/es\/wp-json\/wp\/v2\/media\/989"}],"wp:attachment":[{"href":"https:\/\/jnats.eu\/es\/wp-json\/wp\/v2\/media?parent=590"}],"wp:term":[{"taxonomy":"product_brand","embeddable":true,"href":"https:\/\/jnats.eu\/es\/wp-json\/wp\/v2\/product_brand?post=590"},{"taxonomy":"product_cat","embeddable":true,"href":"https:\/\/jnats.eu\/es\/wp-json\/wp\/v2\/product_cat?post=590"},{"taxonomy":"product_tag","embeddable":true,"href":"https:\/\/jnats.eu\/es\/wp-json\/wp\/v2\/product_tag?post=590"}],"curies":[{"name":"wp","href":"https:\/\/api.w.org\/{rel}","templated":true}]}}