{"id":5931,"date":"2026-04-01T10:25:24","date_gmt":"2026-04-01T07:25:24","guid":{"rendered":"https:\/\/jnats.eu\/?post_type=product&#038;p=5931"},"modified":"2026-04-01T11:45:30","modified_gmt":"2026-04-01T08:45:30","slug":"tiesiosiu-britvu-komplektas-2-8-ir-4-8-naujos-renaissance-solingen-germany-spitzenqualitat-meister-funk","status":"publish","type":"product","link":"https:\/\/jnats.eu\/es\/producto-2\/tiesiosiu-britvu-komplektas-2-8-ir-4-8-naujos-renaissance-solingen-germany-spitzenqualitat-meister-funk\/","title":{"rendered":"Juego de navajas (2\/8 y 4\/8), nuevas, Renaissance Solingen Alemania, Spitzenqualitat Meister Funk"},"content":{"rendered":"<figure class=\"wp-block-embed is-type-video is-provider-youtube wp-block-embed-youtube wp-embed-aspect-9-16 wp-has-aspect-ratio\"><div class=\"wp-block-embed__wrapper\">\n<div class=\"video-container\"><iframe title=\"Straight Razors Renaissance, Solingen Alemania, Spitzenqualitat Meister Funk\" width=\"563\" height=\"1000\" src=\"https:\/\/www.youtube.com\/embed\/i1XlX4nmuQA?feature=oembed\" frameborder=\"0\" allow=\"accelerometer; autoplay; clipboard-write; encrypted-media; gyroscope; picture-in-picture; web-share\" referrerpolicy=\"strict-origin-when-cross-origin\" allowfullscreen><\/iframe><\/div>\n<\/div><\/figure>\n\n\n\n<p>Juego de dos navajas de afeitar rectas de diferentes tama\u00f1os procedentes de Solingen (Alemania). Ambas navajas vintage est\u00e1n sin usar, en excelente estado, con hojas decoradas y mangos cl\u00e1sicos brillantes.<\/p>\n\n\n\n<p>El juego incluye:<\/p>\n\n\n\n<p><strong>Modelo 804 (4\/8)<\/strong><br>Dimensiones de la hoja: 70 \u00d7 16 \u00d7 4 mm<br>Peso: 31 g<br>Maquinilla m\u00e1s grande, m\u00e1s vers\u00e1til, m\u00e1s c\u00f3moda para el afeitado b\u00e1sico<\/p>\n\n\n\n<p><strong>Modelo 802 (2\/8)<\/strong><br>Dimensiones de la hoja: 70 \u00d7 10 \u00d7 3 mm<br>Peso: 24 g<br>Maquinilla m\u00e1s peque\u00f1a, especialmente adecuada para trabajos espec\u00edficos y zonas de dif\u00edcil acceso (debajo de la nariz, alrededor de las orejas, contornos)<\/p>\n\n\n\n<p>Inscripciones en la hoja: Renaissance, Solingen Germany, Spitzenqualitat, Meister Funk<br>Asas: Solingen INOX y logotipo de Solingen<\/p>\n\n\n\n<p>Las maquinillas est\u00e1n sin usar, sin signos de uso. Adecuadas para afeitarse, coleccionar o regalar. Pueden necesitar un ligero afilado o refrescado antes de su uso.<\/p>\n\n\n\n<p>No se trata de britvas antiguas (de principios o mediados del siglo XX) en cuanto a rasgos visibles, sino m\u00e1s bien de <strong>Producci\u00f3n tard\u00eda, alrededor de 1980-2000<\/strong>, quiz\u00e1s incluso un poco m\u00e1s reciente.<\/p>\n\n\n\n<p>Pues s\u00ed:<\/p>\n\n\n\n<ul class=\"wp-block-list\">\n<li>Impreso en <strong>\u201cSolingen INOX\u201d<\/strong> indica acero inoxidable, que s\u00f3lo se empez\u00f3 a utilizar a partir de 1960-1970, y que se suele encontrar en productos posteriores.<\/li>\n\n\n\n<li><strong>\u201cRenacimiento\u201d<\/strong> - Nombre Dovo t\u00edpico, comercial y orientado a la exportaci\u00f3n, utilizado a menudo en la producci\u00f3n posterior.<\/li>\n\n\n\n<li>Los grabados y el dise\u00f1o en general tienen un aspecto m\u00e1s moderno (producci\u00f3n en f\u00e1brica en lugar de artesanal y en serie).<\/li>\n\n\n\n<li>La numeraci\u00f3n de los modelos (802, 804, 208) es t\u00edpica de los productos de cat\u00e1logo posteriores<\/li>\n\n\n\n<li>Mangos de pl\u00e1stico (marfil) en lugar de hueso o cuerno aut\u00e9ntico, otro signo de una producci\u00f3n m\u00e1s moderna.<\/li>\n<\/ul>\n\n\n\n<p>Importante: siguen consider\u00e1ndose <strong>vintage por entusiastas del afeitado<\/strong>, pero no \u201eantiguo\u201c.<\/p>","protected":false},"excerpt":{"rendered":"<p><strong>El juego incluye: <\/strong><\/p>\n<ul>\n<li><strong>Modelo 804 (4\/8)<\/strong><\/li>\n<li>Dimensiones de la hoja: 70 \u00d7 16 \u00d7 4 mm<\/li>\n<li>Peso: 31 g<\/li>\n<li>Maquinilla m\u00e1s grande, m\u00e1s vers\u00e1til, m\u00e1s c\u00f3moda para el afeitado b\u00e1sico<\/li>\n<\/ul>\n<p>&nbsp;<\/p>\n<ul>\n<li><strong>Modelo 802 (2\/8)<\/strong><\/li>\n<li>Dimensiones de la hoja: 70 \u00d7 10 \u00d7 3 mm<\/li>\n<li>Peso: 24 g<\/li>\n<li>Maquinilla m\u00e1s peque\u00f1a, especialmente adecuada para trabajos espec\u00edficos y zonas de dif\u00edcil acceso (debajo de la nariz, alrededor de las orejas, contornos)<\/li>\n<\/ul>","protected":false},"featured_media":5940,"comment_status":"closed","ping_status":"closed","template":"","meta":[],"product_brand":[],"product_cat":[23],"product_tag":[385,84],"class_list":{"0":"post-5931","1":"product","2":"type-product","3":"status-publish","4":"has-post-thumbnail","6":"product_cat-razors","7":"product_tag-renaissance","8":"product_tag-solingen","9":"product_shipping_class-light","11":"first","12":"instock","13":"shipping-taxable","14":"purchasable","15":"product-type-simple"},"_links":{"self":[{"href":"https:\/\/jnats.eu\/es\/wp-json\/wp\/v2\/product\/5931","targetHints":{"allow":["GET"]}}],"collection":[{"href":"https:\/\/jnats.eu\/es\/wp-json\/wp\/v2\/product"}],"about":[{"href":"https:\/\/jnats.eu\/es\/wp-json\/wp\/v2\/types\/product"}],"replies":[{"embeddable":true,"href":"https:\/\/jnats.eu\/es\/wp-json\/wp\/v2\/comments?post=5931"}],"wp:featuredmedia":[{"embeddable":true,"href":"https:\/\/jnats.eu\/es\/wp-json\/wp\/v2\/media\/5940"}],"wp:attachment":[{"href":"https:\/\/jnats.eu\/es\/wp-json\/wp\/v2\/media?parent=5931"}],"wp:term":[{"taxonomy":"product_brand","embeddable":true,"href":"https:\/\/jnats.eu\/es\/wp-json\/wp\/v2\/product_brand?post=5931"},{"taxonomy":"product_cat","embeddable":true,"href":"https:\/\/jnats.eu\/es\/wp-json\/wp\/v2\/product_cat?post=5931"},{"taxonomy":"product_tag","embeddable":true,"href":"https:\/\/jnats.eu\/es\/wp-json\/wp\/v2\/product_tag?post=5931"}],"curies":[{"name":"wp","href":"https:\/\/api.w.org\/{rel}","templated":true}]}}