{"id":5995,"date":"2026-04-29T11:43:58","date_gmt":"2026-04-29T08:43:58","guid":{"rendered":"https:\/\/jnats.eu\/?post_type=product&#038;p=5995"},"modified":"2026-04-29T11:45:05","modified_gmt":"2026-04-29T08:45:05","slug":"suita-japoniskas-naturalus-galandinimo-akmuo-finishing-whestone","status":"publish","type":"product","link":"https:\/\/jnats.eu\/es\/producto-2\/suita-japoniskas-naturalus-galandinimo-akmuo-finishing-whestone\/","title":{"rendered":"Piedra japonesa Suita de acabado natural con soporte de madera"},"content":{"rendered":"<figure class=\"wp-block-embed is-type-video is-provider-youtube wp-block-embed-youtube wp-embed-aspect-16-9 wp-has-aspect-ratio\"><div class=\"wp-block-embed__wrapper\">\n<div class=\"video-container\"><iframe title=\"\u00bfSu cuchillo se desafila despu\u00e9s de 2 golpes? Aqu\u00ed est\u00e1 la verdadera raz\u00f3n\" width=\"1170\" height=\"658\" src=\"https:\/\/www.youtube.com\/embed\/L6PCKJuG2o4?start=872&#038;feature=oembed\" frameborder=\"0\" allow=\"accelerometer; autoplay; clipboard-write; encrypted-media; gyroscope; picture-in-picture; web-share\" referrerpolicy=\"strict-origin-when-cross-origin\" allowfullscreen><\/iframe><\/div>\n<\/div><\/figure>\n\n\n\n<p>Calidad <strong>Suite<\/strong> Piedra de afilar natural japonesa (JNATS) de la regi\u00f3n de Kioto (capas de tipo Kyoto Suita \/ Shohonyama).<\/p>\n\n\n\n<p><strong>Datos t\u00e9cnicos:<\/strong><\/p>\n\n\n\n<ul class=\"wp-block-list\">\n<li><strong>Dureza:<\/strong> Lv 4.7 (dureza media - adecuado tanto para una r\u00e1pida eliminaci\u00f3n del metal como para un excelente acabado)<\/li>\n\n\n\n<li><strong>Dimensiones:<\/strong> 165 \u00d7 70 \u00d7 53 mm<\/li>\n\n\n\n<li><strong>Peso con soporte:<\/strong> 1640 g<\/li>\n\n\n\n<li><strong>Superficie:<\/strong> Precioso dibujo de m\u00e1rmol con l\u00edneas blancas y grises naturales<\/li>\n\n\n\n<li><strong>Laterales:<\/strong> Lacado con laca marr\u00f3n oscura - para un aspecto est\u00e9tico y protecci\u00f3n<\/li>\n\n\n\n<li><strong>Estado:<\/strong> Los bordes presentan peque\u00f1as grietas naturales (t\u00edpicas de la piedra natural, no afectan al rendimiento)<\/li>\n<\/ul>\n\n\n\n<p><strong>Uso:<\/strong> Perfecto para <strong>para cuchillos<\/strong> (cocina, caza, esquila, etc.) y otras herramientas de afilado y acabado. La piedra genera una buena suspensi\u00f3n, las l\u00edneas son seguras para las hojas de cuchillo (no t\u00f3xicas). Adecuada tanto para un afilado medio como para obtener un filo muy fino y pulido.<\/p>\n\n\n\n<p>La piedra est\u00e1 pegada a un soporte estable de madera oscura bellamente barnizada, que no s\u00f3lo a\u00f1ade est\u00e9tica, sino que tambi\u00e9n garantiza un funcionamiento c\u00f3modo y estable.<\/p>\n\n\n\n<p><strong>Origen:<\/strong> Piedra Suita natural japonesa de la prefectura de Kioto (probablemente Shohonyama o capa Suita similar).<\/p>\n\n\n\n<p>Las piedras naturales japonesas se valoran por su estructura \u00fanica y su capacidad para dar a los cuchillos un afilado excepcional y duradero que los afiladores sint\u00e9ticos no pueden dar.<\/p>","protected":false},"excerpt":{"rendered":"<ul>\n<li><strong>Dureza:<\/strong> Lv 4.7 (dureza media - adecuado tanto para una r\u00e1pida eliminaci\u00f3n del metal como para un excelente acabado)<\/li>\n<li><strong>Dimensiones:<\/strong> 165 \u00d7 70 \u00d7 53 mm<\/li>\n<li><strong>Peso con soporte:<\/strong> 1640 g<\/li>\n<li><strong>Superficie:<\/strong> Precioso dibujo de m\u00e1rmol con l\u00edneas blancas y grises naturales<\/li>\n<li><strong>Laterales:<\/strong> Lacado con laca marr\u00f3n oscura - para un aspecto est\u00e9tico y protecci\u00f3n<\/li>\n<li><strong>Estado:<\/strong> Los bordes presentan peque\u00f1as grietas naturales (t\u00edpicas de la piedra natural, no afectan al rendimiento)<\/li>\n<\/ul>","protected":false},"featured_media":5999,"comment_status":"closed","ping_status":"closed","template":"","meta":[],"product_brand":[],"product_cat":[22],"product_tag":[386,387,362,365,388,50],"class_list":{"0":"post-5995","1":"product","2":"type-product","3":"status-publish","4":"has-post-thumbnail","6":"product_cat-jnats","7":"product_tag-finishing-stone","8":"product_tag-japoniskas-galastuvas","9":"product_tag-jnats","10":"product_tag-naturalus-akmuo","11":"product_tag-peiliu-galandimas","12":"product_tag-suita","13":"product_shipping_class-iprastas","15":"first","16":"instock","17":"shipping-taxable","18":"purchasable","19":"product-type-simple"},"_links":{"self":[{"href":"https:\/\/jnats.eu\/es\/wp-json\/wp\/v2\/product\/5995","targetHints":{"allow":["GET"]}}],"collection":[{"href":"https:\/\/jnats.eu\/es\/wp-json\/wp\/v2\/product"}],"about":[{"href":"https:\/\/jnats.eu\/es\/wp-json\/wp\/v2\/types\/product"}],"replies":[{"embeddable":true,"href":"https:\/\/jnats.eu\/es\/wp-json\/wp\/v2\/comments?post=5995"}],"wp:featuredmedia":[{"embeddable":true,"href":"https:\/\/jnats.eu\/es\/wp-json\/wp\/v2\/media\/5999"}],"wp:attachment":[{"href":"https:\/\/jnats.eu\/es\/wp-json\/wp\/v2\/media?parent=5995"}],"wp:term":[{"taxonomy":"product_brand","embeddable":true,"href":"https:\/\/jnats.eu\/es\/wp-json\/wp\/v2\/product_brand?post=5995"},{"taxonomy":"product_cat","embeddable":true,"href":"https:\/\/jnats.eu\/es\/wp-json\/wp\/v2\/product_cat?post=5995"},{"taxonomy":"product_tag","embeddable":true,"href":"https:\/\/jnats.eu\/es\/wp-json\/wp\/v2\/product_tag?post=5995"}],"curies":[{"name":"wp","href":"https:\/\/api.w.org\/{rel}","templated":true}]}}