{"id":6014,"date":"2026-05-05T11:34:39","date_gmt":"2026-05-05T08:34:39","guid":{"rendered":"https:\/\/jnats.eu\/?post_type=product&#038;p=6014"},"modified":"2026-05-05T12:27:02","modified_gmt":"2026-05-05T09:27:02","slug":"japoniskas-naturalus-honyama-galandinimo-akmuo-kiotas-finisui-lv-4-5","status":"publish","type":"product","link":"https:\/\/jnats.eu\/es\/producto-2\/japoniskas-naturalus-honyama-galandinimo-akmuo-kiotas-finisui-lv-4-5\/","title":{"rendered":"Piedra de afilar japonesa Honyama natural (Kyoto) para acabado, Lv 4.5"},"content":{"rendered":"<figure class=\"wp-block-embed is-type-video is-provider-youtube wp-block-embed-youtube wp-embed-aspect-16-9 wp-has-aspect-ratio\"><div class=\"wp-block-embed__wrapper\">\n<div class=\"video-container\"><iframe title=\"Kiita Lv 3.7 \u2192 Shobudani Ozaki Namito Lv 4.5 \u2192 Aut\u00e9ntico acabado Honyama.\" width=\"1170\" height=\"658\" src=\"https:\/\/www.youtube.com\/embed\/CYzgQi-fqqo?start=711&#038;feature=oembed\" frameborder=\"0\" allow=\"accelerometer; autoplay; clipboard-write; encrypted-media; gyroscope; picture-in-picture; web-share\" referrerpolicy=\"strict-origin-when-cross-origin\" allowfullscreen><\/iframe><\/div>\n<\/div><\/figure>\n\n\n\n<p>Piedra de afilar Honyama natural japonesa de la regi\u00f3n de Kyoto para el acabado final de la hoja. Es una elecci\u00f3n cl\u00e1sica para quienes buscan un filo muy limpio, controlado y suave. Especialmente adecuada para navajas, pero tambi\u00e9n funciona bien con cuchillos de alta calidad.<\/p>\n\n\n\n<p>Una dureza en torno a 4,5 proporciona un buen equilibrio entre generaci\u00f3n de suspensi\u00f3n y control. La piedra es lo suficientemente viva como para trabajar con la superficie y crear un efecto de pulido, pero al mismo tiempo permite un alto nivel de acabado sin ser demasiado agresiva.<\/p>\n\n\n\n<p>Cuando se utiliza con agua, puede obtenerse un resultado m\u00e1s limpio y suave, mientras que con suspensi\u00f3n es posible un poco m\u00e1s de \u201emordiente\u201c en la fase inicial. Es una piedra de acabado vers\u00e1til, adecuada tanto para usuarios experimentados como para quienes buscan una entrada de calidad en el mundo de las piedras naturales japonesas.<\/p>\n\n\n\n<p><strong>Datos t\u00e9cnicos<\/strong><\/p>\n\n\n\n<ul class=\"wp-block-list\">\n<li>Piedra m\u00e1s grande (caja incluida): aprox. 137 x 76 x 27 mm, peso aprox. 640 g<\/li>\n\n\n\n<li>Piedra m\u00e1s peque\u00f1a: aprox. 115 x 90 x 13 mm, peso aprox. 390 g<\/li>\n<\/ul>\n\n\n\n<p><strong>Informaci\u00f3n complementaria<\/strong><\/p>\n\n\n\n<p>La piedra es natural, por lo que cada pieza es \u00fanica. Son posibles variaciones en el color, la textura y el tacto. Las huellas visibles de uso o almacenamiento son normales y no afectan negativamente a las propiedades de afilado.<\/p>\n\n\n\n<p><strong>Traducci\u00f3n de la caja (etiqueta)<\/strong><\/p>\n\n\n\n<p>\u9ec4\u8700\u6b63\u672c\u5c71\u7825\u77f3<br>Significado: \u201eAut\u00e9ntica piedra de afilar natural Honyama (monta\u00f1a genuina)\u201c.\u201c<\/p>\n\n\n\n<p>Notas adicionales:<br>\u5929\u7136\u7825\u77f3 - piedra de afilar natural<br>\u4eac\u90fd - Kioto (regi\u00f3n tradicional de piedra de alta gama en Jap\u00f3n)<\/p>\n\n\n\n<p>El sello de la piedra es una inscripci\u00f3n en kanji japon\u00e9s dentro de un marco. Dice as\u00ed:<\/p>\n\n\n\n<p><strong>\u6b63\u672c\u5c71 (Seihonzan \/ Sh\u014dhonzan)<\/strong><\/p>\n\n\n\n<p>Significado:<br>\u201eLa verdadera (aut\u00e9ntica) colina principal\u201c, o m\u00e1s simplemente -<br><strong>\u201eAut\u00e9ntica Piedra Honyama\u201c<\/strong><\/p>\n\n\n\n<p>En el contexto de las piedras de afilar, no se trata del nombre de una cantera concreta, sino m\u00e1s bien de <strong>marca de calidad y origen<\/strong>, que indica que la piedra est\u00e1 clasificada como piedra de acabado natural tradicional de Kioto (categor\u00eda Honyama).<\/p>","protected":false},"excerpt":{"rendered":"<p>Piedra de afilar Honyama natural japonesa de la regi\u00f3n de Kyoto para el acabado final de la hoja. Es una elecci\u00f3n cl\u00e1sica para quienes buscan un filo muy limpio, controlado y suave. Especialmente adecuada para navajas, pero tambi\u00e9n funciona bien con cuchillos de alta calidad.<\/p>\n<ul>\n<li>Piedra m\u00e1s grande (caja incluida): aprox. 137 x 76 x 27 mm, peso aprox. 640 g<\/li>\n<li>Piedra m\u00e1s peque\u00f1a: aprox. 115 x 90 x 13 mm, peso aprox. 390 g<\/li>\n<\/ul>","protected":false},"featured_media":6019,"comment_status":"closed","ping_status":"closed","template":"","meta":[],"product_brand":[],"product_cat":[22],"product_tag":[270],"class_list":{"0":"post-6014","1":"product","2":"type-product","3":"status-publish","4":"has-post-thumbnail","6":"product_cat-jnats","7":"product_tag-honyama","8":"product_shipping_class-light","10":"first","11":"instock","12":"shipping-taxable","13":"purchasable","14":"product-type-variable"},"_links":{"self":[{"href":"https:\/\/jnats.eu\/es\/wp-json\/wp\/v2\/product\/6014","targetHints":{"allow":["GET"]}}],"collection":[{"href":"https:\/\/jnats.eu\/es\/wp-json\/wp\/v2\/product"}],"about":[{"href":"https:\/\/jnats.eu\/es\/wp-json\/wp\/v2\/types\/product"}],"replies":[{"embeddable":true,"href":"https:\/\/jnats.eu\/es\/wp-json\/wp\/v2\/comments?post=6014"}],"wp:featuredmedia":[{"embeddable":true,"href":"https:\/\/jnats.eu\/es\/wp-json\/wp\/v2\/media\/6019"}],"wp:attachment":[{"href":"https:\/\/jnats.eu\/es\/wp-json\/wp\/v2\/media?parent=6014"}],"wp:term":[{"taxonomy":"product_brand","embeddable":true,"href":"https:\/\/jnats.eu\/es\/wp-json\/wp\/v2\/product_brand?post=6014"},{"taxonomy":"product_cat","embeddable":true,"href":"https:\/\/jnats.eu\/es\/wp-json\/wp\/v2\/product_cat?post=6014"},{"taxonomy":"product_tag","embeddable":true,"href":"https:\/\/jnats.eu\/es\/wp-json\/wp\/v2\/product_tag?post=6014"}],"curies":[{"name":"wp","href":"https:\/\/api.w.org\/{rel}","templated":true}]}}