{"id":6034,"date":"2026-05-12T12:05:13","date_gmt":"2026-05-12T09:05:13","guid":{"rendered":"https:\/\/jnats.eu\/?post_type=product&#038;p=6034"},"modified":"2026-05-12T19:22:51","modified_gmt":"2026-05-12T16:22:51","slug":"aiwatani-ir-nishhonyama-toma-naguru-rinkinys","status":"publish","type":"product","link":"https:\/\/jnats.eu\/es\/producto-2\/aiwatani-ir-nishhonyama-toma-naguru-rinkinys\/","title":{"rendered":"Colecci\u00f3n de Naguras de Aiwatani y Nisshozan Toma"},"content":{"rendered":"<figure class=\"wp-block-embed is-type-video is-provider-youtube wp-block-embed-youtube wp-embed-aspect-16-9 wp-has-aspect-ratio\"><div class=\"wp-block-embed__wrapper\">\n<div class=\"video-container\"><iframe title=\"Naniwa Hibiki Full Review (1000-8000) | Microscop\u00eda, Lechada Natural y Comparaci\u00f3n de Acabados JNat\" width=\"1170\" height=\"658\" src=\"https:\/\/www.youtube.com\/embed\/Uq2KbC7-GE0?start=1074&#038;feature=oembed\" frameborder=\"0\" allow=\"accelerometer; autoplay; clipboard-write; encrypted-media; gyroscope; picture-in-picture; web-share\" referrerpolicy=\"strict-origin-when-cross-origin\" allowfullscreen><\/iframe><\/div>\n<\/div><\/figure>","protected":false},"excerpt":{"rendered":"<ul>\n<li>Nisshozan Suite Lv 3.5, Nisshozan Tomae Lv 4 y Aiwatani Lv 5 conjunto de Toma Naguras.<\/li>\n<li>Adecuado para utilizar como donadores de suspensi\u00f3n en piedras de afilar naturales y artificiales. Tambi\u00e9n para afilar herramientas peque\u00f1as.<\/li>\n<li>Longitud aproximada 180 mm<\/li>\n<li>Anchura aproximada de 40 mm<\/li>\n<li>Peso total 1460 g.<\/li>\n<\/ul>","protected":false},"featured_media":6038,"comment_status":"closed","ping_status":"closed","template":"","meta":[],"product_brand":[],"product_cat":[22],"product_tag":[65,389],"class_list":{"0":"post-6034","1":"product","2":"type-product","3":"status-publish","4":"has-post-thumbnail","6":"product_cat-jnats","7":"product_tag-aiwatani","8":"product_tag-nishhonyama","9":"product_shipping_class-iprastas","11":"first","12":"outofstock","13":"shipping-taxable","14":"purchasable","15":"product-type-simple"},"_links":{"self":[{"href":"https:\/\/jnats.eu\/es\/wp-json\/wp\/v2\/product\/6034","targetHints":{"allow":["GET"]}}],"collection":[{"href":"https:\/\/jnats.eu\/es\/wp-json\/wp\/v2\/product"}],"about":[{"href":"https:\/\/jnats.eu\/es\/wp-json\/wp\/v2\/types\/product"}],"replies":[{"embeddable":true,"href":"https:\/\/jnats.eu\/es\/wp-json\/wp\/v2\/comments?post=6034"}],"wp:featuredmedia":[{"embeddable":true,"href":"https:\/\/jnats.eu\/es\/wp-json\/wp\/v2\/media\/6038"}],"wp:attachment":[{"href":"https:\/\/jnats.eu\/es\/wp-json\/wp\/v2\/media?parent=6034"}],"wp:term":[{"taxonomy":"product_brand","embeddable":true,"href":"https:\/\/jnats.eu\/es\/wp-json\/wp\/v2\/product_brand?post=6034"},{"taxonomy":"product_cat","embeddable":true,"href":"https:\/\/jnats.eu\/es\/wp-json\/wp\/v2\/product_cat?post=6034"},{"taxonomy":"product_tag","embeddable":true,"href":"https:\/\/jnats.eu\/es\/wp-json\/wp\/v2\/product_tag?post=6034"}],"curies":[{"name":"wp","href":"https:\/\/api.w.org\/{rel}","templated":true}]}}