{"id":6071,"date":"2026-05-14T10:53:36","date_gmt":"2026-05-14T07:53:36","guid":{"rendered":"https:\/\/jnats.eu\/?post_type=product&#038;p=6071"},"modified":"2026-05-14T10:53:36","modified_gmt":"2026-05-14T07:53:36","slug":"premium-ohira-uchigumori-high-grade-kasumi-finishing-whetstone","status":"publish","type":"product","link":"https:\/\/jnats.eu\/es\/producto-2\/premium-ohira-uchigumori-high-grade-kasumi-finishing-whetstone\/","title":{"rendered":"Ohira Uchigumori de primera calidad - Piedra de afilar Kasumi de alta calidad"},"content":{"rendered":"<figure class=\"wp-block-embed is-type-video is-provider-youtube wp-block-embed-youtube wp-embed-aspect-16-9 wp-has-aspect-ratio\"><div class=\"wp-block-embed__wrapper\">\n<div class=\"video-container\"><iframe title=\"Comparaci\u00f3n del acabado de Ohira Uchigumori Kasumi | Piedra de afilar de grado medio frente a la de grado superior con patr\u00f3n de loto.\" width=\"1170\" height=\"658\" src=\"https:\/\/www.youtube.com\/embed\/lnU0K-G4t-Q?start=213&#038;feature=oembed\" frameborder=\"0\" allow=\"accelerometer; autoplay; clipboard-write; encrypted-media; gyroscope; picture-in-picture; web-share\" referrerpolicy=\"strict-origin-when-cross-origin\" allowfullscreen><\/iframe><\/div>\n<\/div><\/figure>\n\n\n\n<p>Excepcional piedra natural Ohira Uchigumori de alta calidad, con numerosos y bellos dibujos de \u201cflor de loto\u201d y un acabado excepcional.<\/p>\n\n\n\n<p>Esta piedra representa el extremo superior de la calidad Uchigumori tanto visual como funcionalmente. Produce un acabado kasumi muy refinado y brillante con un contraste excelente, detalles finos y un aspecto superficial muy elegante. La sensaci\u00f3n de pulido es suave, rica y muy sensible, proporcionando una excelente respuesta t\u00e1ctil durante el uso.<\/p>\n\n\n\n<p>La pasta densa pero cremosa permite un pulido controlado al tiempo que mantiene una gran capacidad de corte, lo que hace que esta piedra sea ideal para trabajos de kasumi de alto nivel en hojas japonesas de primera calidad.<\/p>\n\n\n\n<h3 class=\"wp-block-heading\">Caracter\u00edsticas<\/h3>\n\n\n\n<ul class=\"wp-block-list\">\n<li>Alto grado Ohira Uchigumori<\/li>\n\n\n\n<li>Numerosos motivos naturales de \u201cflor de loto<\/li>\n\n\n\n<li>Contraste y refinamiento kasumi superiores<\/li>\n\n\n\n<li>Sensaci\u00f3n de afilado suave y cremosa<\/li>\n\n\n\n<li>Excelente retroalimentaci\u00f3n y control del pulido<\/li>\n\n\n\n<li>Comportamiento abrasivo fino y consistente<\/li>\n\n\n\n<li>Ideal para cuchillas de bisel ancho de primera calidad y trabajos de acabado detallados<\/li>\n\n\n\n<li>Bonito aspecto de coleccionista<\/li>\n<\/ul>\n\n\n\n<h3 class=\"wp-block-heading\">Uso recomendado<\/h3>\n\n\n\n<p>Util\u00edcelo con una nagura natural suave o una lechada ligera para obtener el m\u00e1ximo contraste kasumi y una textura de superficie refinada. Especialmente adecuado para cuchillos de acero al carbono de gama alta y hojas japonesas tradicionales de un solo bisel.<\/p>\n\n\n\n<p>Este tipo de Uchigumori se valora no s\u00f3lo por su rendimiento, sino tambi\u00e9n por su rareza, belleza visual y car\u00e1cter \u00fanico de su acabado.<\/p>","protected":false},"excerpt":{"rendered":"<ul>\n<li>El Ohira Uchigumori es muy apreciado por el acabado Kasumi de la hoja Sanmai (acero duro recubierto de una capa m\u00e1s blanda), que resalta la diferencia entre las capas dura y blanda.<\/li>\n<li>Dureza: Lv 3.5<\/li>\n<li>Dimensiones aprox. 193x69x30 mm<\/li>\n<li>Peso 1050 g.<\/li>\n<li>Las l\u00edneas son seguras<\/li>\n<\/ul>","protected":false},"featured_media":6073,"comment_status":"closed","ping_status":"closed","template":"","meta":[],"product_brand":[],"product_cat":[22],"product_tag":[47,193],"class_list":{"0":"post-6071","1":"product","2":"type-product","3":"status-publish","4":"has-post-thumbnail","6":"product_cat-jnats","7":"product_tag-ohira","8":"product_tag-uchigumori","9":"product_shipping_class-iprastas","11":"first","12":"instock","13":"shipping-taxable","14":"purchasable","15":"product-type-simple"},"_links":{"self":[{"href":"https:\/\/jnats.eu\/es\/wp-json\/wp\/v2\/product\/6071","targetHints":{"allow":["GET"]}}],"collection":[{"href":"https:\/\/jnats.eu\/es\/wp-json\/wp\/v2\/product"}],"about":[{"href":"https:\/\/jnats.eu\/es\/wp-json\/wp\/v2\/types\/product"}],"replies":[{"embeddable":true,"href":"https:\/\/jnats.eu\/es\/wp-json\/wp\/v2\/comments?post=6071"}],"wp:featuredmedia":[{"embeddable":true,"href":"https:\/\/jnats.eu\/es\/wp-json\/wp\/v2\/media\/6073"}],"wp:attachment":[{"href":"https:\/\/jnats.eu\/es\/wp-json\/wp\/v2\/media?parent=6071"}],"wp:term":[{"taxonomy":"product_brand","embeddable":true,"href":"https:\/\/jnats.eu\/es\/wp-json\/wp\/v2\/product_brand?post=6071"},{"taxonomy":"product_cat","embeddable":true,"href":"https:\/\/jnats.eu\/es\/wp-json\/wp\/v2\/product_cat?post=6071"},{"taxonomy":"product_tag","embeddable":true,"href":"https:\/\/jnats.eu\/es\/wp-json\/wp\/v2\/product_tag?post=6071"}],"curies":[{"name":"wp","href":"https:\/\/api.w.org\/{rel}","templated":true}]}}