{"id":621,"date":"2024-03-09T14:36:54","date_gmt":"2024-03-09T12:36:54","guid":{"rendered":"http:\/\/jnats.eu\/?post_type=product&#038;p=621"},"modified":"2026-03-25T23:53:21","modified_gmt":"2026-03-25T21:53:21","slug":"shapton-pro-piedra-grano-30000-piedra-de-afilar-super-fina-murasaki-k0711","status":"publish","type":"product","link":"https:\/\/jnats.eu\/es\/producto-2\/shapton-pro-piedra-grano-30000-piedra-de-afilar-super-fina-murasaki-k0711\/","title":{"rendered":"Shapton Pro Stone grit 30000 piedra de afilar s\u00faper fina, murasaki, K0711"},"content":{"rendered":"<p>Esta Shapton Pro Stone de grano 30 000, Murasaki es una piedra de afilar muy especial con un tama\u00f1o de grano de 30 000. Es tan fina que casi se siente suave. Como ocurre con todas las piedras Shapton Pro, esta piedra de 30.000 permite afilar de forma muy r\u00e1pida y uniforme. La piedra de afilar est\u00e1 realmente dise\u00f1ada para la \u00faltima etapa del proceso de afilado, de modo que incluso el \u00faltimo mil\u00edmetro del filo quede absolutamente afilado. Esto es ideal para afilar navajas de afeitar, por ejemplo. Antes de pasar a esta piedra, querr\u00e1s usar una piedra 12,000 si est\u00e1s moliendo acero m\u00e1s duro. Una piedra 8000 es m\u00e1s adecuada para acero m\u00e1s blando. Despu\u00e9s de eso, si usas esta piedra 30,000 correctamente, el filo estar\u00e1 m\u00e1s afilado que nunca.<\/p>\n\n\n\n<p>Precisamente con esta piedra 30.000 tan fina es muy importante trabajar de la forma m\u00e1s limpia posible. Especialmente si antes acabas de afilar una piedra m\u00e1s grande. Limpia bien el cuchillo\/herramienta antes de utilizar la piedra. Lo mismo ocurre con las manos y debajo de las u\u00f1as. Esto reduce la posibilidad de que se reduzca la fina superficie de la piedra.<\/p>\n\n\n\n<p>En Jap\u00f3n, estas coloridas piedras de afilar Shapton Pro tambi\u00e9n se conocen como Shapton Ha-No-Kuromaku. Estas son las piedras de afilar Shapton m\u00e1s gruesas con 15 mm. Como corresponde a Shapton, cada piedra tiene una estructura bellamente uniforme, con part\u00edculas de afilado cer\u00e1micas distribuidas uniformemente. Esto asegura un resultado de afilado realmente uniforme. Debido a que las piedras son relativamente duras, eliminan el acero r\u00e1pidamente y no se desgastan durante mucho tiempo.<\/p>\n\n\n\n<figure class=\"wp-block-embed is-type-video is-provider-youtube wp-block-embed-youtube wp-embed-aspect-16-9 wp-has-aspect-ratio\"><div class=\"wp-block-embed__wrapper\">\n<div class=\"video-container\"><iframe title=\"\u00a130.000 valores!\" width=\"1170\" height=\"658\" src=\"https:\/\/www.youtube.com\/embed\/Ut_PF5dlmlQ?feature=oembed\" frameborder=\"0\" allow=\"accelerometer; autoplay; clipboard-write; encrypted-media; gyroscope; picture-in-picture; web-share\" allowfullscreen><\/iframe><\/div>\n<\/div><\/figure>","protected":false},"excerpt":{"rendered":"<ul>\n<li>La piedra de afilar m\u00e1s peque\u00f1a del mercado.<\/li>\n<li>Puede funcionar con agua o grasa.<\/li>\n<li>Dimensiones y peso:<\/li>\n<li>Altura 1,6 cm<\/li>\n<li>Altura de la caja \/ estuche 3,7 cm<\/li>\n<li>Parte de altura \u00fatil 1,6 cm.<\/li>\n<li>Longitud 21cm<\/li>\n<li>La longitud de la caja es de 22,3 cm.<\/li>\n<li>La pieza utilizada es de 21 cm.<\/li>\n<li>Peso 510 gramos<\/li>\n<li>Ancho 7cm<\/li>\n<li>El ancho de la caja es de 8,6 cm.<\/li>\n<li>El ancho de la pieza usada es de 7 cm.<\/li>\n<li>Materiales:<\/li>\n<li>Cer\u00e1mica abrasiva, corind\u00f3n blanco.<\/li>\n<li>Aglutinante cer\u00e1mico<\/li>\n<\/ul>","protected":false},"featured_media":624,"comment_status":"open","ping_status":"closed","template":"","meta":[],"product_brand":[],"product_cat":[290],"product_tag":[145,144,143],"class_list":{"0":"post-621","1":"product","2":"type-product","3":"status-publish","4":"has-post-thumbnail","6":"product_cat-whetstones","7":"product_tag-k0711","8":"product_tag-murasaki","9":"product_tag-shapton","10":"product_shipping_class-iprastas","12":"first","13":"outofstock","14":"shipping-taxable","15":"purchasable","16":"product-type-simple"},"_links":{"self":[{"href":"https:\/\/jnats.eu\/es\/wp-json\/wp\/v2\/product\/621","targetHints":{"allow":["GET"]}}],"collection":[{"href":"https:\/\/jnats.eu\/es\/wp-json\/wp\/v2\/product"}],"about":[{"href":"https:\/\/jnats.eu\/es\/wp-json\/wp\/v2\/types\/product"}],"replies":[{"embeddable":true,"href":"https:\/\/jnats.eu\/es\/wp-json\/wp\/v2\/comments?post=621"}],"wp:featuredmedia":[{"embeddable":true,"href":"https:\/\/jnats.eu\/es\/wp-json\/wp\/v2\/media\/624"}],"wp:attachment":[{"href":"https:\/\/jnats.eu\/es\/wp-json\/wp\/v2\/media?parent=621"}],"wp:term":[{"taxonomy":"product_brand","embeddable":true,"href":"https:\/\/jnats.eu\/es\/wp-json\/wp\/v2\/product_brand?post=621"},{"taxonomy":"product_cat","embeddable":true,"href":"https:\/\/jnats.eu\/es\/wp-json\/wp\/v2\/product_cat?post=621"},{"taxonomy":"product_tag","embeddable":true,"href":"https:\/\/jnats.eu\/es\/wp-json\/wp\/v2\/product_tag?post=621"}],"curies":[{"name":"wp","href":"https:\/\/api.w.org\/{rel}","templated":true}]}}