{"id":628,"date":"2024-03-11T10:24:53","date_gmt":"2024-03-11T08:24:53","guid":{"rendered":"http:\/\/jnats.eu\/?post_type=product&#038;p=628"},"modified":"2024-09-21T14:43:37","modified_gmt":"2024-09-21T11:43:37","slug":"kamisori-tamahagane-maquinilla-de-afeitar-tradicional-japonesa","status":"publish","type":"product","link":"https:\/\/jnats.eu\/es\/producto-2\/kamisori-tamahagane-maquinilla-de-afeitar-tradicional-japonesa\/","title":{"rendered":"Maquinilla de afeitar tradicional japonesa Kamisori Tamahagane Eisho"},"content":{"rendered":"<p>Maquinilla de afeitar japonesa vintage Kamisori Eisho con hoja de acero Tamahagane<\/p>\n\n\n\n<p>Experimente el arte intemporal y la artesan\u00eda sin igual de la fabricaci\u00f3n japonesa de navajas con la navaja vintage Kamisori con hoja de acero Tamahagane. Creada por h\u00e1biles artesanos, esta navaja encarna siglos de tradici\u00f3n espadera japonesa, ofreciendo una combinaci\u00f3n de exquisito dise\u00f1o y excelente afilado.<\/p>\n\n\n\n<p>La hoja de esta navaja Kamisori est\u00e1 forjada en aut\u00e9ntico acero Tamahagane, famoso por su excepcional afilado, durabilidad y n\u00edtido veteado. Cada hoja se elabora meticulosamente para garantizar un rendimiento de corte y una durabilidad excelentes.<\/p>\n\n\n\n<p>El herrero coloca el n\u00facleo de acero duro en una vaina m\u00e1s blanda, como en las famosas katanas japonesas.<\/p>\n\n\n\n<p>Autenticidad y herencia: como pieza de arte ancestral, esta navaja Kamisori posee una rica herencia e importancia cultural en la artesan\u00eda japonesa. Cada navaja es un testimonio de la dedicaci\u00f3n y el arte de los artesanos que han preservado la tradici\u00f3n Kamisori durante generaciones.<\/p>\n\n\n\n<p>Especificaciones:<\/p>\n\n\n\n<ul class=\"wp-block-list\">\n<li>Material de la hoja: el acero Tamahagane est\u00e1 endurecido a 70 HRC, por lo que conserva su filo durante mucho tiempo.<\/li>\n\n\n\n<li>Longitud de la hoja: 40 mm<\/li>\n\n\n\n<li>Material del mango: acero<\/li>\n\n\n\n<li>Longitud total: 143 mm<\/li>\n\n\n\n<li>Maestro: Eisho<\/li>\n\n\n\n<li>Origen: Jap\u00f3n<\/li>\n<\/ul>\n\n\n\n<figure class=\"wp-block-embed is-type-video is-provider-youtube wp-block-embed-youtube wp-embed-aspect-16-9 wp-has-aspect-ratio\"><div class=\"wp-block-embed__wrapper\">\n<div class=\"video-container\"><iframe title=\"Maquinilla de afeitar tradicional japonesa Kamisori Tamahagane\" width=\"1170\" height=\"658\" src=\"https:\/\/www.youtube.com\/embed\/Xmzw6qqJJ6w?feature=oembed\" frameborder=\"0\" allow=\"accelerometer; autoplay; clipboard-write; encrypted-media; gyroscope; picture-in-picture; web-share\" allowfullscreen><\/iframe><\/div>\n<\/div><\/figure>","protected":false},"excerpt":{"rendered":"<ul>\n<li>Material de la hoja: el acero Tamahagane est\u00e1 endurecido a 70 HRC, por lo que conserva su filo durante mucho tiempo.<\/li>\n<li>Longitud de la hoja: 40 mm<\/li>\n<li>Material del mango: acero<\/li>\n<li>Longitud total: 143 mm<\/li>\n<li>Maestro: Eisho<\/li>\n<li>Origen: Jap\u00f3n<\/li>\n<\/ul>","protected":false},"featured_media":1095,"comment_status":"open","ping_status":"closed","template":"","meta":[],"product_brand":[],"product_cat":[23],"product_tag":[25,147,26],"class_list":{"0":"post-628","1":"product","2":"type-product","3":"status-publish","4":"has-post-thumbnail","6":"product_cat-razors","7":"product_tag-kamisori","8":"product_tag-kamisori-tamahagane","9":"product_tag-tamahagane","10":"product_shipping_class-light","12":"first","13":"outofstock","14":"sold-individually","15":"shipping-taxable","16":"purchasable","17":"product-type-variable"},"_links":{"self":[{"href":"https:\/\/jnats.eu\/es\/wp-json\/wp\/v2\/product\/628","targetHints":{"allow":["GET"]}}],"collection":[{"href":"https:\/\/jnats.eu\/es\/wp-json\/wp\/v2\/product"}],"about":[{"href":"https:\/\/jnats.eu\/es\/wp-json\/wp\/v2\/types\/product"}],"replies":[{"embeddable":true,"href":"https:\/\/jnats.eu\/es\/wp-json\/wp\/v2\/comments?post=628"}],"wp:featuredmedia":[{"embeddable":true,"href":"https:\/\/jnats.eu\/es\/wp-json\/wp\/v2\/media\/1095"}],"wp:attachment":[{"href":"https:\/\/jnats.eu\/es\/wp-json\/wp\/v2\/media?parent=628"}],"wp:term":[{"taxonomy":"product_brand","embeddable":true,"href":"https:\/\/jnats.eu\/es\/wp-json\/wp\/v2\/product_brand?post=628"},{"taxonomy":"product_cat","embeddable":true,"href":"https:\/\/jnats.eu\/es\/wp-json\/wp\/v2\/product_cat?post=628"},{"taxonomy":"product_tag","embeddable":true,"href":"https:\/\/jnats.eu\/es\/wp-json\/wp\/v2\/product_tag?post=628"}],"curies":[{"name":"wp","href":"https:\/\/api.w.org\/{rel}","templated":true}]}}