{"id":638,"date":"2025-01-22T14:32:21","date_gmt":"2025-01-22T12:32:21","guid":{"rendered":"http:\/\/jnats.eu\/?post_type=product&#038;p=638"},"modified":"2026-01-17T11:36:53","modified_gmt":"2026-01-17T09:36:53","slug":"maquinillas-de-afeitar-tradicionales-japonesas-kamisori","status":"publish","type":"product","link":"https:\/\/jnats.eu\/es\/producto-2\/maquinillas-de-afeitar-tradicionales-japonesas-kamisori\/","title":{"rendered":"Maquinillas de afeitar japonesas tradicionales Kamisori vintage"},"content":{"rendered":"<p>Al igual que una espada samur\u00e1i tradicional, estos Kamisori se forjaron a mano a partir de 2 capas, la parte cortante de acero con alto contenido en carbono y la capa de soporte de un acero m\u00e1s sencillo. La capa de acero es fr\u00e1gil y dura, mientras que la vaina proporciona la flexibilidad necesaria.<\/p>\n\n\n\n<figure class=\"wp-block-embed is-type-video is-provider-youtube wp-block-embed-youtube wp-embed-aspect-16-9 wp-has-aspect-ratio\"><div class=\"wp-block-embed__wrapper\">\n<div class=\"video-container\"><iframe title=\"Maquinillas de afeitar japonesas tradicionales Kamisori vintage\" width=\"1170\" height=\"658\" src=\"https:\/\/www.youtube.com\/embed\/mX8JwuToyuw?feature=oembed\" frameborder=\"0\" allow=\"accelerometer; autoplay; clipboard-write; encrypted-media; gyroscope; picture-in-picture; web-share\" referrerpolicy=\"strict-origin-when-cross-origin\" allowfullscreen><\/iframe><\/div>\n<\/div><\/figure>\n\n\n\n<p>Ambas capas no son a prueba de \u00f3xido, por lo que siempre hay que mantener la maquinilla seca despu\u00e9s del afeitado y protegerla con una fina capa de aceite. \u00bfPor qu\u00e9 se oxida esta cuchilla? Las hojas que no se oxidan est\u00e1n fabricadas con una aleaci\u00f3n que evitar\u00e1 las manchas de corrosi\u00f3n, pero tambi\u00e9n ser\u00e1n menos duras. El acero con alto contenido en carbono, como la capa de corte de esta Kamisori, proporciona una dureza mucho mayor y le permitir\u00e1 afeitarse sin problemas durante mucho m\u00e1s tiempo antes de tener que volver a afilarla.<\/p>","protected":false},"excerpt":{"rendered":"<p>Al igual que una espada samur\u00e1i tradicional, estos Kamisori se forjaron a mano a partir de 2 capas, la parte cortante de acero con alto contenido en carbono y la capa de soporte de un acero m\u00e1s sencillo. La capa de acero es fr\u00e1gil y dura, mientras que la vaina proporciona la flexibilidad necesaria.<\/p>\n<p><strong>\u00dasalo y no te lo pienses dos veces.<\/strong><\/p>\n<p>Si no ve el n\u00famero 1 en la lista, significa que el art\u00edculo se ha vendido.<\/p>\n<p>&nbsp;<\/p>","protected":false},"featured_media":3833,"comment_status":"open","ping_status":"closed","template":"","meta":[],"product_brand":[],"product_cat":[23],"product_tag":[25],"class_list":{"0":"post-638","1":"product","2":"type-product","3":"status-publish","4":"has-post-thumbnail","6":"product_cat-razors","7":"product_tag-kamisori","8":"product_shipping_class-light","10":"first","11":"instock","12":"sale","13":"sold-individually","14":"shipping-taxable","15":"purchasable","16":"product-type-variable"},"_links":{"self":[{"href":"https:\/\/jnats.eu\/es\/wp-json\/wp\/v2\/product\/638","targetHints":{"allow":["GET"]}}],"collection":[{"href":"https:\/\/jnats.eu\/es\/wp-json\/wp\/v2\/product"}],"about":[{"href":"https:\/\/jnats.eu\/es\/wp-json\/wp\/v2\/types\/product"}],"replies":[{"embeddable":true,"href":"https:\/\/jnats.eu\/es\/wp-json\/wp\/v2\/comments?post=638"}],"wp:featuredmedia":[{"embeddable":true,"href":"https:\/\/jnats.eu\/es\/wp-json\/wp\/v2\/media\/3833"}],"wp:attachment":[{"href":"https:\/\/jnats.eu\/es\/wp-json\/wp\/v2\/media?parent=638"}],"wp:term":[{"taxonomy":"product_brand","embeddable":true,"href":"https:\/\/jnats.eu\/es\/wp-json\/wp\/v2\/product_brand?post=638"},{"taxonomy":"product_cat","embeddable":true,"href":"https:\/\/jnats.eu\/es\/wp-json\/wp\/v2\/product_cat?post=638"},{"taxonomy":"product_tag","embeddable":true,"href":"https:\/\/jnats.eu\/es\/wp-json\/wp\/v2\/product_tag?post=638"}],"curies":[{"name":"wp","href":"https:\/\/api.w.org\/{rel}","templated":true}]}}