{"id":688,"date":"2025-03-20T09:13:48","date_gmt":"2025-03-20T07:13:48","guid":{"rendered":"http:\/\/jnats.eu\/?post_type=product&#038;p=688"},"modified":"2026-03-10T23:08:44","modified_gmt":"2026-03-10T21:08:44","slug":"piedra-de-afilar-natural-japonesa-shobudani-ikumurasaki","status":"publish","type":"product","link":"https:\/\/jnats.eu\/es\/producto-2\/piedra-de-afilar-natural-japonesa-shobudani-ikumurasaki\/","title":{"rendered":"Piedra de afilar natural japonesa Shobudani Ikumurasaki Lv 4"},"content":{"rendered":"<p>Shobudani es una de las minas m\u00e1s famosas y valoradas (despu\u00e9s de Nakayama) de Jap\u00f3n, famosa por sus piedras de afilar naturales de alta calidad. Estas piedras son valoradas por sus propiedades \u00fanicas, que ayudan a lograr excelentes resultados de afilado.<\/p>\n\n\n\n<figure class=\"wp-block-embed is-type-video is-provider-youtube wp-block-embed-youtube wp-embed-aspect-16-9 wp-has-aspect-ratio\"><div class=\"wp-block-embed__wrapper\">\n<div class=\"video-container\"><iframe title=\"Jnats: Nakayama Tomae, Aiwatani Kiita, Shobudani Ikimurasaki\" width=\"1170\" height=\"658\" src=\"https:\/\/www.youtube.com\/embed\/MiOfq4JKRL4?start=125&#038;feature=oembed\" frameborder=\"0\" allow=\"accelerometer; autoplay; clipboard-write; encrypted-media; gyroscope; picture-in-picture; web-share\" referrerpolicy=\"strict-origin-when-cross-origin\" allowfullscreen><\/iframe><\/div>\n<\/div><\/figure>\n\n\n\n<p>Las piedras de afilar japonesas naturales, como las que se extraen en la mina Shobudani, son famosas por su capacidad de proporcionar a las hojas un afilado duradero y un acabado de alta calidad. A menudo se utilizan para afilar navajas, cuchillos y herramientas de carpinter\u00eda. Debido a su rareza y valor est\u00e9tico, las piedras de alta calidad de Shobudani son muy valoradas por coleccionistas y afiladores profesionales.<\/p>","protected":false},"excerpt":{"rendered":"<ul>\n<li>Adecuado para el acabado de navajas, cuchillos y herramientas.<\/li>\n<li>Dimensiones: 205x74x22 mm<\/li>\n<li>Peso con soporte 810 g<\/li>\n<li>Dureza: Lv 4<\/li>\n<li>Las l\u00edneas son seguras<\/li>\n<\/ul>","protected":false},"featured_media":4174,"comment_status":"open","ping_status":"closed","template":"","meta":[],"product_brand":[],"product_cat":[22],"product_tag":[44],"class_list":{"0":"post-688","1":"product","2":"type-product","3":"status-publish","4":"has-post-thumbnail","6":"product_cat-jnats","7":"product_tag-shobudani","8":"product_shipping_class-iprastas","10":"first","11":"outofstock","12":"shipping-taxable","13":"purchasable","14":"product-type-simple"},"_links":{"self":[{"href":"https:\/\/jnats.eu\/es\/wp-json\/wp\/v2\/product\/688","targetHints":{"allow":["GET"]}}],"collection":[{"href":"https:\/\/jnats.eu\/es\/wp-json\/wp\/v2\/product"}],"about":[{"href":"https:\/\/jnats.eu\/es\/wp-json\/wp\/v2\/types\/product"}],"replies":[{"embeddable":true,"href":"https:\/\/jnats.eu\/es\/wp-json\/wp\/v2\/comments?post=688"}],"wp:featuredmedia":[{"embeddable":true,"href":"https:\/\/jnats.eu\/es\/wp-json\/wp\/v2\/media\/4174"}],"wp:attachment":[{"href":"https:\/\/jnats.eu\/es\/wp-json\/wp\/v2\/media?parent=688"}],"wp:term":[{"taxonomy":"product_brand","embeddable":true,"href":"https:\/\/jnats.eu\/es\/wp-json\/wp\/v2\/product_brand?post=688"},{"taxonomy":"product_cat","embeddable":true,"href":"https:\/\/jnats.eu\/es\/wp-json\/wp\/v2\/product_cat?post=688"},{"taxonomy":"product_tag","embeddable":true,"href":"https:\/\/jnats.eu\/es\/wp-json\/wp\/v2\/product_tag?post=688"}],"curies":[{"name":"wp","href":"https:\/\/api.w.org\/{rel}","templated":true}]}}