{"id":714,"date":"2024-03-11T18:36:21","date_gmt":"2024-03-11T16:36:21","guid":{"rendered":"http:\/\/jnats.eu\/?post_type=product&#038;p=714"},"modified":"2025-01-02T11:05:58","modified_gmt":"2025-01-02T09:05:58","slug":"boton-mikawa-nagura","status":"publish","type":"product","link":"https:\/\/jnats.eu\/es\/producto-2\/boton-mikawa-nagura\/","title":{"rendered":"Mikawa Botan Nagura Piedra de Afilar Natural Japonesa"},"content":{"rendered":"<p>Estas piedras de afilar naturales, extra\u00eddas en la prefectura japonesa de Aichi, se han utilizado durante siglos como parte del proceso de pulido de las tradicionales espadas samur\u00e1i japonesas. En los \u00faltimos a\u00f1os, se han popularizado y se utilizan para pulir y afilar muchas otras herramientas afiladas. Su rapidez y el tama\u00f1o uniforme de sus part\u00edculas las hacen muy eficaces para los cuchillos de cocina. Son capaces de crear un filo con un excelente equilibrio de agudeza y perfecci\u00f3n, as\u00ed como de pulir la superficie de forma detallada y uniforme. Son ideales para afilar despu\u00e9s de rayar piedras de afilar sint\u00e9ticas de grano medio. Pueden ser \u00fatiles como prepulidor contra piedras naturales muy finas y pueden funcionar bien para acabados de cuchillos laminados y monoacero.<\/p>\n\n\n\n<p>La piedra Mikawa Botan Nagura elimina f\u00e1cilmente los ara\u00f1azos de los granos m\u00e1s gruesos. Suave sensaci\u00f3n de afilado que no \"coge\" la hoja y una detallada l\u00ednea de chamota y escarcha brillante en acero con ara\u00f1azos finos poco profundos. La hoja perfectamente dentada es adecuada para cualquier cuchillo de cocina.<\/p>\n\n\n\n<ul class=\"wp-block-list\">\n<li>Adecuado para el acabado y pulido de cuchillos y herramientas<\/li>\n\n\n\n<li>Dimensiones: 210x79x41 mm<\/li>\n\n\n\n<li>Peso 1470 g<\/li>\n\n\n\n<li>Dureza: Lv 3.5<\/li>\n\n\n\n<li>Una piedra muy r\u00e1pida y de forma regular.<\/li>\n\n\n\n<li>Ambos lados son aptos para el trabajo.<\/li>\n<\/ul>\n\n\n\n<figure class=\"wp-block-embed is-type-video is-provider-youtube wp-block-embed-youtube wp-embed-aspect-16-9 wp-has-aspect-ratio\"><div class=\"wp-block-embed__wrapper\">\n<div class=\"video-container\"><iframe title=\"Mikawa Button Nagura Piedra natural japonesa\" width=\"1170\" height=\"658\" src=\"https:\/\/www.youtube.com\/embed\/J3MLGWThONE?feature=oembed\" frameborder=\"0\" allow=\"accelerometer; autoplay; clipboard-write; encrypted-media; gyroscope; picture-in-picture; web-share\" allowfullscreen><\/iframe><\/div>\n<\/div><\/figure>\n\n\n\n<p>Las principales ventajas de las piedras de afilar japonesas naturales:<\/p>\n\n\n\n<ul class=\"wp-block-list\">\n<li>Las herramientas se mantienen afiladas m\u00e1s tiempo<\/li>\n\n\n\n<li>Las piedras no se contaminan con residuos met\u00e1licos<\/li>\n\n\n\n<li>F\u00e1cil desmontaje de la v\u00e1lvula de compuerta<\/li>\n\n\n\n<li>Una respuesta sorprendente que permite sentir exactamente lo que ocurre en la superficie met\u00e1lica.<\/li>\n<\/ul>","protected":false},"excerpt":{"rendered":"<p><!-- wp:list --><\/p>\n<ul><!-- wp:list-item --><\/p>\n<li>Adecuado para el acabado y pulido de cuchillos y herramientas<\/li>\n<p><!-- \/wp:list-item --><\/p>\n<p><!-- wp:list-item --><\/p>\n<li>Dimensiones: 210\u00d741 mm<\/li>\n<p><!-- \/wp:list-item --><\/p>\n<p><!-- wp:list-item --><\/p>\n<li>Peso 1470 g<\/li>\n<p><!-- \/wp:list-item --><\/p>\n<p><!-- wp:list-item --><\/p>\n<li>Dureza: Lv 3.5<\/li>\n<p><!-- \/wp:list-item --><\/p>\n<p><!-- wp:list-item --><\/p>\n<li>Una piedra muy r\u00e1pida y de forma regular.<\/li>\n<p><!-- \/wp:list-item --><\/p>\n<p><!-- wp:list-item --><\/p>\n<li>Ambos lados son aptos para el trabajo.<\/li>\n<p><!-- \/wp:list-item --><\/ul>\n<p><!-- \/wp:list --><\/p>","protected":false},"featured_media":1308,"comment_status":"open","ping_status":"closed","template":"","meta":[],"product_brand":[],"product_cat":[22],"product_tag":[152,151,153],"class_list":{"0":"post-714","1":"product","2":"type-product","3":"status-publish","4":"has-post-thumbnail","6":"product_cat-jnats","7":"product_tag-button","8":"product_tag-mikawa","9":"product_tag-nagura","10":"product_shipping_class-iprastas","12":"first","13":"outofstock","14":"sale","15":"shipping-taxable","16":"purchasable","17":"product-type-simple"},"_links":{"self":[{"href":"https:\/\/jnats.eu\/es\/wp-json\/wp\/v2\/product\/714","targetHints":{"allow":["GET"]}}],"collection":[{"href":"https:\/\/jnats.eu\/es\/wp-json\/wp\/v2\/product"}],"about":[{"href":"https:\/\/jnats.eu\/es\/wp-json\/wp\/v2\/types\/product"}],"replies":[{"embeddable":true,"href":"https:\/\/jnats.eu\/es\/wp-json\/wp\/v2\/comments?post=714"}],"wp:featuredmedia":[{"embeddable":true,"href":"https:\/\/jnats.eu\/es\/wp-json\/wp\/v2\/media\/1308"}],"wp:attachment":[{"href":"https:\/\/jnats.eu\/es\/wp-json\/wp\/v2\/media?parent=714"}],"wp:term":[{"taxonomy":"product_brand","embeddable":true,"href":"https:\/\/jnats.eu\/es\/wp-json\/wp\/v2\/product_brand?post=714"},{"taxonomy":"product_cat","embeddable":true,"href":"https:\/\/jnats.eu\/es\/wp-json\/wp\/v2\/product_cat?post=714"},{"taxonomy":"product_tag","embeddable":true,"href":"https:\/\/jnats.eu\/es\/wp-json\/wp\/v2\/product_tag?post=714"}],"curies":[{"name":"wp","href":"https:\/\/api.w.org\/{rel}","templated":true}]}}