{"id":726,"date":"2024-03-11T18:46:54","date_gmt":"2024-03-11T16:46:54","guid":{"rendered":"http:\/\/jnats.eu\/?post_type=product&#038;p=726"},"modified":"2024-10-21T14:33:04","modified_gmt":"2024-10-21T11:33:04","slug":"ho-nagura-piedra-natural-japonesa","status":"publish","type":"product","link":"https:\/\/jnats.eu\/es\/producto-2\/ho-nagura-piedra-natural-japonesa\/","title":{"rendered":"Piedra natural japonesa Ho Nagura"},"content":{"rendered":"<p>Estas piedras de afilar naturales, extra\u00eddas en la prefectura japonesa de Aichi, se han utilizado durante siglos como parte del proceso de pulido de las tradicionales espadas samur\u00e1i japonesas. En los \u00faltimos a\u00f1os, se han popularizado y se utilizan para pulir y afilar muchas otras herramientas afiladas. Su rapidez y el tama\u00f1o uniforme de sus part\u00edculas las hacen muy eficaces para los cuchillos de cocina. Son capaces de crear un filo con un excelente equilibrio de agudeza y perfecci\u00f3n, as\u00ed como de pulir la superficie de forma detallada y uniforme. Son ideales para afilar despu\u00e9s de rayar piedras de afilar sint\u00e9ticas de grano medio. Pueden ser \u00fatiles como prepulidor contra piedras naturales muy finas y pueden funcionar bien para acabados de cuchillos laminados y monoacero.<\/p>\n\n\n\n<p>La piedra Mikawa Button Nagura elimina f\u00e1cilmente los ara\u00f1azos de los granos m\u00e1s gruesos. Suave sensaci\u00f3n de afilado que no \"coge\" la hoja y una detallada l\u00ednea de chamota y escarcha brillante en acero con ara\u00f1azos finos poco profundos. La hoja perfectamente dentada es adecuada para cualquier cuchillo de cocina.<\/p>","protected":false},"excerpt":{"rendered":"<ul>\n<li>Adecuado para el acabado y pulido de cuchillos y herramientas<\/li>\n<p><!-- \/wp:list-item --><\/p>\n<p><!-- wp:list-item --><\/p>\n<li>Dimensiones: 197x59x27 mm<\/li>\n<p><!-- \/wp:list-item --><\/p>\n<p><!-- wp:list-item --><\/p>\n<li>Peso con soporte 840 g<\/li>\n<p><!-- \/wp:list-item --><\/p>\n<p><!-- wp:list-item --><\/p>\n<li>Dureza: Lv 3.5<\/li>\n<p><!-- \/wp:list-item --><\/p>\n<p><!-- wp:list-item --><\/p>\n<li>Una piedra muy r\u00e1pida y de forma regular.<\/li>\n<\/ul>","protected":false},"featured_media":1295,"comment_status":"open","ping_status":"closed","template":"","meta":[],"product_brand":[],"product_cat":[22],"product_tag":[153],"class_list":{"0":"post-726","1":"product","2":"type-product","3":"status-publish","4":"has-post-thumbnail","6":"product_cat-jnats","7":"product_tag-nagura","8":"product_shipping_class-iprastas","10":"first","11":"outofstock","12":"shipping-taxable","13":"purchasable","14":"product-type-simple"},"_links":{"self":[{"href":"https:\/\/jnats.eu\/es\/wp-json\/wp\/v2\/product\/726","targetHints":{"allow":["GET"]}}],"collection":[{"href":"https:\/\/jnats.eu\/es\/wp-json\/wp\/v2\/product"}],"about":[{"href":"https:\/\/jnats.eu\/es\/wp-json\/wp\/v2\/types\/product"}],"replies":[{"embeddable":true,"href":"https:\/\/jnats.eu\/es\/wp-json\/wp\/v2\/comments?post=726"}],"wp:featuredmedia":[{"embeddable":true,"href":"https:\/\/jnats.eu\/es\/wp-json\/wp\/v2\/media\/1295"}],"wp:attachment":[{"href":"https:\/\/jnats.eu\/es\/wp-json\/wp\/v2\/media?parent=726"}],"wp:term":[{"taxonomy":"product_brand","embeddable":true,"href":"https:\/\/jnats.eu\/es\/wp-json\/wp\/v2\/product_brand?post=726"},{"taxonomy":"product_cat","embeddable":true,"href":"https:\/\/jnats.eu\/es\/wp-json\/wp\/v2\/product_cat?post=726"},{"taxonomy":"product_tag","embeddable":true,"href":"https:\/\/jnats.eu\/es\/wp-json\/wp\/v2\/product_tag?post=726"}],"curies":[{"name":"wp","href":"https:\/\/api.w.org\/{rel}","templated":true}]}}