{"id":741,"date":"2024-03-12T09:46:27","date_gmt":"2024-03-12T07:46:27","guid":{"rendered":"http:\/\/jnats.eu\/?post_type=product&#038;p=741"},"modified":"2025-03-02T02:24:54","modified_gmt":"2025-03-02T00:24:54","slug":"ozuku-mizu-asagi-piedra-de-afilar-natural-japonesa","status":"publish","type":"product","link":"https:\/\/jnats.eu\/es\/producto-2\/ozuku-mizu-asagi-piedra-de-afilar-natural-japonesa\/","title":{"rendered":"Piedra de afilar natural japonesa Ozuku Mizu Asagi"},"content":{"rendered":"<ul class=\"wp-block-list\">\n<li>Adecuado para el acabado de navajas, cuchillos y herramientas.<\/li>\n\n\n\n<li>Dimensiones: 208x72x12 mm<\/li>\n\n\n\n<li>Peso con soporte 830 g<\/li>\n\n\n\n<li>Dureza: Lv 5+<\/li>\n\n\n\n<li>Las l\u00edneas son seguras<\/li>\n\n\n\n<li>La piedra Ozuku Mizu Asagi, muy dura, es una de las favoritas entre los afiladores de navajas porque permite obtener el m\u00e1ximo afilado. Es posible acelerar el trabajo con ayuda de la suspensi\u00f3n Nagura o frotando con una placa de diamante en bruto, pero no es necesario.<\/li>\n\n\n\n<li>No es duro, pero s\u00ed muy resistente. Por tanto, se desgastar\u00e1 muy lentamente y durar\u00e1 muchos a\u00f1os.<\/li>\n<\/ul>\n\n\n\n<figure class=\"wp-block-embed is-type-video is-provider-youtube wp-block-embed-youtube wp-embed-aspect-16-9 wp-has-aspect-ratio\"><div class=\"wp-block-embed__wrapper\">\n<div class=\"video-container\"><iframe title=\"Okudo Nashiji, Ozuku Mizu Asagi, Aiwatani Piedras de afilar naturales japonesas\" width=\"1170\" height=\"658\" src=\"https:\/\/www.youtube.com\/embed\/VB9YnumSvYY?start=315&#038;feature=oembed\" frameborder=\"0\" allow=\"accelerometer; autoplay; clipboard-write; encrypted-media; gyroscope; picture-in-picture; web-share\" allowfullscreen><\/iframe><\/div>\n<\/div><\/figure>\n\n\n\n<p>Las principales ventajas de las piedras de afilar japonesas naturales:<\/p>\n\n\n\n<ul class=\"wp-block-list\">\n<li>Las herramientas se mantienen afiladas m\u00e1s tiempo<\/li>\n\n\n\n<li>Las piedras no se contaminan con residuos met\u00e1licos<\/li>\n\n\n\n<li>F\u00e1cil desmontaje de la v\u00e1lvula de compuerta<\/li>\n\n\n\n<li>Una respuesta sorprendente que permite sentir exactamente lo que ocurre en la superficie met\u00e1lica.<\/li>\n<\/ul>","protected":false},"excerpt":{"rendered":"<ul>\n<li>Adecuado para el acabado de navajas, cuchillos y herramientas.<\/li>\n<li>Dimensiones: 208x72x12 mm<\/li>\n<li>Peso con soporte 830 g<\/li>\n<li>Dureza: Lv 5+<\/li>\n<li>Las l\u00edneas son seguras<\/li>\n<li>La piedra Ozuku Mizu Asagi, muy dura, es una de las favoritas entre los afiladores de navajas porque permite obtener el m\u00e1ximo afilado. Es posible acelerar el trabajo con ayuda de la suspensi\u00f3n Nagura o frotando con una placa de diamante en bruto, pero no es necesario.<\/li>\n<li>No es duro, pero s\u00ed muy resistente. Por tanto, se desgastar\u00e1 muy lentamente y durar\u00e1 muchos a\u00f1os.<\/li>\n<\/ul>","protected":false},"featured_media":1339,"comment_status":"open","ping_status":"closed","template":"","meta":[],"product_brand":[],"product_cat":[22],"product_tag":[45,154,66],"class_list":{"0":"post-741","1":"product","2":"type-product","3":"status-publish","4":"has-post-thumbnail","6":"product_cat-jnats","7":"product_tag-asagi","8":"product_tag-mizu","9":"product_tag-ozuku","10":"product_shipping_class-iprastas","12":"first","13":"outofstock","14":"sale","15":"shipping-taxable","16":"purchasable","17":"product-type-simple"},"_links":{"self":[{"href":"https:\/\/jnats.eu\/es\/wp-json\/wp\/v2\/product\/741","targetHints":{"allow":["GET"]}}],"collection":[{"href":"https:\/\/jnats.eu\/es\/wp-json\/wp\/v2\/product"}],"about":[{"href":"https:\/\/jnats.eu\/es\/wp-json\/wp\/v2\/types\/product"}],"replies":[{"embeddable":true,"href":"https:\/\/jnats.eu\/es\/wp-json\/wp\/v2\/comments?post=741"}],"wp:featuredmedia":[{"embeddable":true,"href":"https:\/\/jnats.eu\/es\/wp-json\/wp\/v2\/media\/1339"}],"wp:attachment":[{"href":"https:\/\/jnats.eu\/es\/wp-json\/wp\/v2\/media?parent=741"}],"wp:term":[{"taxonomy":"product_brand","embeddable":true,"href":"https:\/\/jnats.eu\/es\/wp-json\/wp\/v2\/product_brand?post=741"},{"taxonomy":"product_cat","embeddable":true,"href":"https:\/\/jnats.eu\/es\/wp-json\/wp\/v2\/product_cat?post=741"},{"taxonomy":"product_tag","embeddable":true,"href":"https:\/\/jnats.eu\/es\/wp-json\/wp\/v2\/product_tag?post=741"}],"curies":[{"name":"wp","href":"https:\/\/api.w.org\/{rel}","templated":true}]}}