{"id":754,"date":"2024-03-14T10:10:53","date_gmt":"2024-03-14T08:10:53","guid":{"rendered":"http:\/\/jnats.eu\/?post_type=product&#038;p=754"},"modified":"2025-08-11T19:28:19","modified_gmt":"2025-08-11T16:28:19","slug":"navaja-de-afeitar-vintage-wade-butcher-frameback","status":"publish","type":"product","link":"https:\/\/jnats.eu\/es\/producto-2\/navaja-de-afeitar-vintage-wade-butcher-frameback\/","title":{"rendered":"Navaja de afeitar vintage Wade &amp; Butcher Frameback"},"content":{"rendered":"<iframe width=\"560\" height=\"315\" src=\"https:\/\/www.youtube.com\/embed\/bfKa5VEhH0Q?si=WDpyiQD5cFJIpWQv\" title=\"Reproductor de v\u00eddeo YouTube\" frameborder=\"0\" allow=\"accelerometer; autoplay; clipboard-write; encrypted-media; gyroscope; picture-in-picture; web-share\" allowfullscreen><\/iframe>\n\n\n\n<p>La navaja de afeitar Vintage Wade &amp; Butcher Frameback es una herramienta cl\u00e1sica que encarna la artesan\u00eda atemporal de la marca Wade &amp; Butcher. Fabricada con precisi\u00f3n y atenci\u00f3n al detalle, esta maquinilla ofrece una experiencia de afeitado tradicional que recuerda a \u00e9pocas pasadas.<\/p>\n\n\n\n<p>Caracter\u00edsticas principales:<\/p>\n\n\n\n<ol class=\"wp-block-list\">\n<li><strong>Acero de alta calidad:<\/strong> Fabricada con acero de primera calidad, la navaja Wade &amp; Butcher Frameback ofrece una durabilidad y una retenci\u00f3n del filo excepcionales, lo que garantiza un rendimiento duradero.<\/li>\n\n\n\n<li><strong>Dise\u00f1o vintage:<\/strong> Con un dise\u00f1o cl\u00e1sico, esta maquinilla irradia elegancia y sofisticaci\u00f3n. Su est\u00e9tica vintage atrae a los aficionados a las herramientas de aseo tradicionales.<\/li>\n\n\n\n<li><strong>Mango artesanal:<\/strong> El mango de la maquinilla est\u00e1 fabricado por expertos para ofrecer una comodidad ergon\u00f3mica y un agarre seguro durante las sesiones de afeitado. Su dise\u00f1o atemporal contribuye al atractivo general de la maquinilla.<\/li>\n\n\n\n<li><strong>Cuchilla de precisi\u00f3n:<\/strong> La maquinilla recta est\u00e1 equipada con una hoja afilada con precisi\u00f3n, que ofrece un afeitado suave y apurado en cada pasada. El filo de la cuchilla se desliza sin esfuerzo por la piel, reduciendo la irritaci\u00f3n y garantizando un afeitado apurado.<\/li>\n\n\n\n<li><strong>Objeto de colecci\u00f3n:<\/strong> Como pieza vintage de Wade &amp; Butcher, esta maquinilla de afeitar no es s\u00f3lo una herramienta de aseo funcional, sino tambi\u00e9n una pieza de coleccionista apreciada por entusiastas y coleccionistas por igual.<\/li>\n\n\n\n<li><strong>Autenticidad:<\/strong> Cada navaja Wade &amp; Butcher Frameback se entrega con un certificado de autenticidad, que garantiza su genuina artesan\u00eda y herencia.<\/li>\n<\/ol>\n\n\n\n<p>Tanto si es un usuario experimentado de navajas de afeitar como si es un reci\u00e9n llegado al afeitado tradicional, la navaja de afeitar Vintage Wade &amp; Butcher Frameback promete una experiencia de afeitado inigualable impregnada de historia y artesan\u00eda.<\/p>","protected":false},"excerpt":{"rendered":"<p>Navaja de afeitar vintage Wade &amp; Butcher Frameback<\/p>\n<ul>\n<li>Longitud total cerrada 162 mm<\/li>\n<li>Longitud de la hoja 81 mm<\/li>\n<li>Altura de la cuchilla 21 mm<\/li>\n<li>Grosor de la hoja 4 mm<\/li>\n<li>Espesor del asa 9 mm<\/li>\n<li>Longitud del mango 150 mm<\/li>\n<li>Peso 50 g<\/li>\n<\/ul>","protected":false},"featured_media":1160,"comment_status":"open","ping_status":"closed","template":"","meta":[],"product_brand":[],"product_cat":[23],"product_tag":[155],"class_list":{"0":"post-754","1":"product","2":"type-product","3":"status-publish","4":"has-post-thumbnail","6":"product_cat-razors","7":"product_tag-wade-butcher","8":"product_shipping_class-light","10":"first","11":"outofstock","12":"sale","13":"shipping-taxable","14":"purchasable","15":"product-type-simple"},"_links":{"self":[{"href":"https:\/\/jnats.eu\/es\/wp-json\/wp\/v2\/product\/754","targetHints":{"allow":["GET"]}}],"collection":[{"href":"https:\/\/jnats.eu\/es\/wp-json\/wp\/v2\/product"}],"about":[{"href":"https:\/\/jnats.eu\/es\/wp-json\/wp\/v2\/types\/product"}],"replies":[{"embeddable":true,"href":"https:\/\/jnats.eu\/es\/wp-json\/wp\/v2\/comments?post=754"}],"wp:featuredmedia":[{"embeddable":true,"href":"https:\/\/jnats.eu\/es\/wp-json\/wp\/v2\/media\/1160"}],"wp:attachment":[{"href":"https:\/\/jnats.eu\/es\/wp-json\/wp\/v2\/media?parent=754"}],"wp:term":[{"taxonomy":"product_brand","embeddable":true,"href":"https:\/\/jnats.eu\/es\/wp-json\/wp\/v2\/product_brand?post=754"},{"taxonomy":"product_cat","embeddable":true,"href":"https:\/\/jnats.eu\/es\/wp-json\/wp\/v2\/product_cat?post=754"},{"taxonomy":"product_tag","embeddable":true,"href":"https:\/\/jnats.eu\/es\/wp-json\/wp\/v2\/product_tag?post=754"}],"curies":[{"name":"wp","href":"https:\/\/api.w.org\/{rel}","templated":true}]}}