{"id":756,"date":"2026-04-01T10:52:28","date_gmt":"2026-04-01T07:52:28","guid":{"rendered":"http:\/\/jnats.eu\/?post_type=product&#038;p=756"},"modified":"2026-04-05T13:14:49","modified_gmt":"2026-04-05T10:14:49","slug":"j-a-henckels-solingen-zwilligswerk-friodur-inox-no-stain-alemania-navaja-recta","status":"publish","type":"product","link":"https:\/\/jnats.eu\/es\/producto-2\/j-a-henckels-solingen-zwilligswerk-friodur-inox-no-stain-alemania-navaja-recta\/","title":{"rendered":"NOS J.A. Henckels Solingen Zwilligswerk Friodur Inox Alemania Navaja Recta"},"content":{"rendered":"<figure class=\"wp-block-embed is-type-video is-provider-youtube wp-block-embed-youtube wp-embed-aspect-9-16 wp-has-aspect-ratio\"><div class=\"wp-block-embed__wrapper\">\n<div class=\"video-container\"><iframe title=\"NOS J.A. Henckels Solingen Zwilligswerk Friodur Inox Alemania Navajas rectas\" width=\"563\" height=\"1000\" src=\"https:\/\/www.youtube.com\/embed\/gGjV-mblg78?feature=oembed\" frameborder=\"0\" allow=\"accelerometer; autoplay; clipboard-write; encrypted-media; gyroscope; picture-in-picture; web-share\" referrerpolicy=\"strict-origin-when-cross-origin\" allowfullscreen><\/iframe><\/div>\n<\/div><\/figure>\n\n\n\n<p>Henckels Friodur es la cumbre de la ingenier\u00eda y la artesan\u00eda alemanas en el mundo del afeitado tradicional. Conocida por su precisi\u00f3n, calidad y durabilidad, esta navaja recta ofrece la lujosa experiencia de afeitado que buscan los amantes de los productos de aseo cl\u00e1sicos.<\/p>\n\n\n\n<p>Acero inoxidable Friodur: fabricada en Inox y endurecida en fr\u00edo mediante la tecnolog\u00eda Friodur patentada por Henckels, esta navaja tiene una dureza, resistencia a la corrosi\u00f3n y retenci\u00f3n del filo excepcionales. El proceso Friodur consiste en templar el acero en nitr\u00f3geno l\u00edquido para aumentar su dureza y resistencia a la corrosi\u00f3n, y extraer una estructura m\u00e1s fina, garantizando as\u00ed un rendimiento duradero que mantiene bien el filo con el paso del tiempo.<\/p>\n\n\n\n<p>Dise\u00f1o cl\u00e1sico: la navaja Friodur Inox presenta un dise\u00f1o atemporal que refleja el compromiso de Henckels con la elegancia y la funcionalidad. Su perfil elegante, peso equilibrado y mango ergon\u00f3mico hacen que sea c\u00f3moda de sostener y f\u00e1cil de maniobrar durante el afeitado.<\/p>\n\n\n\n<p>Uso vers\u00e1til: tanto si eres un avezado entusiasta de las navajas como un reci\u00e9n llegado al afeitado tradicional, la navaja recta Friodur Inox de Henckels es adecuada para todos los niveles de habilidad. Su dise\u00f1o vers\u00e1til se adapta a una amplia gama de estilos y preferencias de afeitado.<\/p>\n\n\n\n<p>Marca heredada: con una rica historia que se remonta a 1731, Henckels es sin\u00f3nimo de calidad, fiabilidad e innovaci\u00f3n en el mundo de la cuchiller\u00eda y el cuidado de la higiene. La navaja Friodur Inox vintage encarna la artesan\u00eda de Henckels durante generaciones.<\/p>\n\n\n\n<p>Tanto si buscas una herramienta de afeitado de primera calidad para tu rutina diaria de cuidado del cabello como si quieres a\u00f1adirla a tu colecci\u00f3n de productos de aseo personal, la navaja recta Friodur Inox de Henckels promete una experiencia de afeitado excepcional que combina tradici\u00f3n, precisi\u00f3n y lujo.<\/p>","protected":false},"excerpt":{"rendered":"<ul>\n<li>Acero inoxidable Inox, Friodur - endurecido en fr\u00edo.<\/li>\n<li>Mango de pol\u00edmero<\/li>\n<li>Caja de pl\u00e1stico<\/li>\n<li>Peso - 50 g<\/li>\n<li>Dimensiones de la cuchilla 75x20x6 mm<\/li>\n<li>Las maquinillas est\u00e1n sin usar (excepto la n\u00ba 6), pero pueden tener ligeros ara\u00f1azos debidos a un largo almacenamiento.<\/li>\n<li><strong>Si no ves el n\u00famero en la lista As\u00ed que se vende<\/strong><\/li>\n<\/ul>","protected":false},"featured_media":5949,"comment_status":"open","ping_status":"closed","template":"","meta":[],"product_brand":[],"product_cat":[23],"product_tag":[158,156,157,159],"class_list":{"0":"post-756","1":"product","2":"type-product","3":"status-publish","4":"has-post-thumbnail","6":"product_cat-razors","7":"product_tag-friodur","8":"product_tag-henckels","9":"product_tag-inox","10":"product_tag-straight-razor","11":"product_shipping_class-light","13":"first","14":"instock","15":"shipping-taxable","16":"purchasable","17":"product-type-variable"},"_links":{"self":[{"href":"https:\/\/jnats.eu\/es\/wp-json\/wp\/v2\/product\/756","targetHints":{"allow":["GET"]}}],"collection":[{"href":"https:\/\/jnats.eu\/es\/wp-json\/wp\/v2\/product"}],"about":[{"href":"https:\/\/jnats.eu\/es\/wp-json\/wp\/v2\/types\/product"}],"replies":[{"embeddable":true,"href":"https:\/\/jnats.eu\/es\/wp-json\/wp\/v2\/comments?post=756"}],"wp:featuredmedia":[{"embeddable":true,"href":"https:\/\/jnats.eu\/es\/wp-json\/wp\/v2\/media\/5949"}],"wp:attachment":[{"href":"https:\/\/jnats.eu\/es\/wp-json\/wp\/v2\/media?parent=756"}],"wp:term":[{"taxonomy":"product_brand","embeddable":true,"href":"https:\/\/jnats.eu\/es\/wp-json\/wp\/v2\/product_brand?post=756"},{"taxonomy":"product_cat","embeddable":true,"href":"https:\/\/jnats.eu\/es\/wp-json\/wp\/v2\/product_cat?post=756"},{"taxonomy":"product_tag","embeddable":true,"href":"https:\/\/jnats.eu\/es\/wp-json\/wp\/v2\/product_tag?post=756"}],"curies":[{"name":"wp","href":"https:\/\/api.w.org\/{rel}","templated":true}]}}