{"id":763,"date":"2024-03-14T11:34:15","date_gmt":"2024-03-14T09:34:15","guid":{"rendered":"http:\/\/jnats.eu\/?post_type=product&#038;p=763"},"modified":"2025-10-10T10:35:32","modified_gmt":"2025-10-10T07:35:32","slug":"maquinillas-de-afeitar-vintage-usadas-japonesas-y-alemanas","status":"publish","type":"product","link":"https:\/\/jnats.eu\/es\/producto-2\/maquinillas-de-afeitar-vintage-usadas-japonesas-y-alemanas\/","title":{"rendered":"Elizabeth, PAX, M. Bentz, Orion Kikuboshi Maquinillas de afeitar vintage usadas japonesas y alemanas"},"content":{"rendered":"<p>Navajas japonesas usadas vintage. Muestra signos de corrosi\u00f3n y otros defectos (\u00d3xido desprendido de la uni\u00f3n entre el marco y la hoja). Por favor, vea el video con cuidado.<\/p>\n\n\n\n<ol class=\"wp-block-list\">\n<li>Maquinilla de afeitar Elizabeth Para Barberos T.K.K Tokio Jap\u00f3n<\/li>\n\n\n\n<li>Maquinilla de afeitar Elizabeth Para Barberos T.K.K Tokio Jap\u00f3n<\/li>\n\n\n\n<li>Maquinilla de afeitar Elizabeth Para Barberos T.K.K Tokio Jap\u00f3n<\/li>\n\n\n\n<li>66 PAX Siperior Stainless H. Eicker&amp;Sonne Solingen Alemania (Se ha eliminado el \u00f3xido de la uni\u00f3n entre el marco y la hoja)<\/li>\n\n\n\n<li>M. Bentz For Barbers Use First Quality (Se ha eliminado el \u00f3xido de la uni\u00f3n entre el marco y la cuchilla)<\/li>\n\n\n\n<li>Fabricado especialmente con el mejor acero sueco extra n\u00ba 7131 (se ha eliminado el \u00f3xido de la uni\u00f3n entre el marco y la hoja)<\/li>\n\n\n\n<li><del>Orion Kikuboshi Super Deluxe Best Extra Hollow Gruond (Se ha eliminado el \u00f3xido de la uni\u00f3n marco\/cuchilla)<\/del> Vendido<\/li>\n<\/ol>\n\n\n\n<figure class=\"wp-block-embed is-type-video is-provider-youtube wp-block-embed-youtube wp-embed-aspect-16-9 wp-has-aspect-ratio\"><div class=\"wp-block-embed__wrapper\">\n<div class=\"video-container\"><iframe title=\"Maquinillas de afeitar japonesas y alemanas de segunda mano\" width=\"1170\" height=\"658\" src=\"https:\/\/www.youtube.com\/embed\/8cCRvYCodGo?feature=oembed\" frameborder=\"0\" allow=\"accelerometer; autoplay; clipboard-write; encrypted-media; gyroscope; picture-in-picture; web-share\" referrerpolicy=\"strict-origin-when-cross-origin\" allowfullscreen><\/iframe><\/div>\n<\/div><\/figure>","protected":false},"excerpt":{"rendered":"<ol>\n<li><del>Maquinilla de afeitar Elizabeth Para Barberos T.K.K Tokio Jap\u00f3n<\/del> Vendido<\/li>\n<li><del>Maquinilla de afeitar Elizabeth Para Barberos T.K.K Tokio Jap\u00f3n\u00a0<\/del>Vendido<\/li>\n<li>Maquinilla de afeitar Elizabeth Para Barberos T.K.K Tokio Jap\u00f3n<\/li>\n<li><del>66 PAX Siperior Stainless H. Eicker&amp;Sonne Solingen Alemania (Se ha eliminado el \u00f3xido de la uni\u00f3n entre el marco y la hoja)<\/del><\/li>\n<li><del>M. Bentz For Barbers Use First Quality (Se ha eliminado el \u00f3xido de la uni\u00f3n entre el marco y la cuchilla)<\/del><\/li>\n<li><del>Fabricado especialmente con el mejor acero sueco extra n\u00ba 7131 (se ha eliminado el \u00f3xido de la uni\u00f3n entre el marco y la hoja)<\/del><\/li>\n<li><del>Orion Kikuboshi Super Deluxe Best Extra Hollow Gruond (Se ha eliminado el \u00f3xido de la uni\u00f3n marco\/cuchilla)<\/del> Vendido<\/li>\n<\/ol>","protected":false},"featured_media":1132,"comment_status":"open","ping_status":"closed","template":"","meta":[],"product_brand":[],"product_cat":[23],"product_tag":[175,177,178,176,160],"class_list":{"0":"post-763","1":"product","2":"type-product","3":"status-publish","4":"has-post-thumbnail","6":"product_cat-razors","7":"product_tag-elizabeth","8":"product_tag-m-bentz","9":"product_tag-orion-kikuboshi","10":"product_tag-pax","11":"product_tag-skustuvai","12":"product_shipping_class-light","14":"first","15":"outofstock","16":"sold-individually","17":"shipping-taxable","18":"product-type-variable"},"_links":{"self":[{"href":"https:\/\/jnats.eu\/es\/wp-json\/wp\/v2\/product\/763","targetHints":{"allow":["GET"]}}],"collection":[{"href":"https:\/\/jnats.eu\/es\/wp-json\/wp\/v2\/product"}],"about":[{"href":"https:\/\/jnats.eu\/es\/wp-json\/wp\/v2\/types\/product"}],"replies":[{"embeddable":true,"href":"https:\/\/jnats.eu\/es\/wp-json\/wp\/v2\/comments?post=763"}],"wp:featuredmedia":[{"embeddable":true,"href":"https:\/\/jnats.eu\/es\/wp-json\/wp\/v2\/media\/1132"}],"wp:attachment":[{"href":"https:\/\/jnats.eu\/es\/wp-json\/wp\/v2\/media?parent=763"}],"wp:term":[{"taxonomy":"product_brand","embeddable":true,"href":"https:\/\/jnats.eu\/es\/wp-json\/wp\/v2\/product_brand?post=763"},{"taxonomy":"product_cat","embeddable":true,"href":"https:\/\/jnats.eu\/es\/wp-json\/wp\/v2\/product_cat?post=763"},{"taxonomy":"product_tag","embeddable":true,"href":"https:\/\/jnats.eu\/es\/wp-json\/wp\/v2\/product_tag?post=763"}],"curies":[{"name":"wp","href":"https:\/\/api.w.org\/{rel}","templated":true}]}}