{"id":786,"date":"2024-03-14T12:11:23","date_gmt":"2024-03-14T10:11:23","guid":{"rendered":"http:\/\/jnats.eu\/?post_type=product&#038;p=786"},"modified":"2024-05-24T12:58:25","modified_gmt":"2024-05-24T09:58:25","slug":"maquinillas-de-afeitar-antiguas-usadas-japonesas-espanolas-francesas-e-inglesas","status":"publish","type":"product","link":"https:\/\/jnats.eu\/es\/producto-2\/maquinillas-de-afeitar-antiguas-usadas-japonesas-espanolas-francesas-e-inglesas\/","title":{"rendered":"Hadoson, Filarmonica, Ribbon, Rameu, Horn, Wade &amp; Butcher Navajas vintage usadas japonesas, espa\u00f1olas, francesas e inglesas"},"content":{"rendered":"<p>Algunos tienen restos de corrosi\u00f3n. Vea el v\u00eddeo.<\/p>\n\n\n\n<figure class=\"wp-block-embed is-type-video is-provider-youtube wp-block-embed-youtube wp-embed-aspect-16-9 wp-has-aspect-ratio\"><div class=\"wp-block-embed__wrapper\">\n<div class=\"video-container\"><iframe title=\"Maquinillas de afeitar vintage usadas japonesas, espa\u00f1olas, francesas e inglesas\" width=\"1170\" height=\"658\" src=\"https:\/\/www.youtube.com\/embed\/iCCLWB1RI88?feature=oembed\" frameborder=\"0\" allow=\"accelerometer; autoplay; clipboard-write; encrypted-media; gyroscope; picture-in-picture; web-share\" allowfullscreen><\/iframe><\/div>\n<\/div><\/figure>","protected":false},"excerpt":{"rendered":"<ol>\n<li><del>Hadoson 77 Made in Tokyo Y.SS2.H Acero plateado<\/del> Vendido<\/li>\n<li>Filarmonica Jose Monserat Puo Especial Corte Del Cabello Fabricacion Espanola (Sin usar, no tiene defectos)<\/li>\n<li><del>Cinta Super G S.H-2 1706<\/del><\/li>\n<li>Rameu PE Sens Yohne Francia. Hoja en forma de cincel. Mango no original.<\/li>\n<li><del>Cuerno Super Ace 1200 Para Peluqueros Primera Calidad<\/del><\/li>\n<li><del>Wade &amp; Butcher Sheffield Inglaterra<\/del><\/li>\n<\/ol>","protected":false},"featured_media":1118,"comment_status":"open","ping_status":"closed","template":"","meta":[],"product_brand":[],"product_cat":[23],"product_tag":[160],"class_list":{"0":"post-786","1":"product","2":"type-product","3":"status-publish","4":"has-post-thumbnail","6":"product_cat-razors","7":"product_tag-skustuvai","8":"product_shipping_class-light","10":"first","11":"outofstock","12":"sold-individually","13":"shipping-taxable","14":"purchasable","15":"product-type-variable"},"_links":{"self":[{"href":"https:\/\/jnats.eu\/es\/wp-json\/wp\/v2\/product\/786","targetHints":{"allow":["GET"]}}],"collection":[{"href":"https:\/\/jnats.eu\/es\/wp-json\/wp\/v2\/product"}],"about":[{"href":"https:\/\/jnats.eu\/es\/wp-json\/wp\/v2\/types\/product"}],"replies":[{"embeddable":true,"href":"https:\/\/jnats.eu\/es\/wp-json\/wp\/v2\/comments?post=786"}],"wp:featuredmedia":[{"embeddable":true,"href":"https:\/\/jnats.eu\/es\/wp-json\/wp\/v2\/media\/1118"}],"wp:attachment":[{"href":"https:\/\/jnats.eu\/es\/wp-json\/wp\/v2\/media?parent=786"}],"wp:term":[{"taxonomy":"product_brand","embeddable":true,"href":"https:\/\/jnats.eu\/es\/wp-json\/wp\/v2\/product_brand?post=786"},{"taxonomy":"product_cat","embeddable":true,"href":"https:\/\/jnats.eu\/es\/wp-json\/wp\/v2\/product_cat?post=786"},{"taxonomy":"product_tag","embeddable":true,"href":"https:\/\/jnats.eu\/es\/wp-json\/wp\/v2\/product_tag?post=786"}],"curies":[{"name":"wp","href":"https:\/\/api.w.org\/{rel}","templated":true}]}}