{"id":796,"date":"2024-03-14T12:38:15","date_gmt":"2024-03-14T10:38:15","guid":{"rendered":"http:\/\/jnats.eu\/?post_type=product&#038;p=796"},"modified":"2025-09-30T11:22:55","modified_gmt":"2025-09-30T08:22:55","slug":"maquinillas-de-afeitar-japonesas-de-segunda-mano","status":"publish","type":"product","link":"https:\/\/jnats.eu\/es\/producto-2\/maquinillas-de-afeitar-japonesas-de-segunda-mano\/","title":{"rendered":"Maquinillas de afeitar japonesas usadas vintage Towa, Union, Daishi, R. Saito, Kikuboshi, Triumph"},"content":{"rendered":"<ol class=\"wp-block-list\">\n<li>G Towa T Mejor Esmerilado Hueco Extra Tungsteno Acero Real Japon\u00e9s Esmerilado Hueco Gen Takahashi H.Diamond &amp; Co<\/li>\n\n\n\n<li>Union 72 Jap\u00f3n Hoja en forma de cincel<\/li>\n\n\n\n<li>Daishi 350 Yasuki Acero de hierro Tamahagane R.K. CO. Hoja en forma de cincel. El acero Tamahagane hecho de \"arena de hierro\" se utiliza para espadas samurai para katanas.<\/li>\n\n\n\n<li>Daishi 55 Yasuki Acero de hierro Tamahagane R.K. CO.  El acero Tamahagane hecho de \"arena de hierro\" se utiliza para las espadas samur\u00e1i. Puede endurecerse hasta alcanzar una dureza de 70 HRC.<\/li>\n\n\n\n<li>R. Saito Kikuboshi 135 Extra Hueco Gruond<\/li>\n\n\n\n<li>Triumph Y.S.S 65825 Acero Yasuki Dise\u00f1o de R. Saito<\/li>\n<\/ol>\n\n\n\n<p>R. Saito fue un famoso peluquero en Jap\u00f3n en los a\u00f1os 50-60. Fund\u00f3 una escuela de peluquer\u00eda con un gran n\u00famero de profesionales en muchas ciudades. Como su nombre era sin\u00f3nimo del mundo de la moda japonesa, sus dise\u00f1os eran muy valorados, al igual que su nombre. Dise\u00f1\u00f3 maquinillas de afeitar que fueron producidas por grandes empresas con su nombre: Kikuboshi, Diamond Hayashi y otros fabricantes. El producto estaba dise\u00f1ado para ser la maquinilla de afeitar m\u00e1s f\u00e1cil de usar.<\/p>\n\n\n\n<p>Restos de corrosi\u00f3n. Ver v\u00eddeo.<\/p>\n\n\n\n<figure class=\"wp-block-embed is-type-video is-provider-youtube wp-block-embed-youtube wp-embed-aspect-16-9 wp-has-aspect-ratio\"><div class=\"wp-block-embed__wrapper\">\n<div class=\"video-container\"><iframe title=\"Maquinillas de afeitar japonesas de segunda mano R. Saito, Tamahagane, Towa, Daishi\" width=\"1170\" height=\"658\" src=\"https:\/\/www.youtube.com\/embed\/CheeI2Xk0pE?feature=oembed\" frameborder=\"0\" allow=\"accelerometer; autoplay; clipboard-write; encrypted-media; gyroscope; picture-in-picture; web-share\" allowfullscreen><\/iframe><\/div>\n<\/div><\/figure>","protected":false},"excerpt":{"rendered":"<ol>\n<li><del>G Towa T Mejor Esmerilado Hueco Extra Tungsteno Acero Real Japon\u00e9s Esmerilado Hueco Gen Takahashi H.Diamond &amp; Co\u00a0<\/del> Vendido<\/li>\n<li><del>Union 72 Jap\u00f3n Hoja en forma de cincel<\/del><\/li>\n<li><del>Daishi 350 Yasuki Acero de hierro Tamahagane R.K. CO. Hoja en forma de cincel. El acero Tamahagane hecho de \"arena de hierro\" se utiliza para espadas samurai para katanas.<\/del><\/li>\n<li>Daishi 55 Yasuki Acero de hierro Tamahagane R.K. CO.  El acero Tamahagane hecho de \"arena de hierro\" se utiliza para las espadas samur\u00e1i. Puede endurecerse hasta alcanzar una dureza de 70 HRC.<\/li>\n<li><del>R. Saito Kikuboshi 135 Extra Hueco Gruond\u00a0<\/del> Vendido<\/li>\n<li><del>Triumph Y.S.S 65825 Acero Yasuki Dise\u00f1o de R. Saito<\/del><\/li>\n<\/ol>","protected":false},"featured_media":1151,"comment_status":"open","ping_status":"closed","template":"","meta":[],"product_brand":[],"product_cat":[23],"product_tag":[164,161,162,160,129,163],"class_list":{"0":"post-796","1":"product","2":"type-product","3":"status-publish","4":"has-post-thumbnail","6":"product_cat-razors","7":"product_tag-daishi","8":"product_tag-kikuboshi","9":"product_tag-r-saito","10":"product_tag-skustuvai","11":"product_tag-towa","12":"product_tag-union","13":"product_shipping_class-light","15":"first","16":"outofstock","17":"sold-individually","18":"shipping-taxable","19":"product-type-variable"},"_links":{"self":[{"href":"https:\/\/jnats.eu\/es\/wp-json\/wp\/v2\/product\/796","targetHints":{"allow":["GET"]}}],"collection":[{"href":"https:\/\/jnats.eu\/es\/wp-json\/wp\/v2\/product"}],"about":[{"href":"https:\/\/jnats.eu\/es\/wp-json\/wp\/v2\/types\/product"}],"replies":[{"embeddable":true,"href":"https:\/\/jnats.eu\/es\/wp-json\/wp\/v2\/comments?post=796"}],"wp:featuredmedia":[{"embeddable":true,"href":"https:\/\/jnats.eu\/es\/wp-json\/wp\/v2\/media\/1151"}],"wp:attachment":[{"href":"https:\/\/jnats.eu\/es\/wp-json\/wp\/v2\/media?parent=796"}],"wp:term":[{"taxonomy":"product_brand","embeddable":true,"href":"https:\/\/jnats.eu\/es\/wp-json\/wp\/v2\/product_brand?post=796"},{"taxonomy":"product_cat","embeddable":true,"href":"https:\/\/jnats.eu\/es\/wp-json\/wp\/v2\/product_cat?post=796"},{"taxonomy":"product_tag","embeddable":true,"href":"https:\/\/jnats.eu\/es\/wp-json\/wp\/v2\/product_tag?post=796"}],"curies":[{"name":"wp","href":"https:\/\/api.w.org\/{rel}","templated":true}]}}