{"id":814,"date":"2024-04-20T14:08:11","date_gmt":"2024-04-20T11:08:11","guid":{"rendered":"http:\/\/jnats.eu\/?post_type=product&#038;p=814"},"modified":"2024-07-11T11:51:08","modified_gmt":"2024-07-11T08:51:08","slug":"ozuku-asagi-piedra-de-afilar-natural-japonesa","status":"publish","type":"product","link":"https:\/\/jnats.eu\/es\/producto-2\/ozuku-asagi-piedra-de-afilar-natural-japonesa\/","title":{"rendered":"Nakayama Asagi Maruka piedra de afilar natural japonesa"},"content":{"rendered":"<p>Esta piedra es dura y extremadamente fina, con la que se pueden trabajar f\u00e1cilmente las navajas. Aunque es bastante fuerte, tiene una respuesta mejor que la media en comparaci\u00f3n con otras piedras de este grano. Tambi\u00e9n se puede utilizar para herramientas de carpinter\u00eda y cuchillos. Dejar\u00e1 un brillo plateado brillante y un pulido san mai detallado. Se trata de piedras de acabado muy poderosas en todos los sentidos.<\/p>\n\n\n\n<p>La piedra Nakayama es famosa por la marca Kato Mutsuyama Maruka con la letra &quot;ka&quot; y el sello Seihonzan \u32d5\u6b63\u672c\u5c71. Kato Mutsuyama fue el primero en tallar tal sello. Las dimensiones no est\u00e1ndar, el gran tama\u00f1o o las piedras en bruto no ten\u00edan originalmente la marca de Maruka. Sin embargo, tambi\u00e9n hay productos de calidad y piedras de afilar no est\u00e1ndar que posteriormente se marcaron con el sello Maruka durante el procesamiento final en el comercio minorista, as\u00ed como piedras que el vendedor cort\u00f3 a partir de piedras en bruto sin el sello \u32d5\u6b63\u672c\u5c71. Adem\u00e1s, las muelas Nakayama vendidas antes del per\u00edodo de estampado no llevan el sello Maruka. <\/p>\n\n\n\n<p>En cualquier caso, si es la piedra de Kato Mutsuyama de esta mina, ser\u00e1 la misma piedra de Nakayama, independientemente de si tiene la marca de Maruka o no. El sello \u32d5\u6b63\u672c\u5c71 puede estar presente o no seg\u00fan el canal de distribuci\u00f3n y no garantiza la calidad. No s\u00f3lo Nakayama, sino tambi\u00e9n otras piedras de moler naturales, cada una es diferente y no hay dos iguales. Adem\u00e1s, han pasado muchos a\u00f1os desde el cierre de la mina, por lo que cada a\u00f1o hay menos ejemplares buenos en el mercado.<\/p>\n\n\n\n<p>Debido a su rareza y al poder de la marca, existen muchas falsificaciones, por lo que te recomendamos que no te f\u00edes demasiado del sello de Maruka y eval\u00faes la piedra con tus propios ojos.&nbsp;<\/p>\n\n\n\n<p>La mina Kato est\u00e1 ubicada en las monta\u00f1as Nakayama, donde se extra\u00edan piedras de afilar y se llamaba as\u00ed porque era propiedad del Sr. Kato. Hatanaka Whetstone es una tienda de piedra de larga trayectoria en Kioto. Despu\u00e9s de la guerra, las ventas de las piedras de moler Nakayama extra\u00eddas en Kato Utsuyama estaban a cargo de un grupo de cinco personas de un importante taller de piedra de Kioto. Entre ellos, se dice que Hatanaka Toishi fue el m\u00e1s confiable durante un tiempo por los propietarios de monta\u00f1as. en 1952 Hatanaka Toishi registr\u00f3 la marca Junshin Honzan (\u7d14\u7a7a\u6b63\u672c\u5c71) para distinguirse de otros minoristas. Despu\u00e9s de 1980 donde los derechos de la mina Nakayama fueron comprados por Hatanaka Whetstone y se convirtieron en propietarios de la marca Maruka. Al mismo tiempo, las piedras de esta mina tambi\u00e9n se distribuyeron a trav\u00e9s de otros minoristas.<\/p>\n\n\n\n<p><strong>Nakayama (\u4e2d\u5c71)<\/strong><br>Esta mina oriental es famosa por las piedras de awasedo para finalizar el proceso de afilado. La piedra multicapa (Hondomae Shikitomae) con un &quot;colega&quot; de diferente color es especialmente valorada por los carpinteros y afiladores. En comparaci\u00f3n con piedras de dureza y finura similares de otras minas, los productos Nakayama son conocidos por una sensaci\u00f3n de afilado m\u00e1s agradable. Las piedras aut\u00e9nticas de Nakayama suelen venir con el famoso sello Maruka \u32d5\u6b63\u672c\u5c71.<\/p>\n\n\n\n<figure class=\"wp-block-embed is-type-video is-provider-youtube wp-block-embed-youtube wp-embed-aspect-16-9 wp-has-aspect-ratio\"><div class=\"wp-block-embed__wrapper\">\n<div class=\"video-container\"><iframe title=\"Awasedo Jnats Ozuku Asagi Okudo Shobudani Karasu Kyoto Shinzen\" width=\"1170\" height=\"658\" src=\"https:\/\/www.youtube.com\/embed\/WR-t0Lxs7XY?start=612&#038;feature=oembed\" frameborder=\"0\" allow=\"accelerometer; autoplay; clipboard-write; encrypted-media; gyroscope; picture-in-picture; web-share\" referrerpolicy=\"strict-origin-when-cross-origin\" allowfullscreen><\/iframe><\/div>\n<\/div><\/figure>","protected":false},"excerpt":{"rendered":"<ul>\n<li>Adecuado para el acabado de navajas, cuchillos y herramientas.<\/li>\n<li>Dimensiones: 210x52x30 mm<\/li>\n<li>Peso: 860 g<\/li>\n<li>Dureza: Lv 5+<\/li>\n<li>Las l\u00edneas son seguras<\/li>\n<li>La piedra muy dura es muy popular entre los afiladores de navajas, ya que permite conseguir el m\u00e1ximo filo. Es posible acelerar el trabajo con la ayuda de la suspensi\u00f3n Nagura o frotando con una placa de diamante en bruto. El sello de Maruka \u32d5\u6b63\u672c\u5c71 apenas es visible, pero est\u00e1 ah\u00ed. Esto lo confirma la m\u00e1s alta calidad del trabajo en piedra.\u00a0<\/li>\n<\/ul>","protected":false},"featured_media":1347,"comment_status":"open","ping_status":"closed","template":"","meta":[],"product_brand":[],"product_cat":[22],"product_tag":[45,58,49],"class_list":{"0":"post-814","1":"product","2":"type-product","3":"status-publish","4":"has-post-thumbnail","6":"product_cat-jnats","7":"product_tag-asagi","8":"product_tag-maruka","9":"product_tag-nakayama","10":"product_shipping_class-iprastas","12":"first","13":"outofstock","14":"sale","15":"shipping-taxable","16":"purchasable","17":"product-type-simple"},"_links":{"self":[{"href":"https:\/\/jnats.eu\/es\/wp-json\/wp\/v2\/product\/814","targetHints":{"allow":["GET"]}}],"collection":[{"href":"https:\/\/jnats.eu\/es\/wp-json\/wp\/v2\/product"}],"about":[{"href":"https:\/\/jnats.eu\/es\/wp-json\/wp\/v2\/types\/product"}],"replies":[{"embeddable":true,"href":"https:\/\/jnats.eu\/es\/wp-json\/wp\/v2\/comments?post=814"}],"wp:featuredmedia":[{"embeddable":true,"href":"https:\/\/jnats.eu\/es\/wp-json\/wp\/v2\/media\/1347"}],"wp:attachment":[{"href":"https:\/\/jnats.eu\/es\/wp-json\/wp\/v2\/media?parent=814"}],"wp:term":[{"taxonomy":"product_brand","embeddable":true,"href":"https:\/\/jnats.eu\/es\/wp-json\/wp\/v2\/product_brand?post=814"},{"taxonomy":"product_cat","embeddable":true,"href":"https:\/\/jnats.eu\/es\/wp-json\/wp\/v2\/product_cat?post=814"},{"taxonomy":"product_tag","embeddable":true,"href":"https:\/\/jnats.eu\/es\/wp-json\/wp\/v2\/product_tag?post=814"}],"curies":[{"name":"wp","href":"https:\/\/api.w.org\/{rel}","templated":true}]}}