{"id":833,"date":"2024-03-15T14:37:41","date_gmt":"2024-03-15T12:37:41","guid":{"rendered":"http:\/\/jnats.eu\/?post_type=product&#038;p=833"},"modified":"2024-06-07T19:25:02","modified_gmt":"2024-06-07T16:25:02","slug":"shobudani-es-una-piedra-de-afilar-natural-japonesa","status":"publish","type":"product","link":"https:\/\/jnats.eu\/es\/producto-2\/shobudani-es-una-piedra-de-afilar-natural-japonesa\/","title":{"rendered":"Piedra de afilar natural japonesa Shobudani Kiita"},"content":{"rendered":"<ul class=\"wp-block-list\">\n<li>Adecuado para el acabado de navajas, cuchillos y herramientas.<\/li>\n\n\n\n<li>Dimensiones: 195x71x21mm<\/li>\n\n\n\n<li>Peso: 740 gramos<\/li>\n\n\n\n<li>Dureza: Nivel 4,5<\/li>\n\n\n\n<li>Una piedra dura y r\u00e1pida que libera su suspensi\u00f3n f\u00e1cilmente, por lo que no se necesita Nagura.<\/li>\n\n\n\n<li>Shobudani ocupa el segundo lugar despu\u00e9s de Nakayama en la jerarqu\u00eda de las piedras de afilar naturales japonesas, y no est\u00e1 muy lejos o iguala a Nakayama en velocidad, suavidad, finura y respuesta.<\/li>\n<\/ul>\n\n\n\n<figure class=\"wp-block-embed is-type-video is-provider-youtube wp-block-embed-youtube wp-embed-aspect-16-9 wp-has-aspect-ratio\"><div class=\"wp-block-embed__wrapper\">\n<div class=\"video-container\"><iframe title=\"Awasedo Jnats Ozuku Asagi Okudo Shobudani Kyoto Shinzen\" width=\"1170\" height=\"658\" src=\"https:\/\/www.youtube.com\/embed\/WR-t0Lxs7XY?start=289&#038;feature=oembed\" frameborder=\"0\" allow=\"accelerometer; autoplay; clipboard-write; encrypted-media; gyroscope; picture-in-picture; web-share\" allowfullscreen><\/iframe><\/div>\n<\/div><\/figure>\n\n\n\n<p>Las principales ventajas de las piedras de afilar japonesas naturales:<\/p>\n\n\n\n<ul class=\"wp-block-list\">\n<li>Las herramientas se mantienen afiladas m\u00e1s tiempo<\/li>\n\n\n\n<li>Las piedras no se contaminan con residuos met\u00e1licos<\/li>\n\n\n\n<li>F\u00e1cil desmontaje de la v\u00e1lvula de compuerta<\/li>\n\n\n\n<li>Una respuesta sorprendente que permite sentir exactamente lo que ocurre en la superficie met\u00e1lica.<\/li>\n<\/ul>","protected":false},"excerpt":{"rendered":"<ul>\n<li>Adecuado para el acabado de navajas, cuchillos y herramientas.<\/li>\n<li>Dimensiones: 195x71x21mm<\/li>\n<li>Peso: 740 gramos<\/li>\n<li>Dureza: Nivel 4,5<\/li>\n<li>Una piedra dura y r\u00e1pida que libera su suspensi\u00f3n f\u00e1cilmente, por lo que no se necesita Nagura.<\/li>\n<li>Shobudani ocupa el segundo lugar despu\u00e9s de Nakayama en la jerarqu\u00eda de las piedras de afilar naturales japonesas, y no est\u00e1 muy lejos o iguala a Nakayama en velocidad, suavidad, finura y respuesta.<\/li>\n<\/ul>","protected":false},"featured_media":1362,"comment_status":"open","ping_status":"closed","template":"","meta":[],"product_brand":[],"product_cat":[22],"product_tag":[44],"class_list":{"0":"post-833","1":"product","2":"type-product","3":"status-publish","4":"has-post-thumbnail","6":"product_cat-jnats","7":"product_tag-shobudani","8":"product_shipping_class-iprastas","10":"first","11":"outofstock","12":"shipping-taxable","13":"purchasable","14":"product-type-simple"},"_links":{"self":[{"href":"https:\/\/jnats.eu\/es\/wp-json\/wp\/v2\/product\/833","targetHints":{"allow":["GET"]}}],"collection":[{"href":"https:\/\/jnats.eu\/es\/wp-json\/wp\/v2\/product"}],"about":[{"href":"https:\/\/jnats.eu\/es\/wp-json\/wp\/v2\/types\/product"}],"replies":[{"embeddable":true,"href":"https:\/\/jnats.eu\/es\/wp-json\/wp\/v2\/comments?post=833"}],"wp:featuredmedia":[{"embeddable":true,"href":"https:\/\/jnats.eu\/es\/wp-json\/wp\/v2\/media\/1362"}],"wp:attachment":[{"href":"https:\/\/jnats.eu\/es\/wp-json\/wp\/v2\/media?parent=833"}],"wp:term":[{"taxonomy":"product_brand","embeddable":true,"href":"https:\/\/jnats.eu\/es\/wp-json\/wp\/v2\/product_brand?post=833"},{"taxonomy":"product_cat","embeddable":true,"href":"https:\/\/jnats.eu\/es\/wp-json\/wp\/v2\/product_cat?post=833"},{"taxonomy":"product_tag","embeddable":true,"href":"https:\/\/jnats.eu\/es\/wp-json\/wp\/v2\/product_tag?post=833"}],"curies":[{"name":"wp","href":"https:\/\/api.w.org\/{rel}","templated":true}]}}