{"id":861,"date":"2024-03-16T10:29:38","date_gmt":"2024-03-16T08:29:38","guid":{"rendered":"http:\/\/jnats.eu\/?post_type=product&#038;p=861"},"modified":"2025-06-03T21:01:36","modified_gmt":"2025-06-03T18:01:36","slug":"shobudani-ikimurasaki-awasedo-piedra-de-afilar-natural-japonesa","status":"publish","type":"product","link":"https:\/\/jnats.eu\/es\/producto-2\/shobudani-ikimurasaki-awasedo-piedra-de-afilar-natural-japonesa\/","title":{"rendered":"Shobudani Ikimurasaki Awasedo Piedra de Afilar Natural Japonesa"},"content":{"rendered":"<ul class=\"wp-block-list\">\n<li>Adecuado para el acabado de navajas, cuchillos y herramientas.<\/li>\n\n\n\n<li>Dimensiones: 198x69x22 mm<\/li>\n\n\n\n<li>Peso con soporte: 860 g<\/li>\n\n\n\n<li>Dureza: Lv 4.7<\/li>\n\n\n\n<li>Duro, r\u00e1pido.&nbsp;<\/li>\n\n\n\n<li>Shobudani ocupa el segundo lugar despu\u00e9s de Nakayama en la jerarqu\u00eda de las piedras de afilar naturales japonesas, y no est\u00e1 muy lejos o iguala a Nakayama en velocidad, suavidad, finura y respuesta.<\/li>\n<\/ul>\n\n\n\n<figure class=\"wp-block-embed is-type-video is-provider-youtube wp-block-embed-youtube wp-embed-aspect-16-9 wp-has-aspect-ratio\"><div class=\"wp-block-embed__wrapper\">\n<div class=\"video-container\"><iframe title=\"Nuevo Kinmoji Kamisori, Naniwa Super Stone #3000, Shobudani Ikimurasaki Awasedo\" width=\"1170\" height=\"658\" src=\"https:\/\/www.youtube.com\/embed\/5MbmFGPudOY?start=267&#038;feature=oembed\" frameborder=\"0\" allow=\"accelerometer; autoplay; clipboard-write; encrypted-media; gyroscope; picture-in-picture; web-share\" referrerpolicy=\"strict-origin-when-cross-origin\" allowfullscreen><\/iframe><\/div>\n<\/div><\/figure>\n\n\n\n<p><strong>Las principales ventajas de las piedras de afilar japonesas naturales:<\/strong><\/p>\n\n\n\n<ul class=\"wp-block-list\">\n<li>Las herramientas se mantienen afiladas m\u00e1s tiempo<\/li>\n\n\n\n<li>Las piedras no se contaminan con residuos met\u00e1licos<\/li>\n\n\n\n<li>F\u00e1cil desmontaje de la v\u00e1lvula de compuerta<\/li>\n\n\n\n<li>Una respuesta sorprendente que permite sentir exactamente lo que ocurre en la superficie met\u00e1lica.<\/li>\n<\/ul>","protected":false},"excerpt":{"rendered":"<ul>\n<li>Adecuado para el acabado de navajas, cuchillos y herramientas.<\/li>\n<li>Dimensiones: 198x69x22 mm<\/li>\n<li>Peso con soporte: 860 g<\/li>\n<li>Dureza: Lv 4.7<\/li>\n<li>Duro, r\u00e1pido.<\/li>\n<li>Shobudani ocupa el segundo lugar despu\u00e9s de Nakayama en la jerarqu\u00eda de las piedras de afilar naturales japonesas, y no est\u00e1 muy lejos o iguala a Nakayama en velocidad, suavidad, finura y respuesta.<\/li>\n<\/ul>","protected":false},"featured_media":1282,"comment_status":"open","ping_status":"closed","template":"","meta":[],"product_brand":[],"product_cat":[22],"product_tag":[44],"class_list":{"0":"post-861","1":"product","2":"type-product","3":"status-publish","4":"has-post-thumbnail","6":"product_cat-jnats","7":"product_tag-shobudani","8":"product_shipping_class-iprastas","10":"first","11":"outofstock","12":"sale","13":"shipping-taxable","14":"purchasable","15":"product-type-simple"},"_links":{"self":[{"href":"https:\/\/jnats.eu\/es\/wp-json\/wp\/v2\/product\/861","targetHints":{"allow":["GET"]}}],"collection":[{"href":"https:\/\/jnats.eu\/es\/wp-json\/wp\/v2\/product"}],"about":[{"href":"https:\/\/jnats.eu\/es\/wp-json\/wp\/v2\/types\/product"}],"replies":[{"embeddable":true,"href":"https:\/\/jnats.eu\/es\/wp-json\/wp\/v2\/comments?post=861"}],"wp:featuredmedia":[{"embeddable":true,"href":"https:\/\/jnats.eu\/es\/wp-json\/wp\/v2\/media\/1282"}],"wp:attachment":[{"href":"https:\/\/jnats.eu\/es\/wp-json\/wp\/v2\/media?parent=861"}],"wp:term":[{"taxonomy":"product_brand","embeddable":true,"href":"https:\/\/jnats.eu\/es\/wp-json\/wp\/v2\/product_brand?post=861"},{"taxonomy":"product_cat","embeddable":true,"href":"https:\/\/jnats.eu\/es\/wp-json\/wp\/v2\/product_cat?post=861"},{"taxonomy":"product_tag","embeddable":true,"href":"https:\/\/jnats.eu\/es\/wp-json\/wp\/v2\/product_tag?post=861"}],"curies":[{"name":"wp","href":"https:\/\/api.w.org\/{rel}","templated":true}]}}