{"id":4393,"date":"2025-04-15T11:06:23","date_gmt":"2025-04-15T08:06:23","guid":{"rendered":"https:\/\/jnats.eu\/?page_id=4393"},"modified":"2025-04-15T11:14:24","modified_gmt":"2025-04-15T08:14:24","slug":"apie-mus","status":"publish","type":"page","link":"https:\/\/jnats.eu\/fr\/apie-mus\/","title":{"rendered":"A propos de nous"},"content":{"rendered":"<p><strong>JNATS.eu<\/strong> - un lieu o\u00f9 la passion pour l'aiguisage et le respect de l'artisanat japonais se rencontrent. Nous sommes des passionn\u00e9s de pierres \u00e0 aiguiser japonaises naturelles qui en ont assez d'acheter \"un chat dans un sac\". Dans de nombreuses boutiques en ligne, les descriptions des pierres sont vagues, les informations manquent et le r\u00e9sultat final est souvent d\u00e9cevant.<\/p>\n\n\n\n<p>Nous avons d\u00e9cid\u00e9 de changer cela. Nous testons nous-m\u00eames toutes les pierres que nous proposons dans notre magasin - et ce ne sont pas que des mots. Avec chaque produit, vous trouverez des vid\u00e9os r\u00e9elles d\u00e9montrant les propri\u00e9t\u00e9s de la pierre, la sensation d'aiguisage, les r\u00e9sultats et l'exp\u00e9rience.<\/p>\n\n\n\n<p>Notre objectif est de cr\u00e9er un espace transparent, informatif et convivial o\u00f9 chacun peut acheter exactement ce qu'il recherche - pas d'incertitude, juste une valeur r\u00e9elle. Si la qualit\u00e9, le savoir-faire et la clart\u00e9 vous tiennent \u00e0 c\u0153ur, vous \u00eates au bon endroit.<\/p>\n\n\n\n<figure class=\"wp-block-image size-large\"><img decoding=\"async\" width=\"1024\" height=\"768\" src=\"https:\/\/jnats.eu\/wp-content\/uploads\/2024\/04\/Nakayama-Kiita-Karasu-Maruka-2-1024x768.webp\" alt=\"\" class=\"wp-image-2253\" srcset=\"https:\/\/jnats.eu\/wp-content\/uploads\/2024\/04\/Nakayama-Kiita-Karasu-Maruka-2-1024x768.webp 1024w, https:\/\/jnats.eu\/wp-content\/uploads\/2024\/04\/Nakayama-Kiita-Karasu-Maruka-2-300x225.webp 300w, https:\/\/jnats.eu\/wp-content\/uploads\/2024\/04\/Nakayama-Kiita-Karasu-Maruka-2-768x576.webp 768w, https:\/\/jnats.eu\/wp-content\/uploads\/2024\/04\/Nakayama-Kiita-Karasu-Maruka-2-1536x1152.webp 1536w, https:\/\/jnats.eu\/wp-content\/uploads\/2024\/04\/Nakayama-Kiita-Karasu-Maruka-2-16x12.webp 16w, https:\/\/jnats.eu\/wp-content\/uploads\/2024\/04\/Nakayama-Kiita-Karasu-Maruka-2-990x743.webp 990w, https:\/\/jnats.eu\/wp-content\/uploads\/2024\/04\/Nakayama-Kiita-Karasu-Maruka-2-441x331.webp 441w, https:\/\/jnats.eu\/wp-content\/uploads\/2024\/04\/Nakayama-Kiita-Karasu-Maruka-2-600x450.webp 600w, https:\/\/jnats.eu\/wp-content\/uploads\/2024\/04\/Nakayama-Kiita-Karasu-Maruka-2-150x113.webp 150w, https:\/\/jnats.eu\/wp-content\/uploads\/2024\/04\/Nakayama-Kiita-Karasu-Maruka-2.webp 2000w\" sizes=\"(max-width: 1024px) 100vw, 1024px\" \/><\/figure>","protected":false},"excerpt":{"rendered":"<p>JNATS.eu est le point de rencontre entre la passion de l'aiguisage et le respect de l'artisanat japonais. Nous sommes des passionn\u00e9s de pierres \u00e0 aiguiser japonaises naturelles qui en ont assez d'acheter \"un chat dans un sac\". Dans de nombreuses boutiques en ligne, les descriptions des pierres sont vagues, les informations manquent et le r\u00e9sultat final est souvent d\u00e9cevant. Nous avons d\u00e9cid\u00e9 de changer cela. Nous testons nous-m\u00eames toutes les pierres que nous proposons dans notre boutique - et ce ne sont pas que des mots. [...]<\/p>","protected":false},"author":1,"featured_media":2253,"parent":0,"menu_order":0,"comment_status":"closed","ping_status":"closed","template":"","meta":{"footnotes":""},"class_list":["post-4393","page","type-page","status-publish","has-post-thumbnail","hentry"],"_links":{"self":[{"href":"https:\/\/jnats.eu\/fr\/wp-json\/wp\/v2\/pages\/4393","targetHints":{"allow":["GET"]}}],"collection":[{"href":"https:\/\/jnats.eu\/fr\/wp-json\/wp\/v2\/pages"}],"about":[{"href":"https:\/\/jnats.eu\/fr\/wp-json\/wp\/v2\/types\/page"}],"author":[{"embeddable":true,"href":"https:\/\/jnats.eu\/fr\/wp-json\/wp\/v2\/users\/1"}],"replies":[{"embeddable":true,"href":"https:\/\/jnats.eu\/fr\/wp-json\/wp\/v2\/comments?post=4393"}],"version-history":[{"count":2,"href":"https:\/\/jnats.eu\/fr\/wp-json\/wp\/v2\/pages\/4393\/revisions"}],"predecessor-version":[{"id":4396,"href":"https:\/\/jnats.eu\/fr\/wp-json\/wp\/v2\/pages\/4393\/revisions\/4396"}],"wp:featuredmedia":[{"embeddable":true,"href":"https:\/\/jnats.eu\/fr\/wp-json\/wp\/v2\/media\/2253"}],"wp:attachment":[{"href":"https:\/\/jnats.eu\/fr\/wp-json\/wp\/v2\/media?parent=4393"}],"curies":[{"name":"wp","href":"https:\/\/api.w.org\/{rel}","templated":true}]}}