{"id":117,"date":"2024-02-21T11:57:24","date_gmt":"2024-02-21T09:57:24","guid":{"rendered":"http:\/\/jnats.eu\/?post_type=product&#038;p=117"},"modified":"2024-08-19T23:02:13","modified_gmt":"2024-08-19T20:02:13","slug":"shobudani-mizu-asagi-une-pierre-a-aiguiser-naturelle-japonaise","status":"publish","type":"product","link":"https:\/\/jnats.eu\/fr\/produit-2\/shobudani-mizu-asagi-une-pierre-a-aiguiser-naturelle-japonaise\/","title":{"rendered":"Shobudani Mizu Asagi Natural Japanese Sharpening Finishing Stone (pierre de finition japonaise pour l'aiguisage)"},"content":{"rendered":"<ul class=\"wp-block-list\">\n<li><strong>Duret\u00e9 : Lv 4<\/strong><\/li>\n\n\n\n<li><strong>Dimensions : 198x70x22 mm<\/strong><\/li>\n\n\n\n<li><strong>Poids : 772 g.<\/strong><\/li>\n\n\n\n<li><strong>Convient pour la finition des couteaux en acier au carbone, des ciseaux, des outils de menuiserie, des rasoirs, etc.<\/strong><\/li>\n<\/ul>\n\n\n\n<p>La pierre de finition japonaise naturelle Shobudani Mizu Asagi est un outil exceptionnel dont la structure ultrafine permet d'obtenir un tranchant de la plus haute qualit\u00e9. Cette pierre n'est pas seulement un outil pratique dans la cuisine, mais aussi un tr\u00e9sor artistique appr\u00e9ci\u00e9 par un v\u00e9ritable artisan. <\/p>\n\n\n\n<p>La pierre Shobudani Mizu Asagi est fascinante par sa couleur et sa texture uniques. Sa surface est d\u00e9licatement model\u00e9e et pr\u00e9sente des teintes naturelles multicolores qui lui conf\u00e8rent un charme particulier. En outre, les min\u00e9raux et les oligo-\u00e9l\u00e9ments contenus dans cette pierre contribuent au caract\u00e8re unique des r\u00e9sultats de l'aiguisage.<\/p>\n\n\n\n<p>Cette pierre japonaise a la capacit\u00e9 extraordinaire de cr\u00e9er un tranchant presque rasoir sur une lame en acier au carbone. Cela signifie que votre couteau recevra une coupe extr\u00eamement tranchante qui coupera facilement les aliments, tout en conservant la durabilit\u00e9 optimale de la forme et du tranchant du couteau.<\/p>\n\n\n\n<p>La pierre Shobudani Mizu Asagi convient non seulement aux chefs professionnels, mais aussi aux amateurs de cuisine \u00e0 domicile qui recherchent un r\u00e9sultat d'aiguisage parfait. Cette pierre garantit non seulement que votre couteau restera aiguis\u00e9 plus longtemps, mais elle ajoutera \u00e9galement une touche distinctive \u00e0 votre \u00e9quipement de cuisine. Achetez la pierre Shobudani Mizu Asagi et d\u00e9couvrez le v\u00e9ritable art de l'aiguisage japonais.<\/p>\n\n\n\n<figure class=\"wp-block-embed is-type-video is-provider-youtube wp-block-embed-youtube wp-embed-aspect-16-9 wp-has-aspect-ratio\"><div class=\"wp-block-embed__wrapper\">\n<div class=\"video-container\"><iframe title=\"JNATS Awasedo\" width=\"1170\" height=\"658\" src=\"https:\/\/www.youtube.com\/embed\/9KOBiaxAnt8?start=782&#038;feature=oembed\" frameborder=\"0\" allow=\"accelerometer; autoplay; clipboard-write; encrypted-media; gyroscope; picture-in-picture; web-share\" allowfullscreen><\/iframe><\/div>\n<\/div><\/figure>","protected":false},"excerpt":{"rendered":"<ul>\n<li><strong>Duret\u00e9 : Lv 4<\/strong><\/li>\n<li><strong>Dimensions : 198x70x22 mm<\/strong><\/li>\n<li><strong>Poids : 772 g.<\/strong><\/li>\n<li><strong>Convient pour la finition des couteaux en acier au carbone, des ciseaux, des outils de menuiserie, des rasoirs, etc.<\/strong><\/li>\n<\/ul>","protected":false},"featured_media":1271,"comment_status":"open","ping_status":"closed","template":"","meta":[],"product_brand":[],"product_cat":[22],"product_tag":[45,44],"class_list":{"0":"post-117","1":"product","2":"type-product","3":"status-publish","4":"has-post-thumbnail","6":"product_cat-jnats","7":"product_tag-asagi","8":"product_tag-shobudani","9":"product_shipping_class-iprastas","11":"first","12":"outofstock","13":"sale","14":"shipping-taxable","15":"purchasable","16":"product-type-simple"},"_links":{"self":[{"href":"https:\/\/jnats.eu\/fr\/wp-json\/wp\/v2\/product\/117","targetHints":{"allow":["GET"]}}],"collection":[{"href":"https:\/\/jnats.eu\/fr\/wp-json\/wp\/v2\/product"}],"about":[{"href":"https:\/\/jnats.eu\/fr\/wp-json\/wp\/v2\/types\/product"}],"replies":[{"embeddable":true,"href":"https:\/\/jnats.eu\/fr\/wp-json\/wp\/v2\/comments?post=117"}],"wp:featuredmedia":[{"embeddable":true,"href":"https:\/\/jnats.eu\/fr\/wp-json\/wp\/v2\/media\/1271"}],"wp:attachment":[{"href":"https:\/\/jnats.eu\/fr\/wp-json\/wp\/v2\/media?parent=117"}],"wp:term":[{"taxonomy":"product_brand","embeddable":true,"href":"https:\/\/jnats.eu\/fr\/wp-json\/wp\/v2\/product_brand?post=117"},{"taxonomy":"product_cat","embeddable":true,"href":"https:\/\/jnats.eu\/fr\/wp-json\/wp\/v2\/product_cat?post=117"},{"taxonomy":"product_tag","embeddable":true,"href":"https:\/\/jnats.eu\/fr\/wp-json\/wp\/v2\/product_tag?post=117"}],"curies":[{"name":"wp","href":"https:\/\/api.w.org\/{rel}","templated":true}]}}