{"id":1376,"date":"2024-04-11T14:43:05","date_gmt":"2024-04-11T11:43:05","guid":{"rendered":"http:\/\/jnats.eu\/?post_type=product&#038;p=1376"},"modified":"2024-05-13T10:16:41","modified_gmt":"2024-05-13T07:16:41","slug":"pierre-a-aiguiser-naturelle-japonaise-okudo-2","status":"publish","type":"product","link":"https:\/\/jnats.eu\/fr\/produit-2\/pierre-a-aiguiser-naturelle-japonaise-okudo-2\/","title":{"rendered":"Pierre \u00e0 aiguiser naturelle japonaise Okudo"},"content":{"rendered":"<ul class=\"wp-block-list\">\n<li>Convient pour la finition des couteaux et des outils, o\u00f9 une haute pr\u00e9cision n&#039;est pas requise, car la pierre n&#039;est pas homog\u00e8ne et pr\u00e9sente des irr\u00e9gularit\u00e9s. Il est possible que vous ne puissiez pas les niveler, car la couche suivante peut \u00eatre la m\u00eame et cette pierre est tr\u00e8s, tr\u00e8s difficile \u00e0 niveler.<\/li>\n\n\n\n<li>Dimensions : 198x80x18 mm<\/li>\n\n\n\n<li>Poids : 800 g<\/li>\n\n\n\n<li>Duret\u00e9 : Lv 5<\/li>\n<\/ul>","protected":false},"excerpt":{"rendered":"<p><!-- wp:list --><\/p>\n<ul><!-- wp:list-item --><\/p>\n<li>Convient pour la finition des couteaux et des outils, o\u00f9 une haute pr\u00e9cision n&#039;est pas requise, car la pierre n&#039;est pas homog\u00e8ne et pr\u00e9sente des irr\u00e9gularit\u00e9s. Il est possible que vous ne puissiez pas les niveler, car la couche suivante peut \u00eatre la m\u00eame et cette pierre est tr\u00e8s, tr\u00e8s difficile \u00e0 niveler.<\/li>\n<p><!-- \/wp:list-item --><\/p>\n<p><!-- wp:list-item --><\/p>\n<li>Dimensions : 198x80x18 mm<\/li>\n<p><!-- \/wp:list-item --><\/p>\n<p><!-- wp:list-item --><\/p>\n<li>Poids : 800 g<\/li>\n<p><!-- \/wp:list-item --><\/p>\n<p><!-- wp:list-item --><\/p>\n<li>Duret\u00e9 : Lv 5<\/li>\n<p><!-- \/wp:list-item --><\/ul>\n<p><!-- \/wp:list --><\/p>","protected":false},"featured_media":1379,"comment_status":"open","ping_status":"closed","template":"","meta":[],"product_brand":[],"product_cat":[22],"product_tag":[90],"class_list":{"0":"post-1376","1":"product","2":"type-product","3":"status-publish","4":"has-post-thumbnail","6":"product_cat-jnats","7":"product_tag-natural-whetstone","8":"product_shipping_class-iprastas","10":"first","11":"outofstock","12":"shipping-taxable","13":"purchasable","14":"product-type-simple"},"_links":{"self":[{"href":"https:\/\/jnats.eu\/fr\/wp-json\/wp\/v2\/product\/1376","targetHints":{"allow":["GET"]}}],"collection":[{"href":"https:\/\/jnats.eu\/fr\/wp-json\/wp\/v2\/product"}],"about":[{"href":"https:\/\/jnats.eu\/fr\/wp-json\/wp\/v2\/types\/product"}],"replies":[{"embeddable":true,"href":"https:\/\/jnats.eu\/fr\/wp-json\/wp\/v2\/comments?post=1376"}],"wp:featuredmedia":[{"embeddable":true,"href":"https:\/\/jnats.eu\/fr\/wp-json\/wp\/v2\/media\/1379"}],"wp:attachment":[{"href":"https:\/\/jnats.eu\/fr\/wp-json\/wp\/v2\/media?parent=1376"}],"wp:term":[{"taxonomy":"product_brand","embeddable":true,"href":"https:\/\/jnats.eu\/fr\/wp-json\/wp\/v2\/product_brand?post=1376"},{"taxonomy":"product_cat","embeddable":true,"href":"https:\/\/jnats.eu\/fr\/wp-json\/wp\/v2\/product_cat?post=1376"},{"taxonomy":"product_tag","embeddable":true,"href":"https:\/\/jnats.eu\/fr\/wp-json\/wp\/v2\/product_tag?post=1376"}],"curies":[{"name":"wp","href":"https:\/\/api.w.org\/{rel}","templated":true}]}}