{"id":1386,"date":"2024-04-11T14:54:22","date_gmt":"2024-04-11T11:54:22","guid":{"rendered":"http:\/\/jnats.eu\/?post_type=product&#038;p=1386"},"modified":"2025-05-19T12:46:43","modified_gmt":"2025-05-19T09:46:43","slug":"agate-verte-et-pierre-a-aiguiser-naturelle-chinoise-blanche","status":"publish","type":"product","link":"https:\/\/jnats.eu\/fr\/produit-2\/agate-verte-et-pierre-a-aiguiser-naturelle-chinoise-blanche\/","title":{"rendered":"Agate verte et quartzite blanche, pierre \u00e0 aiguiser naturelle chinoise"},"content":{"rendered":"<ul class=\"wp-block-list\">\n<li>Dimensions : 197x49x24 mm<\/li>\n\n\n\n<li>Poids : 690g<\/li>\n\n\n\n<li>Duret\u00e9 : Lv 4.7<\/li>\n\n\n\n<li>Convient pour la finition de couteaux et d'outils ne n\u00e9cessitant pas une grande pr\u00e9cision. La pierre n'est pas tr\u00e8s homog\u00e8ne. Les deux faces sont pr\u00eates \u00e0 l'emploi. Fonctionne avec un lubrifiant.<\/li>\n<\/ul>","protected":false},"excerpt":{"rendered":"<p><!-- wp:list --><\/p>\n<ul><!-- wp:list-item --><\/p>\n<li>Dimensions : 197x49x24 mm<\/li>\n<p><!-- \/wp:list-item --><\/p>\n<p><!-- wp:list-item --><\/p>\n<li>Poids : 690g<\/li>\n<p><!-- \/wp:list-item --><\/p>\n<p><!-- wp:list-item --><\/p>\n<li>Duret\u00e9 : Lv 4.7<\/li>\n<p><!-- \/wp:list-item --><\/p>\n<p><!-- wp:list-item --><\/p>\n<li>Convient pour la finition de couteaux et d'outils ne n\u00e9cessitant pas une grande pr\u00e9cision. La pierre n'est pas tr\u00e8s homog\u00e8ne. Les deux faces sont pr\u00eates \u00e0 l'emploi. Fonctionne avec un lubrifiant.<\/li>\n<p><!-- \/wp:list-item --><\/ul>\n<p><!-- \/wp:list --><\/p>","protected":false},"featured_media":1387,"comment_status":"open","ping_status":"closed","template":"","meta":[],"product_brand":[],"product_cat":[22],"product_tag":[188],"class_list":{"0":"post-1386","1":"product","2":"type-product","3":"status-publish","4":"has-post-thumbnail","6":"product_cat-jnats","7":"product_tag-kiniskas","9":"first","10":"instock","11":"shipping-taxable","12":"purchasable","13":"product-type-simple"},"_links":{"self":[{"href":"https:\/\/jnats.eu\/fr\/wp-json\/wp\/v2\/product\/1386","targetHints":{"allow":["GET"]}}],"collection":[{"href":"https:\/\/jnats.eu\/fr\/wp-json\/wp\/v2\/product"}],"about":[{"href":"https:\/\/jnats.eu\/fr\/wp-json\/wp\/v2\/types\/product"}],"replies":[{"embeddable":true,"href":"https:\/\/jnats.eu\/fr\/wp-json\/wp\/v2\/comments?post=1386"}],"wp:featuredmedia":[{"embeddable":true,"href":"https:\/\/jnats.eu\/fr\/wp-json\/wp\/v2\/media\/1387"}],"wp:attachment":[{"href":"https:\/\/jnats.eu\/fr\/wp-json\/wp\/v2\/media?parent=1386"}],"wp:term":[{"taxonomy":"product_brand","embeddable":true,"href":"https:\/\/jnats.eu\/fr\/wp-json\/wp\/v2\/product_brand?post=1386"},{"taxonomy":"product_cat","embeddable":true,"href":"https:\/\/jnats.eu\/fr\/wp-json\/wp\/v2\/product_cat?post=1386"},{"taxonomy":"product_tag","embeddable":true,"href":"https:\/\/jnats.eu\/fr\/wp-json\/wp\/v2\/product_tag?post=1386"}],"curies":[{"name":"wp","href":"https:\/\/api.w.org\/{rel}","templated":true}]}}