{"id":1396,"date":"2024-04-11T15:02:42","date_gmt":"2024-04-11T12:02:42","guid":{"rendered":"http:\/\/jnats.eu\/?post_type=product&#038;p=1396"},"modified":"2024-12-01T16:45:08","modified_gmt":"2024-12-01T14:45:08","slug":"pierre-a-aiguiser-japonaise-nakayama","status":"publish","type":"product","link":"https:\/\/jnats.eu\/fr\/produit-2\/pierre-a-aiguiser-japonaise-nakayama\/","title":{"rendered":"Pierre \u00e0 aiguiser naturelle japonaise Nakayama"},"content":{"rendered":"<ul class=\"wp-block-list\">\n<li>Convient aux couteaux et outils de finition.<\/li>\n\n\n\n<li>Dimensions : 172x70x29 mm<\/li>\n\n\n\n<li>Poids : 930g<\/li>\n\n\n\n<li>Duret\u00e9 : Lv 4.7<\/li>\n\n\n\n<li>De nos jours, la pierre de carri\u00e8re est inf\u00e9rieure \u00e0 de nombreuses pierres anciennes en termes de vitesse et de douceur.<\/li>\n<\/ul>","protected":false},"excerpt":{"rendered":"<p><!-- wp:list --><\/p>\n<ul><!-- wp:list-item --><\/p>\n<li>Convient pour la finition des couteaux et des outils.<\/li>\n<p><!-- \/wp:list-item --><\/p>\n<p><!-- wp:list-item --><\/p>\n<li>Dimensions : 172x70x29 mm<\/li>\n<p><!-- \/wp:list-item --><\/p>\n<p><!-- wp:list-item --><\/p>\n<li>Poids : 930g<\/li>\n<p><!-- \/wp:list-item --><\/p>\n<p><!-- wp:list-item --><\/p>\n<li>Duret\u00e9 : Lv 4.7<\/li>\n<p><!-- \/wp:list-item --><\/p>\n<p><!-- wp:list-item --><\/p>\n<li>De nos jours, la pierre de carri\u00e8re est inf\u00e9rieure \u00e0 de nombreuses pierres anciennes en termes de vitesse et de douceur.<\/li>\n<p><!-- \/wp:list-item --><\/ul>\n<p><!-- \/wp:list --><\/p>","protected":false},"featured_media":1399,"comment_status":"open","ping_status":"closed","template":"","meta":[],"product_brand":[],"product_cat":[22],"product_tag":[49],"class_list":{"0":"post-1396","1":"product","2":"type-product","3":"status-publish","4":"has-post-thumbnail","6":"product_cat-jnats","7":"product_tag-nakayama","8":"product_shipping_class-iprastas","10":"first","11":"outofstock","12":"shipping-taxable","13":"purchasable","14":"product-type-simple"},"_links":{"self":[{"href":"https:\/\/jnats.eu\/fr\/wp-json\/wp\/v2\/product\/1396","targetHints":{"allow":["GET"]}}],"collection":[{"href":"https:\/\/jnats.eu\/fr\/wp-json\/wp\/v2\/product"}],"about":[{"href":"https:\/\/jnats.eu\/fr\/wp-json\/wp\/v2\/types\/product"}],"replies":[{"embeddable":true,"href":"https:\/\/jnats.eu\/fr\/wp-json\/wp\/v2\/comments?post=1396"}],"wp:featuredmedia":[{"embeddable":true,"href":"https:\/\/jnats.eu\/fr\/wp-json\/wp\/v2\/media\/1399"}],"wp:attachment":[{"href":"https:\/\/jnats.eu\/fr\/wp-json\/wp\/v2\/media?parent=1396"}],"wp:term":[{"taxonomy":"product_brand","embeddable":true,"href":"https:\/\/jnats.eu\/fr\/wp-json\/wp\/v2\/product_brand?post=1396"},{"taxonomy":"product_cat","embeddable":true,"href":"https:\/\/jnats.eu\/fr\/wp-json\/wp\/v2\/product_cat?post=1396"},{"taxonomy":"product_tag","embeddable":true,"href":"https:\/\/jnats.eu\/fr\/wp-json\/wp\/v2\/product_tag?post=1396"}],"curies":[{"name":"wp","href":"https:\/\/api.w.org\/{rel}","templated":true}]}}