{"id":1430,"date":"2024-04-12T11:05:44","date_gmt":"2024-04-12T08:05:44","guid":{"rendered":"http:\/\/jnats.eu\/?post_type=product&#038;p=1430"},"modified":"2024-12-12T15:35:55","modified_gmt":"2024-12-12T13:35:55","slug":"okudo-kiita-shohonyama-jnat","status":"publish","type":"product","link":"https:\/\/jnats.eu\/fr\/produit-2\/okudo-kiita-shohonyama-jnat\/","title":{"rendered":"Okudo Kiita Shohonyama Jnat"},"content":{"rendered":"<ul class=\"wp-block-list\">\n<li>Convient pour la finition des rasoirs, des couteaux, des ciseaux, des outils de menuiserie et autres.<\/li>\n\n\n\n<li>Dimensions : 150x87x27 mm<\/li>\n\n\n\n<li>Poids : 890 g<\/li>\n\n\n\n<li>Duret\u00e9\u00a0:\u00a0Niv 4,5<\/li>\n\n\n\n<li>La pierre ancienne, extraite au milieu du si\u00e8cle dernier, se caract\u00e9rise par une faible vitesse de travail et une bonne r\u00e9gularit\u00e9. L'acc\u00e9l\u00e9ration peut \u00eatre obtenue \u00e0 l'aide d'un clou ou d'une plaque diamant\u00e9e. Shohonyaha est visible \u00e0 l'arri\u00e8re.<\/li>\n\n\n\n<li>Il est recommand\u00e9 de travailler avec de l'eau chaude, car l'eau froide nuit \u00e0 la rapidit\u00e9 et \u00e0 la r\u00e9activit\u00e9.<\/li>\n<\/ul>","protected":false},"excerpt":{"rendered":"<p><!-- wp:list --><\/p>\n<ul><!-- wp:list-item --><\/p>\n<li>Convient pour la finition des rasoirs, des couteaux, des ciseaux, des outils de menuiserie et autres.<\/li>\n<p><!-- \/wp:list-item --><\/p>\n<p><!-- wp:list-item --><\/p>\n<li>Dimensions : 150x87x27 mm<\/li>\n<p><!-- \/wp:list-item --><\/p>\n<p><!-- wp:list-item --><\/p>\n<li>Poids : 890 g<\/li>\n<p><!-- \/wp:list-item --><\/p>\n<p><!-- wp:list-item --><\/p>\n<li>Duret\u00e9\u00a0:\u00a0Niv 4,5<\/li>\n<p><!-- \/wp:list-item --><\/p>\n<p><!-- wp:list-item --><\/p>\n<li>La pierre ancienne, extraite au milieu du si\u00e8cle dernier, se caract\u00e9rise par une faible vitesse de travail et une bonne r\u00e9gularit\u00e9. L'acc\u00e9l\u00e9ration peut \u00eatre obtenue \u00e0 l'aide d'un clou ou d'une plaque diamant\u00e9e.<\/li>\n<p><!-- \/wp:list-item --><\/p>\n<p><!-- wp:list-item --><\/p>\n<li>Il est recommand\u00e9 de travailler avec de l'eau chaude, car l'eau froide nuit \u00e0 la rapidit\u00e9 et \u00e0 la r\u00e9activit\u00e9.<\/li>\n<p><!-- \/wp:list-item --><\/ul>\n<p><!-- \/wp:list --><\/p>","protected":false},"featured_media":1432,"comment_status":"open","ping_status":"closed","template":"","meta":[],"product_brand":[],"product_cat":[22],"product_tag":[189,141,142],"class_list":{"0":"post-1430","1":"product","2":"type-product","3":"status-publish","4":"has-post-thumbnail","6":"product_cat-jnats","7":"product_tag-jnat","8":"product_tag-kiita","9":"product_tag-okudo","10":"product_shipping_class-iprastas","12":"first","13":"outofstock","14":"shipping-taxable","15":"purchasable","16":"product-type-simple"},"_links":{"self":[{"href":"https:\/\/jnats.eu\/fr\/wp-json\/wp\/v2\/product\/1430","targetHints":{"allow":["GET"]}}],"collection":[{"href":"https:\/\/jnats.eu\/fr\/wp-json\/wp\/v2\/product"}],"about":[{"href":"https:\/\/jnats.eu\/fr\/wp-json\/wp\/v2\/types\/product"}],"replies":[{"embeddable":true,"href":"https:\/\/jnats.eu\/fr\/wp-json\/wp\/v2\/comments?post=1430"}],"wp:featuredmedia":[{"embeddable":true,"href":"https:\/\/jnats.eu\/fr\/wp-json\/wp\/v2\/media\/1432"}],"wp:attachment":[{"href":"https:\/\/jnats.eu\/fr\/wp-json\/wp\/v2\/media?parent=1430"}],"wp:term":[{"taxonomy":"product_brand","embeddable":true,"href":"https:\/\/jnats.eu\/fr\/wp-json\/wp\/v2\/product_brand?post=1430"},{"taxonomy":"product_cat","embeddable":true,"href":"https:\/\/jnats.eu\/fr\/wp-json\/wp\/v2\/product_cat?post=1430"},{"taxonomy":"product_tag","embeddable":true,"href":"https:\/\/jnats.eu\/fr\/wp-json\/wp\/v2\/product_tag?post=1430"}],"curies":[{"name":"wp","href":"https:\/\/api.w.org\/{rel}","templated":true}]}}