{"id":1470,"date":"2024-04-12T12:00:06","date_gmt":"2024-04-12T09:00:06","guid":{"rendered":"http:\/\/jnats.eu\/?post_type=product&#038;p=1470"},"modified":"2024-11-12T10:34:54","modified_gmt":"2024-11-12T08:34:54","slug":"mizukihara-uchigumori-fleurs-de-lotus-jnat","status":"publish","type":"product","link":"https:\/\/jnats.eu\/fr\/produit-2\/mizukihara-uchigumori-fleurs-de-lotus-jnat\/","title":{"rendered":"Mizukihara Uchigumori Fleurs de lotus"},"content":{"rendered":"<p>Cette pierre est tr\u00e8s appr\u00e9ci\u00e9e des personnes qui souhaitent polir des pierres. Assez molle, mais la suspension ne l\u00e2che pas grand chose et conserve assez bien sa forme. Les Uchigumori ne sont pas les pierres les plus rapides, mais les r\u00e9sultats de polissage sont exceptionnels. Sans grossissement, aucune rayure \u00e9vidente ne sera visible sur la surface de la lame. L&#039;acier tremp\u00e9 dur aura une brillance merveilleuse et son rev\u00eatement devrait s&#039;assombrir. Bien que l&#039;uchigumori ne r\u00e9v\u00e8le pas la structure de grain fin qu&#039;un Suita plus fin et plus dur pourrait r\u00e9v\u00e9ler, les r\u00e9sultats ont tendance \u00e0 \u00eatre plus pr\u00e9visibles et plus faciles \u00e0 obtenir. Avec une surface enti\u00e8rement liss\u00e9e, ils peuvent \u00eatre utilis\u00e9s pour pr\u00e9-finir des rasoirs ou des outils, mais conviennent mieux au polissage d&#039;un couteau de cuisine. Ils peuvent \u00e9galement \u00eatre utilis\u00e9s pour aff\u00fbter et produire une lame agressive.<\/p>\n\n\n\n<p>La pierre est tr\u00e8s propre avec seulement quelques lignes sur le fond qui ne poseront probablement aucun probl\u00e8me. La pierre est de couleur grise avec des points rouges appel\u00e9s fleurs de lotus. Ces derniers sont pr\u00e9sents dans toute la pierre et constituent un motif dense appel\u00e9 renge. <\/p>\n\n\n\n<p>La surface de la pierre est liss\u00e9e et pr\u00eate \u00e0 \u00eatre travaill\u00e9e. <\/p>\n\n\n\n<p>La mine Mizukihara (\u6c34\u6728\u539f) pr\u00e8s d&#039;Ohira est bien connue comme une autre source d&#039;uchigumori. Le Mizukihara est encore utilis\u00e9 avec parcimonie de nos jours.<\/p>\n\n\n\n<figure class=\"wp-block-embed is-type-video is-provider-youtube wp-block-embed-youtube wp-embed-aspect-16-9 wp-has-aspect-ratio\"><div class=\"wp-block-embed__wrapper\">\n<div class=\"video-container\"><iframe title=\"Mizukihara Uchigumori, Kizuyama, Aiwatani\" width=\"1170\" height=\"658\" src=\"https:\/\/www.youtube.com\/embed\/Uzd6FESK3iY?feature=oembed\" frameborder=\"0\" allow=\"accelerometer; autoplay; clipboard-write; encrypted-media; gyroscope; picture-in-picture; web-share\" referrerpolicy=\"strict-origin-when-cross-origin\" allowfullscreen><\/iframe><\/div>\n<\/div><\/figure>","protected":false},"excerpt":{"rendered":"<ul>\n<li>Tr\u00e8s appr\u00e9ci\u00e9 pour la finition Kasumi de la lame Sanmai (acier dur recouvert d'une couche plus douce).<\/li>\n<li>Convient \u00e0 l'aff\u00fbtage des couteaux, ciseaux, outils de menuiserie et autres.<\/li>\n<li>Dimensions : 230x85x32 mm<\/li>\n<li>Poids : 1420 g<\/li>\n<li>Duret\u00e9 : Lv 3.5<\/li>\n<li>Il a une vitesse de travail mod\u00e9r\u00e9e et une bonne fluidit\u00e9.<\/li>\n<li>Il est recommand\u00e9 de travailler avec de l'eau chaude, car l'eau froide nuit \u00e0 la rapidit\u00e9 et \u00e0 la r\u00e9activit\u00e9.<\/li>\n<\/ul>","protected":false},"featured_media":1471,"comment_status":"open","ping_status":"closed","template":"","meta":[],"product_brand":[],"product_cat":[22],"product_tag":[192,193],"class_list":{"0":"post-1470","1":"product","2":"type-product","3":"status-publish","4":"has-post-thumbnail","6":"product_cat-jnats","7":"product_tag-mizukihara","8":"product_tag-uchigumori","9":"product_shipping_class-iprastas","11":"first","12":"outofstock","13":"shipping-taxable","14":"purchasable","15":"product-type-simple"},"_links":{"self":[{"href":"https:\/\/jnats.eu\/fr\/wp-json\/wp\/v2\/product\/1470","targetHints":{"allow":["GET"]}}],"collection":[{"href":"https:\/\/jnats.eu\/fr\/wp-json\/wp\/v2\/product"}],"about":[{"href":"https:\/\/jnats.eu\/fr\/wp-json\/wp\/v2\/types\/product"}],"replies":[{"embeddable":true,"href":"https:\/\/jnats.eu\/fr\/wp-json\/wp\/v2\/comments?post=1470"}],"wp:featuredmedia":[{"embeddable":true,"href":"https:\/\/jnats.eu\/fr\/wp-json\/wp\/v2\/media\/1471"}],"wp:attachment":[{"href":"https:\/\/jnats.eu\/fr\/wp-json\/wp\/v2\/media?parent=1470"}],"wp:term":[{"taxonomy":"product_brand","embeddable":true,"href":"https:\/\/jnats.eu\/fr\/wp-json\/wp\/v2\/product_brand?post=1470"},{"taxonomy":"product_cat","embeddable":true,"href":"https:\/\/jnats.eu\/fr\/wp-json\/wp\/v2\/product_cat?post=1470"},{"taxonomy":"product_tag","embeddable":true,"href":"https:\/\/jnats.eu\/fr\/wp-json\/wp\/v2\/product_tag?post=1470"}],"curies":[{"name":"wp","href":"https:\/\/api.w.org\/{rel}","templated":true}]}}