{"id":1483,"date":"2024-04-12T12:23:10","date_gmt":"2024-04-12T09:23:10","guid":{"rendered":"http:\/\/jnats.eu\/?post_type=product&#038;p=1483"},"modified":"2025-03-04T09:12:53","modified_gmt":"2025-03-04T07:12:53","slug":"pierre-naturelle-japonaise-pour-laffutage-nakayama-asagi-karasu","status":"publish","type":"product","link":"https:\/\/jnats.eu\/fr\/produit-2\/pierre-naturelle-japonaise-pour-laffutage-nakayama-asagi-karasu\/","title":{"rendered":"Pierre \u00e0 aiguiser japonaise naturelle Nakayama Asagi Karasu"},"content":{"rendered":"<ul class=\"wp-block-list\">\n<li>Convient pour les couteaux de finition, les ciseaux, les outils de menuiserie et autres.<\/li>\n\n\n\n<li>Dimensions : 196x86x31 mm<\/li>\n\n\n\n<li>Poids : 1330 g<\/li>\n\n\n\n<li>Duret\u00e9 : Lv 5<\/li>\n\n\n\n<li>Les lignes sont s\u00e9curis\u00e9es<\/li>\n\n\n\n<li>Vitesse moyenne et douceur. L'acc\u00e9l\u00e9ration peut \u00eatre obtenue avec une suspension \u00e0 clous ou avec une plaque diamant\u00e9e rugueuse.<\/li>\n\n\n\n<li>Il est recommand\u00e9 de travailler avec de l'eau chaude, car l'eau froide nuit \u00e0 la rapidit\u00e9 et \u00e0 la r\u00e9activit\u00e9.<\/li>\n<\/ul>\n\n\n\n<figure class=\"wp-block-embed is-type-video is-provider-youtube wp-block-embed-youtube wp-embed-aspect-16-9 wp-has-aspect-ratio\"><div class=\"wp-block-embed__wrapper\">\n<div class=\"video-container\"><iframe title=\"Jnats Higashiyama, Ohira, Nakayama, Sumi nagashi\" width=\"1170\" height=\"658\" src=\"https:\/\/www.youtube.com\/embed\/kFeeO4ZDYQE?start=164&#038;feature=oembed\" frameborder=\"0\" allow=\"accelerometer; autoplay; clipboard-write; encrypted-media; gyroscope; picture-in-picture; web-share\" referrerpolicy=\"strict-origin-when-cross-origin\" allowfullscreen><\/iframe><\/div>\n<\/div><\/figure>","protected":false},"excerpt":{"rendered":"<p><!-- wp:list --><\/p>\n<ul><!-- wp:list-item --><\/p>\n<li>Convient pour les couteaux de finition, les ciseaux, les outils de menuiserie et autres.<\/li>\n<p><!-- \/wp:list-item --><\/p>\n<p><!-- wp:list-item --><\/p>\n<li>Dimensions : 196x86x31 mm<\/li>\n<p><!-- \/wp:list-item --><\/p>\n<p><!-- wp:list-item --><\/p>\n<li>Poids : 1330 g<\/li>\n<p><!-- \/wp:list-item --><\/p>\n<p><!-- wp:list-item --><\/p>\n<li>Duret\u00e9 : Lv 5<\/li>\n<li>Les lignes sont s\u00e9curis\u00e9es<\/li>\n<p><!-- \/wp:list-item --><\/p>\n<p><!-- wp:list-item --><\/p>\n<li>Vitesse moyenne et douceur. L'acc\u00e9l\u00e9ration peut \u00eatre obtenue avec une suspension \u00e0 clous ou avec une plaque diamant\u00e9e rugueuse.<\/li>\n<p><!-- \/wp:list-item --><\/p>\n<p><!-- wp:list-item --><\/p>\n<li>Il est recommand\u00e9 de travailler avec de l'eau chaude, car l'eau froide nuit \u00e0 la rapidit\u00e9 et \u00e0 la r\u00e9activit\u00e9.<\/li>\n<p><!-- \/wp:list-item --><\/ul>\n<p><!-- \/wp:list --><\/p>","protected":false},"featured_media":1487,"comment_status":"open","ping_status":"closed","template":"","meta":[],"product_brand":[],"product_cat":[22],"product_tag":[49],"class_list":{"0":"post-1483","1":"product","2":"type-product","3":"status-publish","4":"has-post-thumbnail","6":"product_cat-jnats","7":"product_tag-nakayama","8":"product_shipping_class-iprastas","10":"first","11":"outofstock","12":"sale","13":"shipping-taxable","14":"purchasable","15":"product-type-simple"},"_links":{"self":[{"href":"https:\/\/jnats.eu\/fr\/wp-json\/wp\/v2\/product\/1483","targetHints":{"allow":["GET"]}}],"collection":[{"href":"https:\/\/jnats.eu\/fr\/wp-json\/wp\/v2\/product"}],"about":[{"href":"https:\/\/jnats.eu\/fr\/wp-json\/wp\/v2\/types\/product"}],"replies":[{"embeddable":true,"href":"https:\/\/jnats.eu\/fr\/wp-json\/wp\/v2\/comments?post=1483"}],"wp:featuredmedia":[{"embeddable":true,"href":"https:\/\/jnats.eu\/fr\/wp-json\/wp\/v2\/media\/1487"}],"wp:attachment":[{"href":"https:\/\/jnats.eu\/fr\/wp-json\/wp\/v2\/media?parent=1483"}],"wp:term":[{"taxonomy":"product_brand","embeddable":true,"href":"https:\/\/jnats.eu\/fr\/wp-json\/wp\/v2\/product_brand?post=1483"},{"taxonomy":"product_cat","embeddable":true,"href":"https:\/\/jnats.eu\/fr\/wp-json\/wp\/v2\/product_cat?post=1483"},{"taxonomy":"product_tag","embeddable":true,"href":"https:\/\/jnats.eu\/fr\/wp-json\/wp\/v2\/product_tag?post=1483"}],"curies":[{"name":"wp","href":"https:\/\/api.w.org\/{rel}","templated":true}]}}