{"id":1488,"date":"2025-03-17T15:04:03","date_gmt":"2025-03-17T13:04:03","guid":{"rendered":"http:\/\/jnats.eu\/?post_type=product&#038;p=1488"},"modified":"2025-03-17T15:26:19","modified_gmt":"2025-03-17T13:26:19","slug":"pierre-japonaise-naturelle-sumi-nagashi-pour-affutage","status":"publish","type":"product","link":"https:\/\/jnats.eu\/fr\/produit-2\/pierre-japonaise-naturelle-sumi-nagashi-pour-affutage\/","title":{"rendered":"Pierre \u00e0 aiguiser japonaise naturelle Aiwatani Suminagashi"},"content":{"rendered":"<p>Aiwatani est une pierre d'aff\u00fbtage naturelle japonaise de haute qualit\u00e9 pour l'aff\u00fbtage professionnel et pr\u00e9cis des couteaux, ciseaux et autres outils. Extraite de montagnes japonaises authentiques, cette pierre a une structure extr\u00eamement fine et des grains uniform\u00e9ment r\u00e9partis qui garantissent un r\u00e9sultat d'aiguisage parfait.<\/p>\n\n\n\n<h3 class=\"wp-block-heading\">Caract\u00e9ristiques :<\/h3>\n\n\n\n<p>\u2705 <strong>Origine naturelle<\/strong> - extraites des mines japonaises par des m\u00e9thodes traditionnelles.<br>\u2705 <strong>Aff\u00fbtage pr\u00e9cis et efficace<\/strong> - garantit des lames tranchantes avec un enl\u00e8vement de mati\u00e8re minimal.<br>\u2705 <strong>Durabilit\u00e9<\/strong> - durent plus longtemps que les pierres synth\u00e9tiques en raison de leur structure dense.<br>\u2705 <strong>Universalit\u00e9<\/strong> - convient aussi bien aux couteaux qu'aux autres outils de haute qualit\u00e9.<\/p>\n\n\n\n<p>La pierre \u00e0 aiguiser Aiwatani est un outil indispensable pour tous ceux qui recherchent la pr\u00e9cision de l'aiguisage et l'authenticit\u00e9 de l'artisanat japonais.<\/p>\n\n\n\n<figure class=\"wp-block-embed is-type-video is-provider-youtube wp-block-embed-youtube wp-embed-aspect-16-9 wp-has-aspect-ratio\"><div class=\"wp-block-embed__wrapper\">\n<div class=\"video-container\"><iframe title=\"Pierres \u00e0 aiguiser japonaises naturelles Aiwatani\" width=\"1170\" height=\"658\" src=\"https:\/\/www.youtube.com\/embed\/7KUe1vRixzw?feature=oembed\" frameborder=\"0\" allow=\"accelerometer; autoplay; clipboard-write; encrypted-media; gyroscope; picture-in-picture; web-share\" referrerpolicy=\"strict-origin-when-cross-origin\" allowfullscreen><\/iframe><\/div>\n<\/div><\/figure>","protected":false},"excerpt":{"rendered":"<p><!-- wp:list --><\/p>\n<ul><!-- wp:list-item --><\/p>\n<li>Convient pour les couteaux de finition, les ciseaux, les outils de menuiserie et autres.<\/li>\n<p><!-- \/wp:list-item --><\/p>\n<p><!-- wp:list-item --><\/p>\n<li>Dimensions : 211x85x37 mm<\/li>\n<p><!-- \/wp:list-item --><\/p>\n<p><!-- wp:list-item --><\/p>\n<li>Poids : 1650 g<\/li>\n<p><!-- \/wp:list-item --><\/p>\n<p><!-- wp:list-item --><\/p>\n<li>Duret\u00e9\u00a0:\u00a0Niv 4,5<\/li>\n<li>Les lignes sont s\u00e9curis\u00e9es<\/li>\n<p><!-- \/wp:list-item --><\/p>\n<p><!-- wp:list-item --><\/p>\n<li>Vitesse de fonctionnement moyenne. L'acc\u00e9l\u00e9ration peut \u00eatre obtenue avec une suspension \u00e0 clous ou une plaque diamant\u00e9e rugueuse.<\/li>\n<li>Couvercle inf\u00e9rieur avec vernis<\/li>\n<p><!-- \/wp:list-item --><\/p>\n<p><!-- wp:list-item --><\/p>\n<li>Il est recommand\u00e9 de travailler avec de l'eau chaude, car l'eau froide nuit \u00e0 la rapidit\u00e9 et \u00e0 la r\u00e9activit\u00e9.<\/li>\n<p><!-- \/wp:list-item --><\/ul>\n<p><!-- \/wp:list --><\/p>","protected":false},"featured_media":4062,"comment_status":"open","ping_status":"closed","template":"","meta":[],"product_brand":[],"product_cat":[22],"product_tag":[65],"class_list":{"0":"post-1488","1":"product","2":"type-product","3":"status-publish","4":"has-post-thumbnail","6":"product_cat-jnats","7":"product_tag-aiwatani","8":"product_shipping_class-iprastas","10":"first","11":"instock","12":"shipping-taxable","13":"purchasable","14":"product-type-simple"},"_links":{"self":[{"href":"https:\/\/jnats.eu\/fr\/wp-json\/wp\/v2\/product\/1488","targetHints":{"allow":["GET"]}}],"collection":[{"href":"https:\/\/jnats.eu\/fr\/wp-json\/wp\/v2\/product"}],"about":[{"href":"https:\/\/jnats.eu\/fr\/wp-json\/wp\/v2\/types\/product"}],"replies":[{"embeddable":true,"href":"https:\/\/jnats.eu\/fr\/wp-json\/wp\/v2\/comments?post=1488"}],"wp:featuredmedia":[{"embeddable":true,"href":"https:\/\/jnats.eu\/fr\/wp-json\/wp\/v2\/media\/4062"}],"wp:attachment":[{"href":"https:\/\/jnats.eu\/fr\/wp-json\/wp\/v2\/media?parent=1488"}],"wp:term":[{"taxonomy":"product_brand","embeddable":true,"href":"https:\/\/jnats.eu\/fr\/wp-json\/wp\/v2\/product_brand?post=1488"},{"taxonomy":"product_cat","embeddable":true,"href":"https:\/\/jnats.eu\/fr\/wp-json\/wp\/v2\/product_cat?post=1488"},{"taxonomy":"product_tag","embeddable":true,"href":"https:\/\/jnats.eu\/fr\/wp-json\/wp\/v2\/product_tag?post=1488"}],"curies":[{"name":"wp","href":"https:\/\/api.w.org\/{rel}","templated":true}]}}