{"id":1504,"date":"2024-04-13T10:16:13","date_gmt":"2024-04-13T07:16:13","guid":{"rendered":"http:\/\/jnats.eu\/?post_type=product&#038;p=1504"},"modified":"2025-10-25T21:37:47","modified_gmt":"2025-10-25T18:37:47","slug":"vintage-nouvelle-pierre-a-huile-de-homard-naniwa","status":"publish","type":"product","link":"https:\/\/jnats.eu\/fr\/produit-2\/vintage-nouvelle-pierre-a-huile-de-homard-naniwa\/","title":{"rendered":"Vintage, nouveau NANIWA \"LOBSTER OIL STONE\" (pierre \u00e0 huile de homard)"},"content":{"rendered":"<ol class=\"wp-block-list\">\n<li>PIERRE \u00c0 HUILE DE HOMARD NANIWA grossi\u00e8re No. 29\u00a0150 x 50 x 25 mm.<\/li>\n\n\n\n<li>PIERRE \u00c0 HUILE DE HOMARD NANIWA moyenne No. 29\u00a0150 x 50 x 25 mm.<\/li>\n\n\n\n<li>PIERRE \u00c0 HUILE DE HOMARD NANIWA Grossi\u00e8re No.0 200 x 50 x 25 mm<\/li>\n\n\n\n<li>Pierre \u00e0 aiguiser grossi\u00e8re Aka Ebijirushi Congo Naniwa GC 205 x 50 x 25 mm PIERRE DE CARBONE HOMARD<\/li>\n<\/ol>\n\n\n\n<p>Les pierres artificielles japonaises ont \u00e9t\u00e9 fabriqu\u00e9es au milieu du si\u00e8cle dernier. Neuf et inutilis\u00e9. S\u2019agissant d\u2019un produit stock\u00e9 longtemps en entrep\u00f4t, l\u2019aspect de l\u2019emballage se d\u00e9t\u00e9riore naturellement avec le temps.<\/p>","protected":false},"excerpt":{"rendered":"<p><!-- wp:list {\"ordered\":true} --><\/p>\n<ol><!-- wp:list-item --><\/p>\n<li><del>PIERRE \u00c0 HUILE DE HOMARD NANIWA grossi\u00e8re No. 29\u00a0150 x 50 x 25 mm.<\/del><\/li>\n<p><!-- \/wp:list-item --><\/p>\n<p><!-- wp:list-item --><\/p>\n<li><del>PIERRE \u00c0 HUILE DE HOMARD NANIWA moyenne No. 29\u00a0150 x 50 x 25 mm.<\/del><\/li>\n<p><!-- \/wp:list-item --><\/p>\n<p><!-- wp:list-item --><\/p>\n<li><del>PIERRE \u00c0 HUILE DE HOMARD NANIWA Grossi\u00e8re No.0 200 x 50 x 25 mm<\/del><\/li>\n<p><!-- \/wp:list-item --><\/p>\n<p><!-- wp:list-item --><\/p>\n<li>Pierre \u00e0 aiguiser grossi\u00e8re Aka Ebijirushi Congo Naniwa GC 205 x 50 x 25 mm PIERRE DE CARBONE HOMARD<\/li>\n<p><!-- \/wp:list-item --><\/ol>\n<p><!-- \/wp:list --><\/p>\n<p><!-- wp:paragraph --><\/p>\n<p>Les pierres artificielles japonaises ont \u00e9t\u00e9 fabriqu\u00e9es au milieu du si\u00e8cle dernier. Neuf et inutilis\u00e9. S\u2019agissant d\u2019un produit stock\u00e9 longtemps en entrep\u00f4t, l\u2019aspect de l\u2019emballage se d\u00e9t\u00e9riore naturellement avec le temps.<\/p>\n<p><!-- \/wp:paragraph --><\/p>","protected":false},"featured_media":1505,"comment_status":"open","ping_status":"closed","template":"","meta":[],"product_brand":[],"product_cat":[290],"product_tag":[197],"class_list":{"0":"post-1504","1":"product","2":"type-product","3":"status-publish","4":"has-post-thumbnail","6":"product_cat-whetstones","7":"product_tag-naniwa","8":"product_shipping_class-iprastas","10":"first","11":"instock","12":"shipping-taxable","13":"product-type-variable"},"_links":{"self":[{"href":"https:\/\/jnats.eu\/fr\/wp-json\/wp\/v2\/product\/1504","targetHints":{"allow":["GET"]}}],"collection":[{"href":"https:\/\/jnats.eu\/fr\/wp-json\/wp\/v2\/product"}],"about":[{"href":"https:\/\/jnats.eu\/fr\/wp-json\/wp\/v2\/types\/product"}],"replies":[{"embeddable":true,"href":"https:\/\/jnats.eu\/fr\/wp-json\/wp\/v2\/comments?post=1504"}],"wp:featuredmedia":[{"embeddable":true,"href":"https:\/\/jnats.eu\/fr\/wp-json\/wp\/v2\/media\/1505"}],"wp:attachment":[{"href":"https:\/\/jnats.eu\/fr\/wp-json\/wp\/v2\/media?parent=1504"}],"wp:term":[{"taxonomy":"product_brand","embeddable":true,"href":"https:\/\/jnats.eu\/fr\/wp-json\/wp\/v2\/product_brand?post=1504"},{"taxonomy":"product_cat","embeddable":true,"href":"https:\/\/jnats.eu\/fr\/wp-json\/wp\/v2\/product_cat?post=1504"},{"taxonomy":"product_tag","embeddable":true,"href":"https:\/\/jnats.eu\/fr\/wp-json\/wp\/v2\/product_tag?post=1504"}],"curies":[{"name":"wp","href":"https:\/\/api.w.org\/{rel}","templated":true}]}}