{"id":152,"date":"2024-02-22T09:41:55","date_gmt":"2024-02-22T07:41:55","guid":{"rendered":"http:\/\/jnats.eu\/?post_type=product&#038;p=152"},"modified":"2024-05-02T23:31:57","modified_gmt":"2024-05-02T20:31:57","slug":"pierre-naturelle-japonaise-pour-laffutage-nakayama-kisuita","status":"publish","type":"product","link":"https:\/\/jnats.eu\/fr\/produit-2\/pierre-naturelle-japonaise-pour-laffutage-nakayama-kisuita\/","title":{"rendered":"Pierre \u00e0 aiguiser japonaise naturelle Nakayama Kisuita"},"content":{"rendered":"<ul class=\"wp-block-list\">\n<li><strong>Duret\u00e9 : Lv 5<\/strong><\/li>\n\n\n\n<li><strong>Dimensions : 176x56x28 mm<\/strong><\/li>\n\n\n\n<li><strong>Poids (avec support) : 935 g.<\/strong><\/li>\n\n\n\n<li><strong>Une pierre dure avec une structure homog\u00e8ne. Les lignes sont totalement s\u00fbres et ne se sentent pas du tout lors de l'aiguisage. Sceau de la Tokyo Natural Stone Association. Parfaite pour la finition des rasoirs, des couteaux, des outils de menuiserie et autres.&nbsp;<\/strong><\/li>\n<\/ul>\n\n\n\n<p>Nakayama est la montagne la plus \u00e9lev\u00e9e, parmi celles qui sont c\u00e9l\u00e8bres pour leurs pierres \u00e0 aiguiser naturelles. La Nakayama Kisuita est une pierre japonaise authentique, extraite de mani\u00e8re experte pour offrir une exp\u00e9rience d'aiguisage de la plus haute qualit\u00e9. Cette pierre se distingue non seulement par sa noblesse, mais aussi par son extraordinaire naturel et ses puissantes performances d'aiguisage.<\/p>\n\n\n\n<p>Caract\u00e9ristiques :<\/p>\n\n\n\n<ol class=\"wp-block-list\">\n<li><strong>Source d'origine unique<\/strong>Nakayama Kisuita : La pierre Nakayama Kisuita est extraite d'une r\u00e9gion montagneuse japonaise c\u00e9l\u00e8bre pour ses extraordinaires min\u00e9raux rocheux. Ce don de la nature conf\u00e8re \u00e0 la pierre ses particules abrasives sp\u00e9ciales et sa texture pour des r\u00e9sultats d'aiguisage sup\u00e9rieurs.<\/li>\n\n\n\n<li><strong>Grains fins<\/strong>La pierre a une structure fine mais abrasive qui permet un aff\u00fbtage fin et pr\u00e9cis du couteau ou d'autres lames. Elle est id\u00e9ale pour les artisans professionnels et les amateurs de cuisine \u00e0 domicile.<\/li>\n\n\n\n<li><strong>Durabilit\u00e9 et r\u00e9sistance \u00e0 l'usure<\/strong>Nakayama Kisuita : La Nakayama Kisuita est connue pour sa long\u00e9vit\u00e9. Cette pierre est r\u00e9sistante \u00e0 l'usure, ce qui permet de l'utiliser longtemps sans compromettre son tranchant.<\/li>\n\n\n\n<li><strong>Un aff\u00fbtage propre et naturel<\/strong>La pierre permet d'obtenir un tranchant extr\u00eamement aiguis\u00e9 tout en conservant la structure de la lame intacte. Cela permet un aff\u00fbtage parfait avec un minimum d'effort.<\/li>\n<\/ol>\n\n\n\n<p>La Nakayama Kisuita est une pierre de forme distinctive et d'excellente qualit\u00e9 qui fera partie int\u00e9grante de votre aiguisage. C'est un v\u00e9ritable symbole de l'artisanat japonais, qui vous permet de profiter d'une coupe nette et pr\u00e9cise \u00e0 chaque fois que vous utilisez votre couteau. Achetez la Nakayama Kisuita et d\u00e9couvrez le v\u00e9ritable art de l'aiguisage japonais !<\/p>","protected":false},"excerpt":{"rendered":"<ul>\n<li><strong>Duret\u00e9 : Lv 5<\/strong><\/li>\n<li><strong>Dimensions : 176x56x28 mm<\/strong><\/li>\n<li><strong>Poids (avec support) : 935 g.<\/strong><\/li>\n<li><strong>Une pierre dure avec une structure homog\u00e8ne. Les lignes sont totalement s\u00fbres et ne se sentent pas du tout lors de l'aiguisage. Sceau de la Tokyo Natural Stone Association. Parfaite pour la finition des rasoirs, des couteaux, des outils de menuiserie et autres.\u00a0<\/strong><\/li>\n<\/ul>","protected":false},"featured_media":1233,"comment_status":"open","ping_status":"closed","template":"","meta":[],"product_brand":[],"product_cat":[22],"product_tag":[49,50],"class_list":{"0":"post-152","1":"product","2":"type-product","3":"status-publish","4":"has-post-thumbnail","6":"product_cat-jnats","7":"product_tag-nakayama","8":"product_tag-suita","9":"product_shipping_class-iprastas","11":"first","12":"outofstock","13":"sale","14":"shipping-taxable","15":"purchasable","16":"product-type-simple"},"_links":{"self":[{"href":"https:\/\/jnats.eu\/fr\/wp-json\/wp\/v2\/product\/152","targetHints":{"allow":["GET"]}}],"collection":[{"href":"https:\/\/jnats.eu\/fr\/wp-json\/wp\/v2\/product"}],"about":[{"href":"https:\/\/jnats.eu\/fr\/wp-json\/wp\/v2\/types\/product"}],"replies":[{"embeddable":true,"href":"https:\/\/jnats.eu\/fr\/wp-json\/wp\/v2\/comments?post=152"}],"wp:featuredmedia":[{"embeddable":true,"href":"https:\/\/jnats.eu\/fr\/wp-json\/wp\/v2\/media\/1233"}],"wp:attachment":[{"href":"https:\/\/jnats.eu\/fr\/wp-json\/wp\/v2\/media?parent=152"}],"wp:term":[{"taxonomy":"product_brand","embeddable":true,"href":"https:\/\/jnats.eu\/fr\/wp-json\/wp\/v2\/product_brand?post=152"},{"taxonomy":"product_cat","embeddable":true,"href":"https:\/\/jnats.eu\/fr\/wp-json\/wp\/v2\/product_cat?post=152"},{"taxonomy":"product_tag","embeddable":true,"href":"https:\/\/jnats.eu\/fr\/wp-json\/wp\/v2\/product_tag?post=152"}],"curies":[{"name":"wp","href":"https:\/\/api.w.org\/{rel}","templated":true}]}}