{"id":1585,"date":"2024-04-15T13:44:29","date_gmt":"2024-04-15T10:44:29","guid":{"rendered":"http:\/\/jnats.eu\/?post_type=product&#038;p=1585"},"modified":"2025-05-07T08:22:18","modified_gmt":"2025-05-07T05:22:18","slug":"filarmonica-vintage-rasoirs-espagnols-neufs-et-doccasion","status":"publish","type":"product","link":"https:\/\/jnats.eu\/fr\/produit-2\/filarmonica-vintage-rasoirs-espagnols-neufs-et-doccasion\/","title":{"rendered":"Filarmonica Rasoirs espagnols vintage neufs et d'occasion"},"content":{"rendered":"<p>L'entreprise a commenc\u00e9 \u00e0 produire des rasoirs droits en 1915 \u00e0 Matar\u00f3, dans la province de Barcelone. Elle est consid\u00e9r\u00e9e comme l'un des meilleurs fabricants de coutellerie, de couteaux et de rasoirs. Il y a plus de 25 ans, l'entreprise a cess\u00e9 toutes ses activit\u00e9s et a ferm\u00e9 ses portes.<\/p>\n\n\n\n<p>La qualit\u00e9 des rasoirs droits Filarmonica est l\u00e9gendaire. Ce rasoir de grande taille poss\u00e8de des manches originaux aux formes parfaites.<\/p>\n\n\n\n<p>Origine:Espagne<br>Broyage : Broyage en creux<br>M\u00e9tal : acier au carbone<br>Poign\u00e9es : originales<\/p>\n\n\n\n<p>NOS (New Old Stock) non utilis\u00e9 mais pouvant pr\u00e9senter des signes de corrosion en raison d'un stockage prolong\u00e9 en entrep\u00f4t. Regardez attentivement la vid\u00e9o.<\/p>\n\n\n\n<p>Occasion - occasion<\/p>\n\n\n\n<figure class=\"wp-block-embed is-type-video is-provider-youtube wp-block-embed-youtube wp-embed-aspect-16-9 wp-has-aspect-ratio\"><div class=\"wp-block-embed__wrapper\">\n<div class=\"video-container\"><iframe title=\"Filarmonica Vintage Rasoirs espagnols neufs et d&#039;occasion\" width=\"1170\" height=\"658\" src=\"https:\/\/www.youtube.com\/embed\/qM8q_vlZuhs?feature=oembed\" frameborder=\"0\" allow=\"accelerometer; autoplay; clipboard-write; encrypted-media; gyroscope; picture-in-picture; web-share\" referrerpolicy=\"strict-origin-when-cross-origin\" allowfullscreen><\/iframe><\/div>\n<\/div><\/figure>","protected":false},"excerpt":{"rendered":"<ol>\n<li>Filarmonica 13 Novodur Jose Monserrat Pou Fabricacion Espanola Made in Spain d'occasion<\/li>\n<li><del>Filarmonica 13 Inoxidable Jose Monserrat Pou Fabricacion Espanola Made in Spain d'occasion<\/del><\/li>\n<li><del>NOS Filarmonica 13 Inoxidable Jose Monserrat Pou Fabricacion Espanola Made in Spain<\/del><\/li>\n<li><del>Filarmonica 13 Inoxidable Jose Monserrat Pou Fabricacion Espanola Made in Spain d'occasion<\/del><\/li>\n<li><del>Filarmonica 13 Double Temple Fabricacion Espanola Made in Spain\u00a0\u00a0<\/del> Vendu<\/li>\n<li>Filarmonica 13 Medallen Taurink Fabricacion Espanola Made in Spain grind demi-creux d'occasion<\/li>\n<li>Filarmonica 14 Jose Monserrat Pou d'occasion. Le pinot a des fossettes<\/li>\n<li><del>Filarmonica 13 Sub Cero Jose Monserrat Pou Fabricacion Espanola Made in Spain d'occasion<\/del><\/li>\n<li>Filarmonica 13 Double Temple Fabricacion Espanola Made in Spain<\/li>\n<li><del>Filarmonica 13T Especial para barbas duras (Filarmonica 13T sp\u00e9cial pour les barbes dures)<\/del> Vendu<\/li>\n<\/ol>\n<p>Les num\u00e9ros 1 et 3 font 20 mm de large, tous les autres environ 19 mm.<\/p>","protected":false},"featured_media":1592,"comment_status":"open","ping_status":"closed","template":"","meta":[],"product_brand":[],"product_cat":[23],"product_tag":[167],"class_list":{"0":"post-1585","1":"product","2":"type-product","3":"status-publish","4":"has-post-thumbnail","6":"product_cat-razors","7":"product_tag-filarmonica","8":"product_shipping_class-light","10":"first","11":"instock","12":"sale","13":"sold-individually","14":"shipping-taxable","15":"purchasable","16":"product-type-variable"},"_links":{"self":[{"href":"https:\/\/jnats.eu\/fr\/wp-json\/wp\/v2\/product\/1585","targetHints":{"allow":["GET"]}}],"collection":[{"href":"https:\/\/jnats.eu\/fr\/wp-json\/wp\/v2\/product"}],"about":[{"href":"https:\/\/jnats.eu\/fr\/wp-json\/wp\/v2\/types\/product"}],"replies":[{"embeddable":true,"href":"https:\/\/jnats.eu\/fr\/wp-json\/wp\/v2\/comments?post=1585"}],"wp:featuredmedia":[{"embeddable":true,"href":"https:\/\/jnats.eu\/fr\/wp-json\/wp\/v2\/media\/1592"}],"wp:attachment":[{"href":"https:\/\/jnats.eu\/fr\/wp-json\/wp\/v2\/media?parent=1585"}],"wp:term":[{"taxonomy":"product_brand","embeddable":true,"href":"https:\/\/jnats.eu\/fr\/wp-json\/wp\/v2\/product_brand?post=1585"},{"taxonomy":"product_cat","embeddable":true,"href":"https:\/\/jnats.eu\/fr\/wp-json\/wp\/v2\/product_cat?post=1585"},{"taxonomy":"product_tag","embeddable":true,"href":"https:\/\/jnats.eu\/fr\/wp-json\/wp\/v2\/product_tag?post=1585"}],"curies":[{"name":"wp","href":"https:\/\/api.w.org\/{rel}","templated":true}]}}