{"id":159,"date":"2024-02-22T09:52:19","date_gmt":"2024-02-22T07:52:19","guid":{"rendered":"http:\/\/jnats.eu\/?post_type=product&#038;p=159"},"modified":"2024-11-12T09:42:38","modified_gmt":"2024-11-12T07:42:38","slug":"mine-nakayama-asagi-kato","status":"publish","type":"product","link":"https:\/\/jnats.eu\/fr\/produit-2\/mine-nakayama-asagi-kato\/","title":{"rendered":"Nakayama Asagi Kato Mine pierre \u00e0 aiguiser naturelle japonaise"},"content":{"rendered":"<ul class=\"wp-block-list\">\n<li><strong>Duret\u00e9 : Lv 4,8<\/strong><\/li>\n\n\n\n<li><strong>Dimensions : 167x50x37 mm<\/strong><\/li>\n\n\n\n<li><strong>Poids (avec support) : 1140 g<\/strong><\/li>\n\n\n\n<li><strong>Une pierre dure avec une structure homog\u00e8ne. Les lignes sont totalement s\u00fbres et ne se sentent pas du tout lors de l'aiguisage. Parfaite pour la finition des couteaux, des outils de menuiserie et autres.&nbsp;<\/strong><\/li>\n<\/ul>\n\n\n\n<p>La mine de Kato est r\u00e9put\u00e9e pour ses pierres de qualit\u00e9 sup\u00e9rieure portant la marque Maruka \u32d5. Nakayama Asagi est une pierre japonaise authentique et de qualit\u00e9, cr\u00e9\u00e9e \u00e0 partir de roches soigneusement s\u00e9lectionn\u00e9es pr\u00e9sentant des propri\u00e9t\u00e9s d'aff\u00fbtage particuli\u00e8res et une texture attrayante. Cette pierre est le choix parfait pour les artisans exp\u00e9riment\u00e9s et les novices qui recherchent des r\u00e9sultats d'aiguisage de la plus haute qualit\u00e9.<\/p>\n\n\n\n<p>Nakayama Asagi n'est pas seulement une pierre, mais aussi une \u0153uvre d'art qui vous plongera dans le monde de l'artisanat japonais. Achetez cette pierre unique et de haute qualit\u00e9 et d\u00e9couvrez la magie de l'aiguisage japonais \u00e0 chaque coupe !<\/p>","protected":false},"excerpt":{"rendered":"<ul>\n<li><strong>Duret\u00e9 : Lv 4,8<\/strong><\/li>\n<li><strong>Dimensions : 167x50x37 mm<\/strong><\/li>\n<li><strong>Poids (avec support) : 1140 g<\/strong><\/li>\n<li><strong>Une pierre dure avec une structure homog\u00e8ne. Les lignes sont totalement s\u00fbres et ne se sentent pas du tout lors de l'aiguisage. Parfaite pour la finition des couteaux, des outils de menuiserie et autres.\u00a0<\/strong><\/li>\n<\/ul>","protected":false},"featured_media":1228,"comment_status":"open","ping_status":"closed","template":"","meta":[],"product_brand":[],"product_cat":[22],"product_tag":[49],"class_list":{"0":"post-159","1":"product","2":"type-product","3":"status-publish","4":"has-post-thumbnail","6":"product_cat-jnats","7":"product_tag-nakayama","8":"product_shipping_class-iprastas","10":"first","11":"outofstock","12":"shipping-taxable","13":"purchasable","14":"product-type-simple"},"_links":{"self":[{"href":"https:\/\/jnats.eu\/fr\/wp-json\/wp\/v2\/product\/159","targetHints":{"allow":["GET"]}}],"collection":[{"href":"https:\/\/jnats.eu\/fr\/wp-json\/wp\/v2\/product"}],"about":[{"href":"https:\/\/jnats.eu\/fr\/wp-json\/wp\/v2\/types\/product"}],"replies":[{"embeddable":true,"href":"https:\/\/jnats.eu\/fr\/wp-json\/wp\/v2\/comments?post=159"}],"wp:featuredmedia":[{"embeddable":true,"href":"https:\/\/jnats.eu\/fr\/wp-json\/wp\/v2\/media\/1228"}],"wp:attachment":[{"href":"https:\/\/jnats.eu\/fr\/wp-json\/wp\/v2\/media?parent=159"}],"wp:term":[{"taxonomy":"product_brand","embeddable":true,"href":"https:\/\/jnats.eu\/fr\/wp-json\/wp\/v2\/product_brand?post=159"},{"taxonomy":"product_cat","embeddable":true,"href":"https:\/\/jnats.eu\/fr\/wp-json\/wp\/v2\/product_cat?post=159"},{"taxonomy":"product_tag","embeddable":true,"href":"https:\/\/jnats.eu\/fr\/wp-json\/wp\/v2\/product_tag?post=159"}],"curies":[{"name":"wp","href":"https:\/\/api.w.org\/{rel}","templated":true}]}}